{"id":1246,"date":"2023-07-24T11:42:36","date_gmt":"2023-07-24T08:42:36","guid":{"rendered":"https:\/\/otomed.az\/?post_type=product&#038;p=1246"},"modified":"2023-07-31T16:29:24","modified_gmt":"2023-07-31T13:29:24","slug":"xceed-3-bte-sp-13-2-4g","status":"publish","type":"product","link":"https:\/\/otomed.az\/ru\/product\/xceed-3-bte-sp-13-2-4g\/","title":{"rendered":"Oticon XCEED 3 BTE SP 13 2.4G"},"content":{"rendered":"<p>\u018fn y\u00fcks\u0259k\u00a0 s\u0259viyy\u0259li x\u00fcsusiyy\u0259tl\u0259rl\u0259 v\u0259 funksiyalarla olan g\u00fccl\u00fc qulaqarxas\u0131 r\u0259g\u0259msal e\u015fitm\u0259 cihaz\u0131.Rahat istifad\u0259 \u00fc\u00e7\u00fcn s\u0259s v\u0259 proqram d\u0259yi\u015fikliyi \u00fc\u00e7\u00fcn n\u0259z\u0259rd\u0259 tutulmu\u015f d\u00fcym\u0259 m\u00f6vcuddur.<\/p>\n<p><strong>Open Sound Navigator <\/strong>funksiyas\u0131 \u0259traf m\u00fchiti t\u0259hlil etm\u0259kl\u0259,f\u0259rdi s\u0259s m\u0259nb\u0259l\u0259rini balansla\u015fd\u0131rmaqla v\u0259 fon s\u0259s-k\u00fcy\u00fcn\u00fc bo\u011fmaqla,istifad\u0259\u00e7il\u0259rl\u0259 \u00e7\u0259tin akustik v\u0259ziyy\u0259tl\u0259rd\u0259 bel\u0259 nitqi ba\u015fa d\u00fc\u015fm\u0259y\u0259 k\u00f6m\u0259k edir.<\/p>\n<p><strong>Open Sound<\/strong> funksiyas\u0131 \u0259ks-\u0259laq\u0259nin qar\u015f\u0131s\u0131n\u0131 almaqla v\u0259 istifad\u0259\u00e7il\u0259r\u0259 iddia etdikl\u0259rini g\u00fccl\u0259ndirm\u0259ni \u0259ld\u0259 etm\u0259y\u0259 imkan verm\u0259kl\u0259 h\u0259m dinl\u0259m\u0259 keyfiyy\u0259tini,h\u0259m d\u0259 rahatl\u0131\u011f\u0131 art\u0131r\u0131r.<\/p>\n<p>Oticon Xceed 3 BTE SP e\u015fitm\u0259 cihazlar\u0131 Iphone \u00fc\u00e7\u00fcn haz\u0131rlanm\u0131\u015f cihazlard\u0131r.H\u0259m\u00e7inin <strong>ConnectClip <\/strong>istifad\u0259 ed\u0259r\u0259k ist\u0259nil\u0259n m\u00fcasir smartfona simsiz (naqilsiz)\u00a0 qo\u015fulmaq imkan\u0131na malikdir.<\/p>\n<p>Oticon Xceed g\u0259l\u0259c\u0259k mikroproqram t\u0259kmill\u0259\u015fdirm\u0259l\u0259rini d\u0259st\u0259kl\u0259y\u0259n proqramla\u015fd\u0131r\u0131la bil\u0259n proqram t\u0259minat\u0131 arxitekturas\u0131ndan istifad\u0259 ed\u0259r\u0259k innovativ v\u0259 g\u00fccl\u00fc Velox S platformas\u0131 \u00fcz\u0259rind\u0259 qurulub.<\/p>\n<p>Oticon Xceed iPhone e\u015fitm\u0259 cihazlar\u0131 \u00fc\u00e7\u00fcn haz\u0131rlanm\u0131\u015fd\u0131r v\u0259 h\u0259m\u00e7inin <strong>ConnectClip<\/strong> istifad\u0259 ed\u0259r\u0259k ist\u0259nil\u0259n m\u00fcasir smartfona simsiz qo\u015fulmaq imkan\u0131na malikdir.<\/p>\n","protected":false},"excerpt":{"rendered":"<p>\u018fn y\u00fcks\u0259k\u00a0 s\u0259viyy\u0259li x\u00fcsusiyy\u0259tl\u0259rl\u0259 v\u0259 funksiyalarla olan g\u00fccl\u00fc qulaqarxas\u0131 r\u0259g\u0259msal e\u015fitm\u0259 cihaz\u0131.Rahat istifad\u0259 \u00fc\u00e7\u00fcn s\u0259s v\u0259 proqram d\u0259yi\u015fikliyi \u00fc\u00e7\u00fcn n\u0259z\u0259rd\u0259 tutulmu\u015f d\u00fcym\u0259 m\u00f6vcuddur. Open Sound Navigator funksiyas\u0131 \u0259traf m\u00fchiti t\u0259hlil etm\u0259kl\u0259,f\u0259rdi s\u0259s m\u0259nb\u0259l\u0259rini balansla\u015fd\u0131rmaqla v\u0259 fon s\u0259s-k\u00fcy\u00fcn\u00fc bo\u011fmaqla,istifad\u0259\u00e7il\u0259rl\u0259 \u00e7\u0259tin akustik v\u0259ziyy\u0259tl\u0259rd\u0259 bel\u0259 nitqi ba\u015fa d\u00fc\u015fm\u0259y\u0259 k\u00f6m\u0259k edir. Open Sound funksiyas\u0131 \u0259ks-\u0259laq\u0259nin qar\u015f\u0131s\u0131n\u0131 almaqla v\u0259 istifad\u0259\u00e7il\u0259r\u0259 [&hellip;]<\/p>\n","protected":false},"featured_media":1247,"comment_status":"open","ping_status":"closed","template":"","meta":{"_joinchat":[]},"product_cat":[51],"product_tag":[],"yoast_head":"<!-- This site is optimized with the Yoast SEO plugin v21.1 - https:\/\/yoast.com\/wordpress\/plugins\/seo\/ -->\n<title>Oticon XCEED 3 BTE SP 13 2.4G - Otomed<\/title>\n<meta name=\"robots\" content=\"index, follow, max-snippet:-1, max-image-preview:large, max-video-preview:-1\" \/>\n<link rel=\"canonical\" href=\"https:\/\/otomed.az\/product\/xceed-3-bte-sp-13-2-4g\/\" \/>\n<meta property=\"og:locale\" content=\"ru_RU\" \/>\n<meta property=\"og:type\" content=\"article\" \/>\n<meta property=\"og:title\" content=\"Oticon XCEED 3 BTE SP 13 2.4G - Otomed\" \/>\n<meta property=\"og:description\" content=\"\u018fn y\u00fcks\u0259k\u00a0 s\u0259viyy\u0259li x\u00fcsusiyy\u0259tl\u0259rl\u0259 v\u0259 funksiyalarla olan g\u00fccl\u00fc qulaqarxas\u0131 r\u0259g\u0259msal e\u015fitm\u0259 cihaz\u0131.Rahat istifad\u0259 \u00fc\u00e7\u00fcn s\u0259s v\u0259 proqram d\u0259yi\u015fikliyi \u00fc\u00e7\u00fcn n\u0259z\u0259rd\u0259 tutulmu\u015f d\u00fcym\u0259 m\u00f6vcuddur. Open Sound Navigator funksiyas\u0131 \u0259traf m\u00fchiti t\u0259hlil etm\u0259kl\u0259,f\u0259rdi s\u0259s m\u0259nb\u0259l\u0259rini balansla\u015fd\u0131rmaqla v\u0259 fon s\u0259s-k\u00fcy\u00fcn\u00fc bo\u011fmaqla,istifad\u0259\u00e7il\u0259rl\u0259 \u00e7\u0259tin akustik v\u0259ziyy\u0259tl\u0259rd\u0259 bel\u0259 nitqi ba\u015fa d\u00fc\u015fm\u0259y\u0259 k\u00f6m\u0259k edir. Open Sound funksiyas\u0131 \u0259ks-\u0259laq\u0259nin qar\u015f\u0131s\u0131n\u0131 almaqla v\u0259 istifad\u0259\u00e7il\u0259r\u0259 [&hellip;]\" \/>\n<meta property=\"og:url\" content=\"https:\/\/otomed.az\/product\/xceed-3-bte-sp-13-2-4g\/\" \/>\n<meta property=\"og:site_name\" content=\"Otomed\" \/>\n<meta property=\"article:modified_time\" content=\"2023-07-31T13:29:24+00:00\" \/>\n<meta property=\"og:image\" content=\"https:\/\/otomed.az\/wp-content\/uploads\/2023\/07\/2c1965968b598c6b2b63aab08de83cdb-500x500-1.jpg\" \/>\n\t<meta property=\"og:image:width\" content=\"500\" \/>\n\t<meta property=\"og:image:height\" content=\"500\" \/>\n\t<meta property=\"og:image:type\" content=\"image\/jpeg\" \/>\n<meta name=\"twitter:card\" content=\"summary_large_image\" \/>\n<meta name=\"twitter:label1\" content=\"\u041f\u0440\u0438\u043c\u0435\u0440\u043d\u043e\u0435 \u0432\u0440\u0435\u043c\u044f \u0434\u043b\u044f \u0447\u0442\u0435\u043d\u0438\u044f\" \/>\n\t<meta name=\"twitter:data1\" content=\"1 \u043c\u0438\u043d\u0443\u0442\u0430\" \/>\n<script type=\"application\/ld+json\" class=\"yoast-schema-graph\">{\"@context\":\"https:\/\/schema.org\",\"@graph\":[{\"@type\":\"WebPage\",\"@id\":\"https:\/\/otomed.az\/product\/xceed-3-bte-sp-13-2-4g\/\",\"url\":\"https:\/\/otomed.az\/product\/xceed-3-bte-sp-13-2-4g\/\",\"name\":\"Oticon XCEED 3 BTE SP 13 2.4G - Otomed\",\"isPartOf\":{\"@id\":\"https:\/\/otomed.az\/#website\"},\"datePublished\":\"2023-07-24T08:42:36+00:00\",\"dateModified\":\"2023-07-31T13:29:24+00:00\",\"breadcrumb\":{\"@id\":\"https:\/\/otomed.az\/product\/xceed-3-bte-sp-13-2-4g\/#breadcrumb\"},\"inLanguage\":\"ru-RU\",\"potentialAction\":[{\"@type\":\"ReadAction\",\"target\":[\"https:\/\/otomed.az\/product\/xceed-3-bte-sp-13-2-4g\/\"]}]},{\"@type\":\"BreadcrumbList\",\"@id\":\"https:\/\/otomed.az\/product\/xceed-3-bte-sp-13-2-4g\/#breadcrumb\",\"itemListElement\":[{\"@type\":\"ListItem\",\"position\":1,\"name\":\"\u0413\u043b\u0430\u0432\u043d\u0430\u044f \u0441\u0442\u0440\u0430\u043d\u0438\u0446\u0430\",\"item\":\"https:\/\/otomed.az\/ru\/\"},{\"@type\":\"ListItem\",\"position\":2,\"name\":\"Products\",\"item\":\"https:\/\/otomed.az\/shop\/\"},{\"@type\":\"ListItem\",\"position\":3,\"name\":\"Oticon XCEED 3 BTE SP 13 2.4G\"}]},{\"@type\":\"WebSite\",\"@id\":\"https:\/\/otomed.az\/#website\",\"url\":\"https:\/\/otomed.az\/\",\"name\":\"Otomed\",\"description\":\"\",\"publisher\":{\"@id\":\"https:\/\/otomed.az\/#organization\"},\"potentialAction\":[{\"@type\":\"SearchAction\",\"target\":{\"@type\":\"EntryPoint\",\"urlTemplate\":\"https:\/\/otomed.az\/?s={search_term_string}\"},\"query-input\":\"required name=search_term_string\"}],\"inLanguage\":\"ru-RU\"},{\"@type\":\"Organization\",\"@id\":\"https:\/\/otomed.az\/#organization\",\"name\":\"Otomed\",\"url\":\"https:\/\/otomed.az\/\",\"logo\":{\"@type\":\"ImageObject\",\"inLanguage\":\"ru-RU\",\"@id\":\"https:\/\/otomed.az\/#\/schema\/logo\/image\/\",\"url\":\"https:\/\/otomed.az\/wp-content\/uploads\/2022\/12\/logo.png\",\"contentUrl\":\"https:\/\/otomed.az\/wp-content\/uploads\/2022\/12\/logo.png\",\"width\":1340,\"height\":300,\"caption\":\"Otomed\"},\"image\":{\"@id\":\"https:\/\/otomed.az\/#\/schema\/logo\/image\/\"}}]}<\/script>\n<!-- \/ Yoast SEO plugin. -->","yoast_head_json":{"title":"Oticon XCEED 3 BTE SP 13 2.4G - Otomed","robots":{"index":"index","follow":"follow","max-snippet":"max-snippet:-1","max-image-preview":"max-image-preview:large","max-video-preview":"max-video-preview:-1"},"canonical":"https:\/\/otomed.az\/product\/xceed-3-bte-sp-13-2-4g\/","og_locale":"ru_RU","og_type":"article","og_title":"Oticon XCEED 3 BTE SP 13 2.4G - Otomed","og_description":"\u018fn y\u00fcks\u0259k\u00a0 s\u0259viyy\u0259li x\u00fcsusiyy\u0259tl\u0259rl\u0259 v\u0259 funksiyalarla olan g\u00fccl\u00fc qulaqarxas\u0131 r\u0259g\u0259msal e\u015fitm\u0259 cihaz\u0131.Rahat istifad\u0259 \u00fc\u00e7\u00fcn s\u0259s v\u0259 proqram d\u0259yi\u015fikliyi \u00fc\u00e7\u00fcn n\u0259z\u0259rd\u0259 tutulmu\u015f d\u00fcym\u0259 m\u00f6vcuddur. Open Sound Navigator funksiyas\u0131 \u0259traf m\u00fchiti t\u0259hlil etm\u0259kl\u0259,f\u0259rdi s\u0259s m\u0259nb\u0259l\u0259rini balansla\u015fd\u0131rmaqla v\u0259 fon s\u0259s-k\u00fcy\u00fcn\u00fc bo\u011fmaqla,istifad\u0259\u00e7il\u0259rl\u0259 \u00e7\u0259tin akustik v\u0259ziyy\u0259tl\u0259rd\u0259 bel\u0259 nitqi ba\u015fa d\u00fc\u015fm\u0259y\u0259 k\u00f6m\u0259k edir. Open Sound funksiyas\u0131 \u0259ks-\u0259laq\u0259nin qar\u015f\u0131s\u0131n\u0131 almaqla v\u0259 istifad\u0259\u00e7il\u0259r\u0259 [&hellip;]","og_url":"https:\/\/otomed.az\/product\/xceed-3-bte-sp-13-2-4g\/","og_site_name":"Otomed","article_modified_time":"2023-07-31T13:29:24+00:00","og_image":[{"width":500,"height":500,"url":"https:\/\/otomed.az\/wp-content\/uploads\/2023\/07\/2c1965968b598c6b2b63aab08de83cdb-500x500-1.jpg","type":"image\/jpeg"}],"twitter_card":"summary_large_image","twitter_misc":{"\u041f\u0440\u0438\u043c\u0435\u0440\u043d\u043e\u0435 \u0432\u0440\u0435\u043c\u044f \u0434\u043b\u044f \u0447\u0442\u0435\u043d\u0438\u044f":"1 \u043c\u0438\u043d\u0443\u0442\u0430"},"schema":{"@context":"https:\/\/schema.org","@graph":[{"@type":"WebPage","@id":"https:\/\/otomed.az\/product\/xceed-3-bte-sp-13-2-4g\/","url":"https:\/\/otomed.az\/product\/xceed-3-bte-sp-13-2-4g\/","name":"Oticon XCEED 3 BTE SP 13 2.4G - Otomed","isPartOf":{"@id":"https:\/\/otomed.az\/#website"},"datePublished":"2023-07-24T08:42:36+00:00","dateModified":"2023-07-31T13:29:24+00:00","breadcrumb":{"@id":"https:\/\/otomed.az\/product\/xceed-3-bte-sp-13-2-4g\/#breadcrumb"},"inLanguage":"ru-RU","potentialAction":[{"@type":"ReadAction","target":["https:\/\/otomed.az\/product\/xceed-3-bte-sp-13-2-4g\/"]}]},{"@type":"BreadcrumbList","@id":"https:\/\/otomed.az\/product\/xceed-3-bte-sp-13-2-4g\/#breadcrumb","itemListElement":[{"@type":"ListItem","position":1,"name":"\u0413\u043b\u0430\u0432\u043d\u0430\u044f \u0441\u0442\u0440\u0430\u043d\u0438\u0446\u0430","item":"https:\/\/otomed.az\/ru\/"},{"@type":"ListItem","position":2,"name":"Products","item":"https:\/\/otomed.az\/shop\/"},{"@type":"ListItem","position":3,"name":"Oticon XCEED 3 BTE SP 13 2.4G"}]},{"@type":"WebSite","@id":"https:\/\/otomed.az\/#website","url":"https:\/\/otomed.az\/","name":"Otomed","description":"","publisher":{"@id":"https:\/\/otomed.az\/#organization"},"potentialAction":[{"@type":"SearchAction","target":{"@type":"EntryPoint","urlTemplate":"https:\/\/otomed.az\/?s={search_term_string}"},"query-input":"required name=search_term_string"}],"inLanguage":"ru-RU"},{"@type":"Organization","@id":"https:\/\/otomed.az\/#organization","name":"Otomed","url":"https:\/\/otomed.az\/","logo":{"@type":"ImageObject","inLanguage":"ru-RU","@id":"https:\/\/otomed.az\/#\/schema\/logo\/image\/","url":"https:\/\/otomed.az\/wp-content\/uploads\/2022\/12\/logo.png","contentUrl":"https:\/\/otomed.az\/wp-content\/uploads\/2022\/12\/logo.png","width":1340,"height":300,"caption":"Otomed"},"image":{"@id":"https:\/\/otomed.az\/#\/schema\/logo\/image\/"}}]}},"_links":{"self":[{"href":"https:\/\/otomed.az\/ru\/wp-json\/wp\/v2\/product\/1246"}],"collection":[{"href":"https:\/\/otomed.az\/ru\/wp-json\/wp\/v2\/product"}],"about":[{"href":"https:\/\/otomed.az\/ru\/wp-json\/wp\/v2\/types\/product"}],"replies":[{"embeddable":true,"href":"https:\/\/otomed.az\/ru\/wp-json\/wp\/v2\/comments?post=1246"}],"wp:featuredmedia":[{"embeddable":true,"href":"https:\/\/otomed.az\/ru\/wp-json\/wp\/v2\/media\/1247"}],"wp:attachment":[{"href":"https:\/\/otomed.az\/ru\/wp-json\/wp\/v2\/media?parent=1246"}],"wp:term":[{"taxonomy":"product_cat","embeddable":true,"href":"https:\/\/otomed.az\/ru\/wp-json\/wp\/v2\/product_cat?post=1246"},{"taxonomy":"product_tag","embeddable":true,"href":"https:\/\/otomed.az\/ru\/wp-json\/wp\/v2\/product_tag?post=1246"}],"curies":[{"name":"wp","href":"https:\/\/api.w.org\/{rel}","templated":true}]}}