{"id":1251,"date":"2023-07-24T15:57:13","date_gmt":"2023-07-24T12:57:13","guid":{"rendered":"https:\/\/otomed.az\/?post_type=product&#038;p=1251"},"modified":"2023-07-31T14:35:34","modified_gmt":"2023-07-31T11:35:34","slug":"resound-key-262","status":"publish","type":"product","link":"https:\/\/otomed.az\/ru\/product\/resound-key-262\/","title":{"rendered":"ReSound Key 262"},"content":{"rendered":"<p>Premium texnologiya il\u0259 giri\u015f s\u0259viyy\u0259li seqmentd\u0259 uzaqdan q\u0259buledici (RIE) standart texnologiyas\u0131 il\u0259 miniat\u00fcr r\u0259q\u0259msal qulaq arxas\u0131 e\u015fitm\u0259 cihaz\u0131. 13 batareya il\u0259 i\u015fl\u0259yir. \u0130st\u0259nil\u0259n g\u00fcc n\u00f6v\u00fc \u00fc\u00e7\u00fcn d\u0259yi\u015fdiril\u0259 bil\u0259n q\u0259buledici se\u00e7m\u0259k qabiliyy\u0259tin\u0259 malikdir.<\/p>\n<p>Uzaqdan q\u0259buledici (RIE) olan \u00a0Key262-DRW e\u015fitm\u0259 cihazlar\u0131 orta d\u0259r\u0259c\u0259d\u0259 aktiv h\u0259yat t\u0259rzi ke\u00e7ir\u0259n istifad\u0259\u00e7il\u0259r \u00fc\u00e7\u00fcn uy\u011fundur. Onlar\u0131n simsiz \u0259laq\u0259si, z\u0259rif dizayn\u0131 v\u0259 y\u00fcks\u0259k keyfiyy\u0259tli s\u0259si var.<\/p>\n<p>ReSound \u00a0Ke 262 \u00a0modell\u0259rinin \u0259sas x\u00fcsusiyy\u0259tl\u0259ri:<\/p>\n<p>orta s\u0259s-k\u00fcyl\u00fc akustik v\u0259ziyy\u0259tl\u0259rd\u0259 istifad\u0259 \u00fc\u00e7\u00fcn n\u0259z\u0259rd\u0259 tutulmu\u015fdur;<\/p>\n<p>B\u00fct\u00fcn ReSound Unite simsiz aksesuarlar\u0131 v\u0259 ReSound Control proqram\u0131 il\u0259 uy\u011fun g\u0259lir<\/p>\n<p>Tinnitus Generatoru var;<\/p>\n<p>qulaqda q\u0259buledici e\u015fitm\u0259 cihazlar\u0131 v\u0259 qulaq arxas\u0131 miniat\u00fcr modell\u0259ri m\u00f6vcuddur.<\/p>\n","protected":false},"excerpt":{"rendered":"<p>Premium texnologiya il\u0259 giri\u015f s\u0259viyy\u0259li seqmentd\u0259 uzaqdan q\u0259buledici (RIE) standart texnologiyas\u0131 il\u0259 miniat\u00fcr r\u0259q\u0259msal qulaq arxas\u0131 e\u015fitm\u0259 cihaz\u0131. 13 batareya il\u0259 i\u015fl\u0259yir. \u0130st\u0259nil\u0259n g\u00fcc n\u00f6v\u00fc \u00fc\u00e7\u00fcn d\u0259yi\u015fdiril\u0259 bil\u0259n q\u0259buledici se\u00e7m\u0259k qabiliyy\u0259tin\u0259 malikdir. Uzaqdan q\u0259buledici (RIE) olan \u00a0Key262-DRW e\u015fitm\u0259 cihazlar\u0131 orta d\u0259r\u0259c\u0259d\u0259 aktiv h\u0259yat t\u0259rzi ke\u00e7ir\u0259n istifad\u0259\u00e7il\u0259r \u00fc\u00e7\u00fcn uy\u011fundur. Onlar\u0131n simsiz \u0259laq\u0259si, z\u0259rif dizayn\u0131 v\u0259 y\u00fcks\u0259k [&hellip;]<\/p>\n","protected":false},"featured_media":1252,"comment_status":"open","ping_status":"closed","template":"","meta":{"_joinchat":[]},"product_cat":[51],"product_tag":[],"yoast_head":"<!-- This site is optimized with the Yoast SEO plugin v21.1 - https:\/\/yoast.com\/wordpress\/plugins\/seo\/ -->\n<title>ReSound Key 262 - Otomed<\/title>\n<meta name=\"robots\" content=\"index, follow, max-snippet:-1, max-image-preview:large, max-video-preview:-1\" \/>\n<link rel=\"canonical\" href=\"https:\/\/otomed.az\/product\/resound-key-262\/\" \/>\n<meta property=\"og:locale\" content=\"ru_RU\" \/>\n<meta property=\"og:type\" content=\"article\" \/>\n<meta property=\"og:title\" content=\"ReSound Key 262 - Otomed\" \/>\n<meta property=\"og:description\" content=\"Premium texnologiya il\u0259 giri\u015f s\u0259viyy\u0259li seqmentd\u0259 uzaqdan q\u0259buledici (RIE) standart texnologiyas\u0131 il\u0259 miniat\u00fcr r\u0259q\u0259msal qulaq arxas\u0131 e\u015fitm\u0259 cihaz\u0131. 13 batareya il\u0259 i\u015fl\u0259yir. \u0130st\u0259nil\u0259n g\u00fcc n\u00f6v\u00fc \u00fc\u00e7\u00fcn d\u0259yi\u015fdiril\u0259 bil\u0259n q\u0259buledici se\u00e7m\u0259k qabiliyy\u0259tin\u0259 malikdir. Uzaqdan q\u0259buledici (RIE) olan \u00a0Key262-DRW e\u015fitm\u0259 cihazlar\u0131 orta d\u0259r\u0259c\u0259d\u0259 aktiv h\u0259yat t\u0259rzi ke\u00e7ir\u0259n istifad\u0259\u00e7il\u0259r \u00fc\u00e7\u00fcn uy\u011fundur. Onlar\u0131n simsiz \u0259laq\u0259si, z\u0259rif dizayn\u0131 v\u0259 y\u00fcks\u0259k [&hellip;]\" \/>\n<meta property=\"og:url\" content=\"https:\/\/otomed.az\/product\/resound-key-262\/\" \/>\n<meta property=\"og:site_name\" content=\"Otomed\" \/>\n<meta property=\"article:modified_time\" content=\"2023-07-31T11:35:34+00:00\" \/>\n<meta property=\"og:image\" content=\"https:\/\/otomed.az\/wp-content\/uploads\/2023\/07\/Resound-Key_62-BLK.png\" \/>\n\t<meta property=\"og:image:width\" content=\"512\" \/>\n\t<meta property=\"og:image:height\" content=\"512\" \/>\n\t<meta property=\"og:image:type\" content=\"image\/png\" \/>\n<meta name=\"twitter:card\" content=\"summary_large_image\" \/>\n<meta name=\"twitter:label1\" content=\"\u041f\u0440\u0438\u043c\u0435\u0440\u043d\u043e\u0435 \u0432\u0440\u0435\u043c\u044f \u0434\u043b\u044f \u0447\u0442\u0435\u043d\u0438\u044f\" \/>\n\t<meta name=\"twitter:data1\" content=\"1 \u043c\u0438\u043d\u0443\u0442\u0430\" \/>\n<script type=\"application\/ld+json\" class=\"yoast-schema-graph\">{\"@context\":\"https:\/\/schema.org\",\"@graph\":[{\"@type\":\"WebPage\",\"@id\":\"https:\/\/otomed.az\/product\/resound-key-262\/\",\"url\":\"https:\/\/otomed.az\/product\/resound-key-262\/\",\"name\":\"ReSound Key 262 - Otomed\",\"isPartOf\":{\"@id\":\"https:\/\/otomed.az\/#website\"},\"datePublished\":\"2023-07-24T12:57:13+00:00\",\"dateModified\":\"2023-07-31T11:35:34+00:00\",\"breadcrumb\":{\"@id\":\"https:\/\/otomed.az\/product\/resound-key-262\/#breadcrumb\"},\"inLanguage\":\"ru-RU\",\"potentialAction\":[{\"@type\":\"ReadAction\",\"target\":[\"https:\/\/otomed.az\/product\/resound-key-262\/\"]}]},{\"@type\":\"BreadcrumbList\",\"@id\":\"https:\/\/otomed.az\/product\/resound-key-262\/#breadcrumb\",\"itemListElement\":[{\"@type\":\"ListItem\",\"position\":1,\"name\":\"\u0413\u043b\u0430\u0432\u043d\u0430\u044f \u0441\u0442\u0440\u0430\u043d\u0438\u0446\u0430\",\"item\":\"https:\/\/otomed.az\/ru\/\"},{\"@type\":\"ListItem\",\"position\":2,\"name\":\"Products\",\"item\":\"https:\/\/otomed.az\/shop\/\"},{\"@type\":\"ListItem\",\"position\":3,\"name\":\"ReSound Key 262\"}]},{\"@type\":\"WebSite\",\"@id\":\"https:\/\/otomed.az\/#website\",\"url\":\"https:\/\/otomed.az\/\",\"name\":\"Otomed\",\"description\":\"\",\"publisher\":{\"@id\":\"https:\/\/otomed.az\/#organization\"},\"potentialAction\":[{\"@type\":\"SearchAction\",\"target\":{\"@type\":\"EntryPoint\",\"urlTemplate\":\"https:\/\/otomed.az\/?s={search_term_string}\"},\"query-input\":\"required name=search_term_string\"}],\"inLanguage\":\"ru-RU\"},{\"@type\":\"Organization\",\"@id\":\"https:\/\/otomed.az\/#organization\",\"name\":\"Otomed\",\"url\":\"https:\/\/otomed.az\/\",\"logo\":{\"@type\":\"ImageObject\",\"inLanguage\":\"ru-RU\",\"@id\":\"https:\/\/otomed.az\/#\/schema\/logo\/image\/\",\"url\":\"https:\/\/otomed.az\/wp-content\/uploads\/2022\/12\/logo.png\",\"contentUrl\":\"https:\/\/otomed.az\/wp-content\/uploads\/2022\/12\/logo.png\",\"width\":1340,\"height\":300,\"caption\":\"Otomed\"},\"image\":{\"@id\":\"https:\/\/otomed.az\/#\/schema\/logo\/image\/\"}}]}<\/script>\n<!-- \/ Yoast SEO plugin. -->","yoast_head_json":{"title":"ReSound Key 262 - Otomed","robots":{"index":"index","follow":"follow","max-snippet":"max-snippet:-1","max-image-preview":"max-image-preview:large","max-video-preview":"max-video-preview:-1"},"canonical":"https:\/\/otomed.az\/product\/resound-key-262\/","og_locale":"ru_RU","og_type":"article","og_title":"ReSound Key 262 - Otomed","og_description":"Premium texnologiya il\u0259 giri\u015f s\u0259viyy\u0259li seqmentd\u0259 uzaqdan q\u0259buledici (RIE) standart texnologiyas\u0131 il\u0259 miniat\u00fcr r\u0259q\u0259msal qulaq arxas\u0131 e\u015fitm\u0259 cihaz\u0131. 13 batareya il\u0259 i\u015fl\u0259yir. \u0130st\u0259nil\u0259n g\u00fcc n\u00f6v\u00fc \u00fc\u00e7\u00fcn d\u0259yi\u015fdiril\u0259 bil\u0259n q\u0259buledici se\u00e7m\u0259k qabiliyy\u0259tin\u0259 malikdir. Uzaqdan q\u0259buledici (RIE) olan \u00a0Key262-DRW e\u015fitm\u0259 cihazlar\u0131 orta d\u0259r\u0259c\u0259d\u0259 aktiv h\u0259yat t\u0259rzi ke\u00e7ir\u0259n istifad\u0259\u00e7il\u0259r \u00fc\u00e7\u00fcn uy\u011fundur. Onlar\u0131n simsiz \u0259laq\u0259si, z\u0259rif dizayn\u0131 v\u0259 y\u00fcks\u0259k [&hellip;]","og_url":"https:\/\/otomed.az\/product\/resound-key-262\/","og_site_name":"Otomed","article_modified_time":"2023-07-31T11:35:34+00:00","og_image":[{"width":512,"height":512,"url":"https:\/\/otomed.az\/wp-content\/uploads\/2023\/07\/Resound-Key_62-BLK.png","type":"image\/png"}],"twitter_card":"summary_large_image","twitter_misc":{"\u041f\u0440\u0438\u043c\u0435\u0440\u043d\u043e\u0435 \u0432\u0440\u0435\u043c\u044f \u0434\u043b\u044f \u0447\u0442\u0435\u043d\u0438\u044f":"1 \u043c\u0438\u043d\u0443\u0442\u0430"},"schema":{"@context":"https:\/\/schema.org","@graph":[{"@type":"WebPage","@id":"https:\/\/otomed.az\/product\/resound-key-262\/","url":"https:\/\/otomed.az\/product\/resound-key-262\/","name":"ReSound Key 262 - Otomed","isPartOf":{"@id":"https:\/\/otomed.az\/#website"},"datePublished":"2023-07-24T12:57:13+00:00","dateModified":"2023-07-31T11:35:34+00:00","breadcrumb":{"@id":"https:\/\/otomed.az\/product\/resound-key-262\/#breadcrumb"},"inLanguage":"ru-RU","potentialAction":[{"@type":"ReadAction","target":["https:\/\/otomed.az\/product\/resound-key-262\/"]}]},{"@type":"BreadcrumbList","@id":"https:\/\/otomed.az\/product\/resound-key-262\/#breadcrumb","itemListElement":[{"@type":"ListItem","position":1,"name":"\u0413\u043b\u0430\u0432\u043d\u0430\u044f \u0441\u0442\u0440\u0430\u043d\u0438\u0446\u0430","item":"https:\/\/otomed.az\/ru\/"},{"@type":"ListItem","position":2,"name":"Products","item":"https:\/\/otomed.az\/shop\/"},{"@type":"ListItem","position":3,"name":"ReSound Key 262"}]},{"@type":"WebSite","@id":"https:\/\/otomed.az\/#website","url":"https:\/\/otomed.az\/","name":"Otomed","description":"","publisher":{"@id":"https:\/\/otomed.az\/#organization"},"potentialAction":[{"@type":"SearchAction","target":{"@type":"EntryPoint","urlTemplate":"https:\/\/otomed.az\/?s={search_term_string}"},"query-input":"required name=search_term_string"}],"inLanguage":"ru-RU"},{"@type":"Organization","@id":"https:\/\/otomed.az\/#organization","name":"Otomed","url":"https:\/\/otomed.az\/","logo":{"@type":"ImageObject","inLanguage":"ru-RU","@id":"https:\/\/otomed.az\/#\/schema\/logo\/image\/","url":"https:\/\/otomed.az\/wp-content\/uploads\/2022\/12\/logo.png","contentUrl":"https:\/\/otomed.az\/wp-content\/uploads\/2022\/12\/logo.png","width":1340,"height":300,"caption":"Otomed"},"image":{"@id":"https:\/\/otomed.az\/#\/schema\/logo\/image\/"}}]}},"_links":{"self":[{"href":"https:\/\/otomed.az\/ru\/wp-json\/wp\/v2\/product\/1251"}],"collection":[{"href":"https:\/\/otomed.az\/ru\/wp-json\/wp\/v2\/product"}],"about":[{"href":"https:\/\/otomed.az\/ru\/wp-json\/wp\/v2\/types\/product"}],"replies":[{"embeddable":true,"href":"https:\/\/otomed.az\/ru\/wp-json\/wp\/v2\/comments?post=1251"}],"wp:featuredmedia":[{"embeddable":true,"href":"https:\/\/otomed.az\/ru\/wp-json\/wp\/v2\/media\/1252"}],"wp:attachment":[{"href":"https:\/\/otomed.az\/ru\/wp-json\/wp\/v2\/media?parent=1251"}],"wp:term":[{"taxonomy":"product_cat","embeddable":true,"href":"https:\/\/otomed.az\/ru\/wp-json\/wp\/v2\/product_cat?post=1251"},{"taxonomy":"product_tag","embeddable":true,"href":"https:\/\/otomed.az\/ru\/wp-json\/wp\/v2\/product_tag?post=1251"}],"curies":[{"name":"wp","href":"https:\/\/api.w.org\/{rel}","templated":true}]}}