{"id":1257,"date":"2023-07-31T15:54:07","date_gmt":"2023-07-31T12:54:07","guid":{"rendered":"https:\/\/otomed.az\/?post_type=product&#038;p=1257"},"modified":"2023-07-31T16:26:33","modified_gmt":"2023-07-31T13:26:33","slug":"resound-key-188","status":"publish","type":"product","link":"https:\/\/otomed.az\/ru\/product\/resound-key-188\/","title":{"rendered":"ReSound Key 188"},"content":{"rendered":"<p>ReSound\u00a0 KEY188-DW e\u015fitm\u0259 cihaz\u0131 aktiv sosial h\u0259yat\u0131 olan m\u00fc\u015ft\u0259ril\u0259r \u00fc\u00e7\u00fcn n\u0259z\u0259rd\u0259 tutulub. \u0130stifad\u0259si rahat, etibarl\u0131, istifad\u0259si asan v\u0259 y\u00fcks\u0259k keyfiyy\u0259tli s\u0259s t\u0259min edir. KEY 188\u00a0 miniat\u00fcr qulaq arxas\u0131 e\u015fitm\u0259 cihazlar\u0131 orta d\u0259r\u0259c\u0259d\u0259 aktiv h\u0259yat t\u0259rzi ke\u00e7ir\u0259n istifad\u0259\u00e7il\u0259r \u00fc\u00e7\u00fcn uy\u011fundur. Onlar\u0131n simsiz \u0259laq\u0259si, z\u0259rif dizayn\u0131 v\u0259 y\u00fcks\u0259k keyfiyy\u0259tli s\u0259si var.<\/p>\n<p>III &#8212; IV d\u0259r\u0259c\u0259li e\u015fitm\u0259 itkisini kompensasiya etm\u0259k \u00fc\u00e7\u00fcn istifad\u0259 edil\u0259n, \u0259sas funksional s\u0259viyy\u0259li orta g\u00fcc\u0259 malik r\u0259q\u0259msal qulaq arxas\u0131 e\u015fitm\u0259 cihaz\u0131.<\/p>\n<p>Uy\u011funluq:Aventa proqram\u0131 3.9 v\u0259 ya daha y\u00fcks\u0259k.<\/p>\n<p>T\u0259nziml\u0259m\u0259 kanallar\u0131 &#8212; maks. 4, qeyd d\u0259ft\u0259ri II, t\u0259hl\u00fck\u0259siz parametr, In Situ Audiometriya, Airlink 2 il\u0259 simsiz qura\u015fd\u0131rma, proqram ke\u00e7id d\u00fcym\u0259si, s\u0259s s\u0259viyy\u0259sin\u0259 n\u0259zar\u0259t, induksiya bobini.<\/p>\n<p>&nbsp;<\/p>\n<p>&nbsp;<\/p>\n<p>&nbsp;<\/p>\n<p>&nbsp;<\/p>\n<p>&nbsp;<\/p>\n<p>&nbsp;<\/p>\n","protected":false},"excerpt":{"rendered":"<p>ReSound\u00a0 KEY188-DW e\u015fitm\u0259 cihaz\u0131 aktiv sosial h\u0259yat\u0131 olan m\u00fc\u015ft\u0259ril\u0259r \u00fc\u00e7\u00fcn n\u0259z\u0259rd\u0259 tutulub. \u0130stifad\u0259si rahat, etibarl\u0131, istifad\u0259si asan v\u0259 y\u00fcks\u0259k keyfiyy\u0259tli s\u0259s t\u0259min edir. KEY 188\u00a0 miniat\u00fcr qulaq arxas\u0131 e\u015fitm\u0259 cihazlar\u0131 orta d\u0259r\u0259c\u0259d\u0259 aktiv h\u0259yat t\u0259rzi ke\u00e7ir\u0259n istifad\u0259\u00e7il\u0259r \u00fc\u00e7\u00fcn uy\u011fundur. Onlar\u0131n simsiz \u0259laq\u0259si, z\u0259rif dizayn\u0131 v\u0259 y\u00fcks\u0259k keyfiyy\u0259tli s\u0259si var. III &#8212; IV d\u0259r\u0259c\u0259li e\u015fitm\u0259 itkisini [&hellip;]<\/p>\n","protected":false},"featured_media":1259,"comment_status":"open","ping_status":"closed","template":"","meta":{"_joinchat":[]},"product_cat":[51],"product_tag":[],"yoast_head":"<!-- This site is optimized with the Yoast SEO plugin v21.1 - https:\/\/yoast.com\/wordpress\/plugins\/seo\/ -->\n<title>ReSound Key 188 - Otomed<\/title>\n<meta name=\"robots\" content=\"index, follow, max-snippet:-1, max-image-preview:large, max-video-preview:-1\" \/>\n<link rel=\"canonical\" href=\"https:\/\/otomed.az\/product\/resound-key-188\/\" \/>\n<meta property=\"og:locale\" content=\"ru_RU\" \/>\n<meta property=\"og:type\" content=\"article\" \/>\n<meta property=\"og:title\" content=\"ReSound Key 188 - Otomed\" \/>\n<meta property=\"og:description\" content=\"ReSound\u00a0 KEY188-DW e\u015fitm\u0259 cihaz\u0131 aktiv sosial h\u0259yat\u0131 olan m\u00fc\u015ft\u0259ril\u0259r \u00fc\u00e7\u00fcn n\u0259z\u0259rd\u0259 tutulub. \u0130stifad\u0259si rahat, etibarl\u0131, istifad\u0259si asan v\u0259 y\u00fcks\u0259k keyfiyy\u0259tli s\u0259s t\u0259min edir. KEY 188\u00a0 miniat\u00fcr qulaq arxas\u0131 e\u015fitm\u0259 cihazlar\u0131 orta d\u0259r\u0259c\u0259d\u0259 aktiv h\u0259yat t\u0259rzi ke\u00e7ir\u0259n istifad\u0259\u00e7il\u0259r \u00fc\u00e7\u00fcn uy\u011fundur. Onlar\u0131n simsiz \u0259laq\u0259si, z\u0259rif dizayn\u0131 v\u0259 y\u00fcks\u0259k keyfiyy\u0259tli s\u0259si var. III &#8212; IV d\u0259r\u0259c\u0259li e\u015fitm\u0259 itkisini [&hellip;]\" \/>\n<meta property=\"og:url\" content=\"https:\/\/otomed.az\/product\/resound-key-188\/\" \/>\n<meta property=\"og:site_name\" content=\"Otomed\" \/>\n<meta property=\"article:modified_time\" content=\"2023-07-31T13:26:33+00:00\" \/>\n<meta property=\"og:image\" content=\"https:\/\/otomed.az\/wp-content\/uploads\/2023\/07\/gn-resound-key-398-dw-sp-bte-hearing-aids.jpg\" \/>\n\t<meta property=\"og:image:width\" content=\"1000\" \/>\n\t<meta property=\"og:image:height\" content=\"1000\" \/>\n\t<meta property=\"og:image:type\" content=\"image\/jpeg\" \/>\n<meta name=\"twitter:card\" content=\"summary_large_image\" \/>\n<meta name=\"twitter:label1\" content=\"\u041f\u0440\u0438\u043c\u0435\u0440\u043d\u043e\u0435 \u0432\u0440\u0435\u043c\u044f \u0434\u043b\u044f \u0447\u0442\u0435\u043d\u0438\u044f\" \/>\n\t<meta name=\"twitter:data1\" content=\"1 \u043c\u0438\u043d\u0443\u0442\u0430\" \/>\n<script type=\"application\/ld+json\" class=\"yoast-schema-graph\">{\"@context\":\"https:\/\/schema.org\",\"@graph\":[{\"@type\":\"WebPage\",\"@id\":\"https:\/\/otomed.az\/product\/resound-key-188\/\",\"url\":\"https:\/\/otomed.az\/product\/resound-key-188\/\",\"name\":\"ReSound Key 188 - Otomed\",\"isPartOf\":{\"@id\":\"https:\/\/otomed.az\/#website\"},\"datePublished\":\"2023-07-31T12:54:07+00:00\",\"dateModified\":\"2023-07-31T13:26:33+00:00\",\"breadcrumb\":{\"@id\":\"https:\/\/otomed.az\/product\/resound-key-188\/#breadcrumb\"},\"inLanguage\":\"ru-RU\",\"potentialAction\":[{\"@type\":\"ReadAction\",\"target\":[\"https:\/\/otomed.az\/product\/resound-key-188\/\"]}]},{\"@type\":\"BreadcrumbList\",\"@id\":\"https:\/\/otomed.az\/product\/resound-key-188\/#breadcrumb\",\"itemListElement\":[{\"@type\":\"ListItem\",\"position\":1,\"name\":\"\u0413\u043b\u0430\u0432\u043d\u0430\u044f \u0441\u0442\u0440\u0430\u043d\u0438\u0446\u0430\",\"item\":\"https:\/\/otomed.az\/ru\/\"},{\"@type\":\"ListItem\",\"position\":2,\"name\":\"Products\",\"item\":\"https:\/\/otomed.az\/shop\/\"},{\"@type\":\"ListItem\",\"position\":3,\"name\":\"ReSound Key 188\"}]},{\"@type\":\"WebSite\",\"@id\":\"https:\/\/otomed.az\/#website\",\"url\":\"https:\/\/otomed.az\/\",\"name\":\"Otomed\",\"description\":\"\",\"publisher\":{\"@id\":\"https:\/\/otomed.az\/#organization\"},\"potentialAction\":[{\"@type\":\"SearchAction\",\"target\":{\"@type\":\"EntryPoint\",\"urlTemplate\":\"https:\/\/otomed.az\/?s={search_term_string}\"},\"query-input\":\"required name=search_term_string\"}],\"inLanguage\":\"ru-RU\"},{\"@type\":\"Organization\",\"@id\":\"https:\/\/otomed.az\/#organization\",\"name\":\"Otomed\",\"url\":\"https:\/\/otomed.az\/\",\"logo\":{\"@type\":\"ImageObject\",\"inLanguage\":\"ru-RU\",\"@id\":\"https:\/\/otomed.az\/#\/schema\/logo\/image\/\",\"url\":\"https:\/\/otomed.az\/wp-content\/uploads\/2022\/12\/logo.png\",\"contentUrl\":\"https:\/\/otomed.az\/wp-content\/uploads\/2022\/12\/logo.png\",\"width\":1340,\"height\":300,\"caption\":\"Otomed\"},\"image\":{\"@id\":\"https:\/\/otomed.az\/#\/schema\/logo\/image\/\"}}]}<\/script>\n<!-- \/ Yoast SEO plugin. -->","yoast_head_json":{"title":"ReSound Key 188 - Otomed","robots":{"index":"index","follow":"follow","max-snippet":"max-snippet:-1","max-image-preview":"max-image-preview:large","max-video-preview":"max-video-preview:-1"},"canonical":"https:\/\/otomed.az\/product\/resound-key-188\/","og_locale":"ru_RU","og_type":"article","og_title":"ReSound Key 188 - Otomed","og_description":"ReSound\u00a0 KEY188-DW e\u015fitm\u0259 cihaz\u0131 aktiv sosial h\u0259yat\u0131 olan m\u00fc\u015ft\u0259ril\u0259r \u00fc\u00e7\u00fcn n\u0259z\u0259rd\u0259 tutulub. \u0130stifad\u0259si rahat, etibarl\u0131, istifad\u0259si asan v\u0259 y\u00fcks\u0259k keyfiyy\u0259tli s\u0259s t\u0259min edir. KEY 188\u00a0 miniat\u00fcr qulaq arxas\u0131 e\u015fitm\u0259 cihazlar\u0131 orta d\u0259r\u0259c\u0259d\u0259 aktiv h\u0259yat t\u0259rzi ke\u00e7ir\u0259n istifad\u0259\u00e7il\u0259r \u00fc\u00e7\u00fcn uy\u011fundur. Onlar\u0131n simsiz \u0259laq\u0259si, z\u0259rif dizayn\u0131 v\u0259 y\u00fcks\u0259k keyfiyy\u0259tli s\u0259si var. III &#8212; IV d\u0259r\u0259c\u0259li e\u015fitm\u0259 itkisini [&hellip;]","og_url":"https:\/\/otomed.az\/product\/resound-key-188\/","og_site_name":"Otomed","article_modified_time":"2023-07-31T13:26:33+00:00","og_image":[{"width":1000,"height":1000,"url":"https:\/\/otomed.az\/wp-content\/uploads\/2023\/07\/gn-resound-key-398-dw-sp-bte-hearing-aids.jpg","type":"image\/jpeg"}],"twitter_card":"summary_large_image","twitter_misc":{"\u041f\u0440\u0438\u043c\u0435\u0440\u043d\u043e\u0435 \u0432\u0440\u0435\u043c\u044f \u0434\u043b\u044f \u0447\u0442\u0435\u043d\u0438\u044f":"1 \u043c\u0438\u043d\u0443\u0442\u0430"},"schema":{"@context":"https:\/\/schema.org","@graph":[{"@type":"WebPage","@id":"https:\/\/otomed.az\/product\/resound-key-188\/","url":"https:\/\/otomed.az\/product\/resound-key-188\/","name":"ReSound Key 188 - Otomed","isPartOf":{"@id":"https:\/\/otomed.az\/#website"},"datePublished":"2023-07-31T12:54:07+00:00","dateModified":"2023-07-31T13:26:33+00:00","breadcrumb":{"@id":"https:\/\/otomed.az\/product\/resound-key-188\/#breadcrumb"},"inLanguage":"ru-RU","potentialAction":[{"@type":"ReadAction","target":["https:\/\/otomed.az\/product\/resound-key-188\/"]}]},{"@type":"BreadcrumbList","@id":"https:\/\/otomed.az\/product\/resound-key-188\/#breadcrumb","itemListElement":[{"@type":"ListItem","position":1,"name":"\u0413\u043b\u0430\u0432\u043d\u0430\u044f \u0441\u0442\u0440\u0430\u043d\u0438\u0446\u0430","item":"https:\/\/otomed.az\/ru\/"},{"@type":"ListItem","position":2,"name":"Products","item":"https:\/\/otomed.az\/shop\/"},{"@type":"ListItem","position":3,"name":"ReSound Key 188"}]},{"@type":"WebSite","@id":"https:\/\/otomed.az\/#website","url":"https:\/\/otomed.az\/","name":"Otomed","description":"","publisher":{"@id":"https:\/\/otomed.az\/#organization"},"potentialAction":[{"@type":"SearchAction","target":{"@type":"EntryPoint","urlTemplate":"https:\/\/otomed.az\/?s={search_term_string}"},"query-input":"required name=search_term_string"}],"inLanguage":"ru-RU"},{"@type":"Organization","@id":"https:\/\/otomed.az\/#organization","name":"Otomed","url":"https:\/\/otomed.az\/","logo":{"@type":"ImageObject","inLanguage":"ru-RU","@id":"https:\/\/otomed.az\/#\/schema\/logo\/image\/","url":"https:\/\/otomed.az\/wp-content\/uploads\/2022\/12\/logo.png","contentUrl":"https:\/\/otomed.az\/wp-content\/uploads\/2022\/12\/logo.png","width":1340,"height":300,"caption":"Otomed"},"image":{"@id":"https:\/\/otomed.az\/#\/schema\/logo\/image\/"}}]}},"_links":{"self":[{"href":"https:\/\/otomed.az\/ru\/wp-json\/wp\/v2\/product\/1257"}],"collection":[{"href":"https:\/\/otomed.az\/ru\/wp-json\/wp\/v2\/product"}],"about":[{"href":"https:\/\/otomed.az\/ru\/wp-json\/wp\/v2\/types\/product"}],"replies":[{"embeddable":true,"href":"https:\/\/otomed.az\/ru\/wp-json\/wp\/v2\/comments?post=1257"}],"wp:featuredmedia":[{"embeddable":true,"href":"https:\/\/otomed.az\/ru\/wp-json\/wp\/v2\/media\/1259"}],"wp:attachment":[{"href":"https:\/\/otomed.az\/ru\/wp-json\/wp\/v2\/media?parent=1257"}],"wp:term":[{"taxonomy":"product_cat","embeddable":true,"href":"https:\/\/otomed.az\/ru\/wp-json\/wp\/v2\/product_cat?post=1257"},{"taxonomy":"product_tag","embeddable":true,"href":"https:\/\/otomed.az\/ru\/wp-json\/wp\/v2\/product_tag?post=1257"}],"curies":[{"name":"wp","href":"https:\/\/api.w.org\/{rel}","templated":true}]}}