{"id":1258,"date":"2023-07-31T16:22:17","date_gmt":"2023-07-31T13:22:17","guid":{"rendered":"https:\/\/otomed.az\/?post_type=product&#038;p=1258"},"modified":"2023-07-31T16:26:59","modified_gmt":"2023-07-31T13:26:59","slug":"resound-key-277","status":"publish","type":"product","link":"https:\/\/otomed.az\/ru\/product\/resound-key-277\/","title":{"rendered":"Resound Key 277"},"content":{"rendered":"<p>ReSound\u00a0 KEY277-DW e\u015fitm\u0259 cihaz\u0131 aktiv sosial h\u0259yat\u0131 olan m\u00fc\u015ft\u0259ril\u0259r \u00fc\u00e7\u00fcn n\u0259z\u0259rd\u0259 tutulub. \u0130stifad\u0259si rahat, etibarl\u0131, istifad\u0259si asan v\u0259 y\u00fcks\u0259k keyfiyy\u0259tli s\u0259s t\u0259min edir.<\/p>\n<p>II-III d\u0259r\u0259c\u0259li e\u015fitm\u0259 itkisini kompensasiya etm\u0259k \u00fc\u00e7\u00fcn istifad\u0259 edil\u0259n, \u0259sas funksional s\u0259viyy\u0259li orta g\u00fcc\u0259 malik r\u0259q\u0259msal qulaq arxas\u0131 e\u015fitm\u0259 cihaz\u0131.<\/p>\n<p>Uy\u011funluq: ReSound Unite pult, ReSound Unite pultu 2, Aventa proqram\u0131 3.9 v\u0259 ya daha y\u00fcks\u0259k<\/p>\n<p>\u018flav\u0259 x\u00fcsusiyy\u0259tl\u0259r: Qeyd d\u0259ft\u0259ri II, T\u0259hl\u00fck\u0259siz parametr,\u00a0In Situ Audiometriya,\u00a0Airlink 2 il\u0259 simsiz qura\u015fd\u0131rma, proqram ke\u00e7id d\u00fcym\u0259si, s\u0259s s\u0259viyy\u0259sin\u0259 n\u0259zar\u0259t,\u00a0induksiya bobini,\u00a0birba\u015fa Audio Giri\u015f (DAI),\u00a0Nanotexnoloji \u00f6rt\u00fck iSolat.<\/p>\n","protected":false},"excerpt":{"rendered":"<p>ReSound\u00a0 KEY277-DW e\u015fitm\u0259 cihaz\u0131 aktiv sosial h\u0259yat\u0131 olan m\u00fc\u015ft\u0259ril\u0259r \u00fc\u00e7\u00fcn n\u0259z\u0259rd\u0259 tutulub. \u0130stifad\u0259si rahat, etibarl\u0131, istifad\u0259si asan v\u0259 y\u00fcks\u0259k keyfiyy\u0259tli s\u0259s t\u0259min edir. II-III d\u0259r\u0259c\u0259li e\u015fitm\u0259 itkisini kompensasiya etm\u0259k \u00fc\u00e7\u00fcn istifad\u0259 edil\u0259n, \u0259sas funksional s\u0259viyy\u0259li orta g\u00fcc\u0259 malik r\u0259q\u0259msal qulaq arxas\u0131 e\u015fitm\u0259 cihaz\u0131. Uy\u011funluq: ReSound Unite pult, ReSound Unite pultu 2, Aventa proqram\u0131 3.9 v\u0259 [&hellip;]<\/p>\n","protected":false},"featured_media":1262,"comment_status":"open","ping_status":"closed","template":"","meta":{"_joinchat":[]},"product_cat":[51],"product_tag":[],"yoast_head":"<!-- This site is optimized with the Yoast SEO plugin v21.1 - https:\/\/yoast.com\/wordpress\/plugins\/seo\/ -->\n<title>Resound Key 277 - Otomed<\/title>\n<meta name=\"robots\" content=\"index, follow, max-snippet:-1, max-image-preview:large, max-video-preview:-1\" \/>\n<link rel=\"canonical\" href=\"https:\/\/otomed.az\/product\/resound-key-277\/\" \/>\n<meta property=\"og:locale\" content=\"ru_RU\" \/>\n<meta property=\"og:type\" content=\"article\" \/>\n<meta property=\"og:title\" content=\"Resound Key 277 - Otomed\" \/>\n<meta property=\"og:description\" content=\"ReSound\u00a0 KEY277-DW e\u015fitm\u0259 cihaz\u0131 aktiv sosial h\u0259yat\u0131 olan m\u00fc\u015ft\u0259ril\u0259r \u00fc\u00e7\u00fcn n\u0259z\u0259rd\u0259 tutulub. \u0130stifad\u0259si rahat, etibarl\u0131, istifad\u0259si asan v\u0259 y\u00fcks\u0259k keyfiyy\u0259tli s\u0259s t\u0259min edir. II-III d\u0259r\u0259c\u0259li e\u015fitm\u0259 itkisini kompensasiya etm\u0259k \u00fc\u00e7\u00fcn istifad\u0259 edil\u0259n, \u0259sas funksional s\u0259viyy\u0259li orta g\u00fcc\u0259 malik r\u0259q\u0259msal qulaq arxas\u0131 e\u015fitm\u0259 cihaz\u0131. Uy\u011funluq: ReSound Unite pult, ReSound Unite pultu 2, Aventa proqram\u0131 3.9 v\u0259 [&hellip;]\" \/>\n<meta property=\"og:url\" content=\"https:\/\/otomed.az\/product\/resound-key-277\/\" \/>\n<meta property=\"og:site_name\" content=\"Otomed\" \/>\n<meta property=\"article:modified_time\" content=\"2023-07-31T13:26:59+00:00\" \/>\n<meta property=\"og:image\" content=\"https:\/\/otomed.az\/wp-content\/uploads\/2023\/07\/Resound_linx_BTE_67.png\" \/>\n\t<meta property=\"og:image:width\" content=\"350\" \/>\n\t<meta property=\"og:image:height\" content=\"350\" \/>\n\t<meta property=\"og:image:type\" content=\"image\/png\" \/>\n<meta name=\"twitter:card\" content=\"summary_large_image\" \/>\n<meta name=\"twitter:label1\" content=\"\u041f\u0440\u0438\u043c\u0435\u0440\u043d\u043e\u0435 \u0432\u0440\u0435\u043c\u044f \u0434\u043b\u044f \u0447\u0442\u0435\u043d\u0438\u044f\" \/>\n\t<meta name=\"twitter:data1\" content=\"1 \u043c\u0438\u043d\u0443\u0442\u0430\" \/>\n<script type=\"application\/ld+json\" class=\"yoast-schema-graph\">{\"@context\":\"https:\/\/schema.org\",\"@graph\":[{\"@type\":\"WebPage\",\"@id\":\"https:\/\/otomed.az\/product\/resound-key-277\/\",\"url\":\"https:\/\/otomed.az\/product\/resound-key-277\/\",\"name\":\"Resound Key 277 - Otomed\",\"isPartOf\":{\"@id\":\"https:\/\/otomed.az\/#website\"},\"datePublished\":\"2023-07-31T13:22:17+00:00\",\"dateModified\":\"2023-07-31T13:26:59+00:00\",\"breadcrumb\":{\"@id\":\"https:\/\/otomed.az\/product\/resound-key-277\/#breadcrumb\"},\"inLanguage\":\"ru-RU\",\"potentialAction\":[{\"@type\":\"ReadAction\",\"target\":[\"https:\/\/otomed.az\/product\/resound-key-277\/\"]}]},{\"@type\":\"BreadcrumbList\",\"@id\":\"https:\/\/otomed.az\/product\/resound-key-277\/#breadcrumb\",\"itemListElement\":[{\"@type\":\"ListItem\",\"position\":1,\"name\":\"\u0413\u043b\u0430\u0432\u043d\u0430\u044f \u0441\u0442\u0440\u0430\u043d\u0438\u0446\u0430\",\"item\":\"https:\/\/otomed.az\/ru\/\"},{\"@type\":\"ListItem\",\"position\":2,\"name\":\"Products\",\"item\":\"https:\/\/otomed.az\/shop\/\"},{\"@type\":\"ListItem\",\"position\":3,\"name\":\"Resound Key 277\"}]},{\"@type\":\"WebSite\",\"@id\":\"https:\/\/otomed.az\/#website\",\"url\":\"https:\/\/otomed.az\/\",\"name\":\"Otomed\",\"description\":\"\",\"publisher\":{\"@id\":\"https:\/\/otomed.az\/#organization\"},\"potentialAction\":[{\"@type\":\"SearchAction\",\"target\":{\"@type\":\"EntryPoint\",\"urlTemplate\":\"https:\/\/otomed.az\/?s={search_term_string}\"},\"query-input\":\"required name=search_term_string\"}],\"inLanguage\":\"ru-RU\"},{\"@type\":\"Organization\",\"@id\":\"https:\/\/otomed.az\/#organization\",\"name\":\"Otomed\",\"url\":\"https:\/\/otomed.az\/\",\"logo\":{\"@type\":\"ImageObject\",\"inLanguage\":\"ru-RU\",\"@id\":\"https:\/\/otomed.az\/#\/schema\/logo\/image\/\",\"url\":\"https:\/\/otomed.az\/wp-content\/uploads\/2022\/12\/logo.png\",\"contentUrl\":\"https:\/\/otomed.az\/wp-content\/uploads\/2022\/12\/logo.png\",\"width\":1340,\"height\":300,\"caption\":\"Otomed\"},\"image\":{\"@id\":\"https:\/\/otomed.az\/#\/schema\/logo\/image\/\"}}]}<\/script>\n<!-- \/ Yoast SEO plugin. -->","yoast_head_json":{"title":"Resound Key 277 - Otomed","robots":{"index":"index","follow":"follow","max-snippet":"max-snippet:-1","max-image-preview":"max-image-preview:large","max-video-preview":"max-video-preview:-1"},"canonical":"https:\/\/otomed.az\/product\/resound-key-277\/","og_locale":"ru_RU","og_type":"article","og_title":"Resound Key 277 - Otomed","og_description":"ReSound\u00a0 KEY277-DW e\u015fitm\u0259 cihaz\u0131 aktiv sosial h\u0259yat\u0131 olan m\u00fc\u015ft\u0259ril\u0259r \u00fc\u00e7\u00fcn n\u0259z\u0259rd\u0259 tutulub. \u0130stifad\u0259si rahat, etibarl\u0131, istifad\u0259si asan v\u0259 y\u00fcks\u0259k keyfiyy\u0259tli s\u0259s t\u0259min edir. II-III d\u0259r\u0259c\u0259li e\u015fitm\u0259 itkisini kompensasiya etm\u0259k \u00fc\u00e7\u00fcn istifad\u0259 edil\u0259n, \u0259sas funksional s\u0259viyy\u0259li orta g\u00fcc\u0259 malik r\u0259q\u0259msal qulaq arxas\u0131 e\u015fitm\u0259 cihaz\u0131. Uy\u011funluq: ReSound Unite pult, ReSound Unite pultu 2, Aventa proqram\u0131 3.9 v\u0259 [&hellip;]","og_url":"https:\/\/otomed.az\/product\/resound-key-277\/","og_site_name":"Otomed","article_modified_time":"2023-07-31T13:26:59+00:00","og_image":[{"width":350,"height":350,"url":"https:\/\/otomed.az\/wp-content\/uploads\/2023\/07\/Resound_linx_BTE_67.png","type":"image\/png"}],"twitter_card":"summary_large_image","twitter_misc":{"\u041f\u0440\u0438\u043c\u0435\u0440\u043d\u043e\u0435 \u0432\u0440\u0435\u043c\u044f \u0434\u043b\u044f \u0447\u0442\u0435\u043d\u0438\u044f":"1 \u043c\u0438\u043d\u0443\u0442\u0430"},"schema":{"@context":"https:\/\/schema.org","@graph":[{"@type":"WebPage","@id":"https:\/\/otomed.az\/product\/resound-key-277\/","url":"https:\/\/otomed.az\/product\/resound-key-277\/","name":"Resound Key 277 - Otomed","isPartOf":{"@id":"https:\/\/otomed.az\/#website"},"datePublished":"2023-07-31T13:22:17+00:00","dateModified":"2023-07-31T13:26:59+00:00","breadcrumb":{"@id":"https:\/\/otomed.az\/product\/resound-key-277\/#breadcrumb"},"inLanguage":"ru-RU","potentialAction":[{"@type":"ReadAction","target":["https:\/\/otomed.az\/product\/resound-key-277\/"]}]},{"@type":"BreadcrumbList","@id":"https:\/\/otomed.az\/product\/resound-key-277\/#breadcrumb","itemListElement":[{"@type":"ListItem","position":1,"name":"\u0413\u043b\u0430\u0432\u043d\u0430\u044f \u0441\u0442\u0440\u0430\u043d\u0438\u0446\u0430","item":"https:\/\/otomed.az\/ru\/"},{"@type":"ListItem","position":2,"name":"Products","item":"https:\/\/otomed.az\/shop\/"},{"@type":"ListItem","position":3,"name":"Resound Key 277"}]},{"@type":"WebSite","@id":"https:\/\/otomed.az\/#website","url":"https:\/\/otomed.az\/","name":"Otomed","description":"","publisher":{"@id":"https:\/\/otomed.az\/#organization"},"potentialAction":[{"@type":"SearchAction","target":{"@type":"EntryPoint","urlTemplate":"https:\/\/otomed.az\/?s={search_term_string}"},"query-input":"required name=search_term_string"}],"inLanguage":"ru-RU"},{"@type":"Organization","@id":"https:\/\/otomed.az\/#organization","name":"Otomed","url":"https:\/\/otomed.az\/","logo":{"@type":"ImageObject","inLanguage":"ru-RU","@id":"https:\/\/otomed.az\/#\/schema\/logo\/image\/","url":"https:\/\/otomed.az\/wp-content\/uploads\/2022\/12\/logo.png","contentUrl":"https:\/\/otomed.az\/wp-content\/uploads\/2022\/12\/logo.png","width":1340,"height":300,"caption":"Otomed"},"image":{"@id":"https:\/\/otomed.az\/#\/schema\/logo\/image\/"}}]}},"_links":{"self":[{"href":"https:\/\/otomed.az\/ru\/wp-json\/wp\/v2\/product\/1258"}],"collection":[{"href":"https:\/\/otomed.az\/ru\/wp-json\/wp\/v2\/product"}],"about":[{"href":"https:\/\/otomed.az\/ru\/wp-json\/wp\/v2\/types\/product"}],"replies":[{"embeddable":true,"href":"https:\/\/otomed.az\/ru\/wp-json\/wp\/v2\/comments?post=1258"}],"wp:featuredmedia":[{"embeddable":true,"href":"https:\/\/otomed.az\/ru\/wp-json\/wp\/v2\/media\/1262"}],"wp:attachment":[{"href":"https:\/\/otomed.az\/ru\/wp-json\/wp\/v2\/media?parent=1258"}],"wp:term":[{"taxonomy":"product_cat","embeddable":true,"href":"https:\/\/otomed.az\/ru\/wp-json\/wp\/v2\/product_cat?post=1258"},{"taxonomy":"product_tag","embeddable":true,"href":"https:\/\/otomed.az\/ru\/wp-json\/wp\/v2\/product_tag?post=1258"}],"curies":[{"name":"wp","href":"https:\/\/api.w.org\/{rel}","templated":true}]}}