{"id":1287,"date":"2023-08-04T09:58:33","date_gmt":"2023-08-04T06:58:33","guid":{"rendered":"https:\/\/otomed.az\/?post_type=product&#038;p=1287"},"modified":"2023-08-08T12:42:15","modified_gmt":"2023-08-08T09:42:15","slug":"resound-linx-quattro-re588-dwt","status":"publish","type":"product","link":"https:\/\/otomed.az\/ru\/product\/resound-linx-quattro-re588-dwt\/","title":{"rendered":"ReSound LiNX Quattro RE588-DWT"},"content":{"rendered":"<p>Geni\u015f s\u0259viyy\u0259li funksionall\u0131q \u00fc\u00e7\u00fcn g\u00fccl\u00fc premium r\u0259q\u0259msal qulaq arxas\u0131 e\u015fitm\u0259 cihaz\u0131. T\u0259kmil \u00e7ip platformas\u0131nda qurulmu\u015f, iOS v\u0259 Android cihazlar\u0131ndan birba\u015fa audio ax\u0131n\u0131n\u0131 d\u0259st\u0259kl\u0259yir. Telecoil v\u0259 birba\u015fa audio giri\u015f (DAI) x\u00fcsusiyy\u0259tl\u0259rin\u0259 malikdir.<\/p>\n<p>Nitq siqnal\u0131na t\u0259sir etm\u0259d\u0259n arzuolunmaz s\u0259sl\u0259ri yat\u0131ran unikal spektral \u00e7\u0131xarma texnologiyas\u0131.\u0130stifad\u0259\u00e7i nitqin ba\u015fa d\u00fc\u015f\u00fclm\u0259sin\u0259 mane\u0259\u00a0 olmadan s\u0259s-k\u00fcyl\u00fc \u015f\u0259raitd\u0259 k\u00fcyl\u0259rin yat\u0131r\u0131lmas\u0131.<\/p>\n<p><strong>Musiqi rejimi il\u0259 DFS Ultra II<\/strong><\/p>\n<p>Y\u00fcks\u0259k d\u0259qiqlikli \u0259ks \u0259laq\u0259 yolunun t\u0259hlili DFS Ultra II-y\u0259 \u0259ks \u0259laq\u0259ni son d\u0259r\u0259c\u0259 d\u0259qiqlikl\u0259 basd\u0131rma\u011fa imkan verir. Musiqi rejimi s\u0259si daha uzun m\u00fcdd\u0259t \u0259rzind\u0259 t\u0259hlil edir, bel\u0259likl\u0259, sistem musiqi v\u0259 dig\u0259r tonal s\u0259sl\u0259rd\u0259n \u0259sl \u0259ks \u0259laq\u0259ni daha yax\u015f\u0131 ay\u0131rd ed\u0259 bilir.<\/p>\n<p>\u0130stifad\u0259\u00e7i daha \u00e7\u0259tin v\u0259ziyy\u0259tl\u0259rd\u0259 bel\u0259 \u0259lav\u0259 rahatl\u0131qdan, daha yax\u015f\u0131 e\u015fitm\u0259 qabiliyy\u0259tind\u0259n v\u0259 z\u0259ngin s\u0259sin b\u00fct\u00fcn inc\u0259 n\u00fcanslar\u0131ndan h\u0259zz ala bil\u0259r. Musiqi rejimi istifad\u0259\u00e7il\u0259r\u0259 musiqini t\u0259hrif etm\u0259d\u0259n dinl\u0259m\u0259k imkan\u0131 verir.<\/p>\n<p><strong>Sound Shaper<\/strong><\/p>\n<p>Y\u00fcks\u0259k tezlikli s\u0259sl\u0259ri d\u0259yi\u015fdir\u0259n yegan\u0259 tezlik s\u0131x\u0131lma texnologiyas\u0131 giri\u015f v\u0259 \u00e7\u0131x\u0131\u015f tezlikl\u0259ri aras\u0131nda m\u00fct\u0259nasib nisb\u0259ti qoruyark\u0259n spektrin a\u015fa\u011f\u0131 sal\u0131nmas\u0131d\u0131r. 5 kHz v\u0259 daha yuxar\u0131 tezlikl\u0259ri k\u0259sm\u0259k \u00fc\u00e7\u00fcn istifad\u0259 edil\u0259n yeni &#171;\u00c7ox z\u0259if&#187; se\u00e7imi art\u0131q m\u00f6vcuddur.<\/p>\n<p>\u0130stifad\u0259\u00e7i y\u00fcks\u0259k tezlikl\u0259rd\u0259, x\u00fcsus\u0259n \u0259n\u0259n\u0259vi qazanc\u0131n &#171;\u00f6l\u00fc zona&#187; il\u0259 m\u0259hdudla\u015fd\u0131\u011f\u0131 nitq siqnallar\u0131nda t\u0259kmill\u0259\u015fdirilmi\u015f e\u015fitm\u0259 qabiliyy\u0259tini v\u0259 s\u0259s keyfiyy\u0259tini hiss ed\u0259 bil\u0259r.<\/p>\n<p><strong>Modelin \u0259sas x\u00fcsusiyy\u0259tl\u0259ri<\/strong><\/p>\n<p>K\u00fcl\u0259kd\u0259n qorunma Wind Guard (\u0259sas s\u0259viyy\u0259), sinxronla\u015fd\u0131r\u0131lm\u0131\u015f Adaptasiya Meneceri, musiqi rejimi, a\u015fa\u011f\u0131 tezlikli t\u0259kan (\u0259sas s\u0259viyy\u0259), qazanma strategiyas\u0131 (WDRC\/ Yar\u0131mx\u0259tti\/X\u0259tti) (standart s\u0259viyy\u0259), a\u011f\u0131ll\u0131 ba\u015flan\u011f\u0131c, sinxronla\u015fd\u0131r\u0131lm\u0131\u015f s\u0259s s\u0259viyy\u0259sin\u0259 n\u0259zar\u0259t, Comfort Phone, birba\u015fa audio ax\u0131n\u0131 (MFi, Android*), Tamamil\u0259 f\u0259rdil\u0259\u015fdiril\u0259 bil\u0259n proqramlar &#8212; 4, avtomatik\u00a0 Phone Now funksiyas\u0131, daxili analizator II.<\/p>\n","protected":false},"excerpt":{"rendered":"<p>Geni\u015f s\u0259viyy\u0259li funksionall\u0131q \u00fc\u00e7\u00fcn g\u00fccl\u00fc premium r\u0259q\u0259msal qulaq arxas\u0131 e\u015fitm\u0259 cihaz\u0131. T\u0259kmil \u00e7ip platformas\u0131nda qurulmu\u015f, iOS v\u0259 Android cihazlar\u0131ndan birba\u015fa audio ax\u0131n\u0131n\u0131 d\u0259st\u0259kl\u0259yir. Telecoil v\u0259 birba\u015fa audio giri\u015f (DAI) x\u00fcsusiyy\u0259tl\u0259rin\u0259 malikdir. Nitq siqnal\u0131na t\u0259sir etm\u0259d\u0259n arzuolunmaz s\u0259sl\u0259ri yat\u0131ran unikal spektral \u00e7\u0131xarma texnologiyas\u0131.\u0130stifad\u0259\u00e7i nitqin ba\u015fa d\u00fc\u015f\u00fclm\u0259sin\u0259 mane\u0259\u00a0 olmadan s\u0259s-k\u00fcyl\u00fc \u015f\u0259raitd\u0259 k\u00fcyl\u0259rin yat\u0131r\u0131lmas\u0131. Musiqi rejimi il\u0259 DFS [&hellip;]<\/p>\n","protected":false},"featured_media":1352,"comment_status":"open","ping_status":"closed","template":"","meta":{"_joinchat":[]},"product_cat":[51],"product_tag":[],"yoast_head":"<!-- This site is optimized with the Yoast SEO plugin v21.1 - https:\/\/yoast.com\/wordpress\/plugins\/seo\/ -->\n<title>ReSound LiNX Quattro RE588-DWT - Otomed<\/title>\n<meta name=\"robots\" content=\"index, follow, max-snippet:-1, max-image-preview:large, max-video-preview:-1\" \/>\n<link rel=\"canonical\" href=\"https:\/\/otomed.az\/product\/resound-linx-quattro-re588-dwt\/\" \/>\n<meta property=\"og:locale\" content=\"ru_RU\" \/>\n<meta property=\"og:type\" content=\"article\" \/>\n<meta property=\"og:title\" content=\"ReSound LiNX Quattro RE588-DWT - Otomed\" \/>\n<meta property=\"og:description\" content=\"Geni\u015f s\u0259viyy\u0259li funksionall\u0131q \u00fc\u00e7\u00fcn g\u00fccl\u00fc premium r\u0259q\u0259msal qulaq arxas\u0131 e\u015fitm\u0259 cihaz\u0131. T\u0259kmil \u00e7ip platformas\u0131nda qurulmu\u015f, iOS v\u0259 Android cihazlar\u0131ndan birba\u015fa audio ax\u0131n\u0131n\u0131 d\u0259st\u0259kl\u0259yir. Telecoil v\u0259 birba\u015fa audio giri\u015f (DAI) x\u00fcsusiyy\u0259tl\u0259rin\u0259 malikdir. Nitq siqnal\u0131na t\u0259sir etm\u0259d\u0259n arzuolunmaz s\u0259sl\u0259ri yat\u0131ran unikal spektral \u00e7\u0131xarma texnologiyas\u0131.\u0130stifad\u0259\u00e7i nitqin ba\u015fa d\u00fc\u015f\u00fclm\u0259sin\u0259 mane\u0259\u00a0 olmadan s\u0259s-k\u00fcyl\u00fc \u015f\u0259raitd\u0259 k\u00fcyl\u0259rin yat\u0131r\u0131lmas\u0131. Musiqi rejimi il\u0259 DFS [&hellip;]\" \/>\n<meta property=\"og:url\" content=\"https:\/\/otomed.az\/product\/resound-linx-quattro-re588-dwt\/\" \/>\n<meta property=\"og:site_name\" content=\"Otomed\" \/>\n<meta property=\"article:modified_time\" content=\"2023-08-08T09:42:15+00:00\" \/>\n<meta property=\"og:image\" content=\"https:\/\/otomed.az\/wp-content\/uploads\/2023\/08\/6666.jpg\" \/>\n\t<meta property=\"og:image:width\" content=\"450\" \/>\n\t<meta property=\"og:image:height\" content=\"450\" \/>\n\t<meta property=\"og:image:type\" content=\"image\/jpeg\" \/>\n<meta name=\"twitter:card\" content=\"summary_large_image\" \/>\n<meta name=\"twitter:label1\" content=\"\u041f\u0440\u0438\u043c\u0435\u0440\u043d\u043e\u0435 \u0432\u0440\u0435\u043c\u044f \u0434\u043b\u044f \u0447\u0442\u0435\u043d\u0438\u044f\" \/>\n\t<meta name=\"twitter:data1\" content=\"2 \u043c\u0438\u043d\u0443\u0442\u044b\" \/>\n<script type=\"application\/ld+json\" class=\"yoast-schema-graph\">{\"@context\":\"https:\/\/schema.org\",\"@graph\":[{\"@type\":\"WebPage\",\"@id\":\"https:\/\/otomed.az\/product\/resound-linx-quattro-re588-dwt\/\",\"url\":\"https:\/\/otomed.az\/product\/resound-linx-quattro-re588-dwt\/\",\"name\":\"ReSound LiNX Quattro RE588-DWT - Otomed\",\"isPartOf\":{\"@id\":\"https:\/\/otomed.az\/#website\"},\"datePublished\":\"2023-08-04T06:58:33+00:00\",\"dateModified\":\"2023-08-08T09:42:15+00:00\",\"breadcrumb\":{\"@id\":\"https:\/\/otomed.az\/product\/resound-linx-quattro-re588-dwt\/#breadcrumb\"},\"inLanguage\":\"ru-RU\",\"potentialAction\":[{\"@type\":\"ReadAction\",\"target\":[\"https:\/\/otomed.az\/product\/resound-linx-quattro-re588-dwt\/\"]}]},{\"@type\":\"BreadcrumbList\",\"@id\":\"https:\/\/otomed.az\/product\/resound-linx-quattro-re588-dwt\/#breadcrumb\",\"itemListElement\":[{\"@type\":\"ListItem\",\"position\":1,\"name\":\"\u0413\u043b\u0430\u0432\u043d\u0430\u044f \u0441\u0442\u0440\u0430\u043d\u0438\u0446\u0430\",\"item\":\"https:\/\/otomed.az\/ru\/\"},{\"@type\":\"ListItem\",\"position\":2,\"name\":\"Products\",\"item\":\"https:\/\/otomed.az\/shop\/\"},{\"@type\":\"ListItem\",\"position\":3,\"name\":\"ReSound LiNX Quattro RE588-DWT\"}]},{\"@type\":\"WebSite\",\"@id\":\"https:\/\/otomed.az\/#website\",\"url\":\"https:\/\/otomed.az\/\",\"name\":\"Otomed\",\"description\":\"\",\"publisher\":{\"@id\":\"https:\/\/otomed.az\/#organization\"},\"potentialAction\":[{\"@type\":\"SearchAction\",\"target\":{\"@type\":\"EntryPoint\",\"urlTemplate\":\"https:\/\/otomed.az\/?s={search_term_string}\"},\"query-input\":\"required name=search_term_string\"}],\"inLanguage\":\"ru-RU\"},{\"@type\":\"Organization\",\"@id\":\"https:\/\/otomed.az\/#organization\",\"name\":\"Otomed\",\"url\":\"https:\/\/otomed.az\/\",\"logo\":{\"@type\":\"ImageObject\",\"inLanguage\":\"ru-RU\",\"@id\":\"https:\/\/otomed.az\/#\/schema\/logo\/image\/\",\"url\":\"https:\/\/otomed.az\/wp-content\/uploads\/2022\/12\/logo.png\",\"contentUrl\":\"https:\/\/otomed.az\/wp-content\/uploads\/2022\/12\/logo.png\",\"width\":1340,\"height\":300,\"caption\":\"Otomed\"},\"image\":{\"@id\":\"https:\/\/otomed.az\/#\/schema\/logo\/image\/\"}}]}<\/script>\n<!-- \/ Yoast SEO plugin. -->","yoast_head_json":{"title":"ReSound LiNX Quattro RE588-DWT - Otomed","robots":{"index":"index","follow":"follow","max-snippet":"max-snippet:-1","max-image-preview":"max-image-preview:large","max-video-preview":"max-video-preview:-1"},"canonical":"https:\/\/otomed.az\/product\/resound-linx-quattro-re588-dwt\/","og_locale":"ru_RU","og_type":"article","og_title":"ReSound LiNX Quattro RE588-DWT - Otomed","og_description":"Geni\u015f s\u0259viyy\u0259li funksionall\u0131q \u00fc\u00e7\u00fcn g\u00fccl\u00fc premium r\u0259q\u0259msal qulaq arxas\u0131 e\u015fitm\u0259 cihaz\u0131. T\u0259kmil \u00e7ip platformas\u0131nda qurulmu\u015f, iOS v\u0259 Android cihazlar\u0131ndan birba\u015fa audio ax\u0131n\u0131n\u0131 d\u0259st\u0259kl\u0259yir. Telecoil v\u0259 birba\u015fa audio giri\u015f (DAI) x\u00fcsusiyy\u0259tl\u0259rin\u0259 malikdir. Nitq siqnal\u0131na t\u0259sir etm\u0259d\u0259n arzuolunmaz s\u0259sl\u0259ri yat\u0131ran unikal spektral \u00e7\u0131xarma texnologiyas\u0131.\u0130stifad\u0259\u00e7i nitqin ba\u015fa d\u00fc\u015f\u00fclm\u0259sin\u0259 mane\u0259\u00a0 olmadan s\u0259s-k\u00fcyl\u00fc \u015f\u0259raitd\u0259 k\u00fcyl\u0259rin yat\u0131r\u0131lmas\u0131. Musiqi rejimi il\u0259 DFS [&hellip;]","og_url":"https:\/\/otomed.az\/product\/resound-linx-quattro-re588-dwt\/","og_site_name":"Otomed","article_modified_time":"2023-08-08T09:42:15+00:00","og_image":[{"width":450,"height":450,"url":"https:\/\/otomed.az\/wp-content\/uploads\/2023\/08\/6666.jpg","type":"image\/jpeg"}],"twitter_card":"summary_large_image","twitter_misc":{"\u041f\u0440\u0438\u043c\u0435\u0440\u043d\u043e\u0435 \u0432\u0440\u0435\u043c\u044f \u0434\u043b\u044f \u0447\u0442\u0435\u043d\u0438\u044f":"2 \u043c\u0438\u043d\u0443\u0442\u044b"},"schema":{"@context":"https:\/\/schema.org","@graph":[{"@type":"WebPage","@id":"https:\/\/otomed.az\/product\/resound-linx-quattro-re588-dwt\/","url":"https:\/\/otomed.az\/product\/resound-linx-quattro-re588-dwt\/","name":"ReSound LiNX Quattro RE588-DWT - Otomed","isPartOf":{"@id":"https:\/\/otomed.az\/#website"},"datePublished":"2023-08-04T06:58:33+00:00","dateModified":"2023-08-08T09:42:15+00:00","breadcrumb":{"@id":"https:\/\/otomed.az\/product\/resound-linx-quattro-re588-dwt\/#breadcrumb"},"inLanguage":"ru-RU","potentialAction":[{"@type":"ReadAction","target":["https:\/\/otomed.az\/product\/resound-linx-quattro-re588-dwt\/"]}]},{"@type":"BreadcrumbList","@id":"https:\/\/otomed.az\/product\/resound-linx-quattro-re588-dwt\/#breadcrumb","itemListElement":[{"@type":"ListItem","position":1,"name":"\u0413\u043b\u0430\u0432\u043d\u0430\u044f \u0441\u0442\u0440\u0430\u043d\u0438\u0446\u0430","item":"https:\/\/otomed.az\/ru\/"},{"@type":"ListItem","position":2,"name":"Products","item":"https:\/\/otomed.az\/shop\/"},{"@type":"ListItem","position":3,"name":"ReSound LiNX Quattro RE588-DWT"}]},{"@type":"WebSite","@id":"https:\/\/otomed.az\/#website","url":"https:\/\/otomed.az\/","name":"Otomed","description":"","publisher":{"@id":"https:\/\/otomed.az\/#organization"},"potentialAction":[{"@type":"SearchAction","target":{"@type":"EntryPoint","urlTemplate":"https:\/\/otomed.az\/?s={search_term_string}"},"query-input":"required name=search_term_string"}],"inLanguage":"ru-RU"},{"@type":"Organization","@id":"https:\/\/otomed.az\/#organization","name":"Otomed","url":"https:\/\/otomed.az\/","logo":{"@type":"ImageObject","inLanguage":"ru-RU","@id":"https:\/\/otomed.az\/#\/schema\/logo\/image\/","url":"https:\/\/otomed.az\/wp-content\/uploads\/2022\/12\/logo.png","contentUrl":"https:\/\/otomed.az\/wp-content\/uploads\/2022\/12\/logo.png","width":1340,"height":300,"caption":"Otomed"},"image":{"@id":"https:\/\/otomed.az\/#\/schema\/logo\/image\/"}}]}},"_links":{"self":[{"href":"https:\/\/otomed.az\/ru\/wp-json\/wp\/v2\/product\/1287"}],"collection":[{"href":"https:\/\/otomed.az\/ru\/wp-json\/wp\/v2\/product"}],"about":[{"href":"https:\/\/otomed.az\/ru\/wp-json\/wp\/v2\/types\/product"}],"replies":[{"embeddable":true,"href":"https:\/\/otomed.az\/ru\/wp-json\/wp\/v2\/comments?post=1287"}],"wp:featuredmedia":[{"embeddable":true,"href":"https:\/\/otomed.az\/ru\/wp-json\/wp\/v2\/media\/1352"}],"wp:attachment":[{"href":"https:\/\/otomed.az\/ru\/wp-json\/wp\/v2\/media?parent=1287"}],"wp:term":[{"taxonomy":"product_cat","embeddable":true,"href":"https:\/\/otomed.az\/ru\/wp-json\/wp\/v2\/product_cat?post=1287"},{"taxonomy":"product_tag","embeddable":true,"href":"https:\/\/otomed.az\/ru\/wp-json\/wp\/v2\/product_tag?post=1287"}],"curies":[{"name":"wp","href":"https:\/\/api.w.org\/{rel}","templated":true}]}}