{"id":1302,"date":"2023-08-04T16:18:16","date_gmt":"2023-08-04T13:18:16","guid":{"rendered":"https:\/\/otomed.az\/?post_type=product&#038;p=1302"},"modified":"2023-08-04T16:18:17","modified_gmt":"2023-08-04T13:18:17","slug":"resound-key-ke261","status":"publish","type":"product","link":"https:\/\/otomed.az\/ru\/product\/resound-key-ke261\/","title":{"rendered":"ReSound Key KE261"},"content":{"rendered":"<p>Premium texnologiya il\u0259 giri\u015f s\u0259viyy\u0259li seqmentd\u0259 uzaqdan q\u0259buledici (RIE) standart texnologiyas\u0131 il\u0259 miniat\u00fcr r\u0259q\u0259msal qulaq arxas\u0131 e\u015fitm\u0259 cihaz\u0131. 312 batareya il\u0259 i\u015fl\u0259yir. \u0130st\u0259nil\u0259n g\u00fcc n\u00f6v\u00fc \u00fc\u00e7\u00fcn d\u0259yi\u015fdiril\u0259 bil\u0259n q\u0259buledici se\u00e7m\u0259k qabiliyy\u0259tin\u0259 malikdir.<\/p>\n<p>ReSound Key e\u015fitm\u0259 cihazlar\u0131 t\u0259bii e\u015fitm\u0259ni m\u00fcmk\u00fcn q\u0259d\u0259r yax\u0131ndan t\u0259qlid ed\u0259n \u00dczvi E\u015fitm\u0259 f\u0259ls\u0259f\u0259sin\u0259 \u0259saslan\u0131r. \u0130ntuitiv v\u0259 istifad\u0259si asan, iPhone, iPad v\u0259 iPod v\u0259 uy\u011fun Android smartfonlar\u0131 \u00fc\u00e7\u00fcn n\u0259z\u0259rd\u0259 tutulmu\u015f ReSound Smart 3D e\u015fitm\u0259 f\u0259rdil\u0259\u015fdirm\u0259 proqram\u0131 yolda rahat t\u0259nziml\u0259m\u0259l\u0259ri t\u0259min edir. Bununla siz s\u0259s s\u0259viyy\u0259sini v\u0259 \u0259trafdak\u0131 s\u0259s-k\u00fcy\u00fc, m\u00fcxt\u0259lif s\u0259s proqramlar\u0131n\u0131, batareya s\u0259viyy\u0259sini idar\u0259 ed\u0259 bil\u0259rsiniz. T\u0259tbiq, istifad\u0259\u00e7i itirdiyi halda e\u015fitm\u0259 cihazlar\u0131n\u0131 tapma\u011fa, h\u0259m\u00e7inin m\u00fcalic\u0259vi s\u0259sl\u0259rl\u0259 qulaq t\u0131xanmas\u0131n\u0131 aradan qald\u0131rma\u011fa imkan verir. ReSound simsiz aksesuarlar\u0131n \u00e7e\u015fidi il\u0259 uy\u011funluq \u00e7\u0259tin v\u0259ziyy\u0259tl\u0259rd\u0259 \u0259lav\u0259 e\u015fitm\u0259 qabiliyy\u0259tini t\u0259min edir v\u0259 istifad\u0259\u00e7i t\u0259cr\u00fcb\u0259sini art\u0131r\u0131r.<\/p>\n<p><strong>\u018fsas x\u00fcsusiyy\u0259tl\u0259r: <\/strong>A\u015fa\u011f\u0131 tezlikli g\u00fccl\u0259ndirm\u0259 (yaln\u0131z UP q\u0259buledicisi il\u0259), a\u011f\u0131ll\u0131 ba\u015flan\u011f\u0131c, ReSound simsiz aksesuarlar\u0131n \u00e7e\u015fidi il\u0259 uy\u011fun g\u0259lir, Uzaqdan t\u0259nziml\u0259m\u0259, Onlayn ReSound D\u0259st\u0259yi, Uzaqdan proqram t\u0259minat\u0131 yenil\u0259m\u0259si.<\/p>\n","protected":false},"excerpt":{"rendered":"<p>Premium texnologiya il\u0259 giri\u015f s\u0259viyy\u0259li seqmentd\u0259 uzaqdan q\u0259buledici (RIE) standart texnologiyas\u0131 il\u0259 miniat\u00fcr r\u0259q\u0259msal qulaq arxas\u0131 e\u015fitm\u0259 cihaz\u0131. 312 batareya il\u0259 i\u015fl\u0259yir. \u0130st\u0259nil\u0259n g\u00fcc n\u00f6v\u00fc \u00fc\u00e7\u00fcn d\u0259yi\u015fdiril\u0259 bil\u0259n q\u0259buledici se\u00e7m\u0259k qabiliyy\u0259tin\u0259 malikdir. ReSound Key e\u015fitm\u0259 cihazlar\u0131 t\u0259bii e\u015fitm\u0259ni m\u00fcmk\u00fcn q\u0259d\u0259r yax\u0131ndan t\u0259qlid ed\u0259n \u00dczvi E\u015fitm\u0259 f\u0259ls\u0259f\u0259sin\u0259 \u0259saslan\u0131r. \u0130ntuitiv v\u0259 istifad\u0259si asan, iPhone, iPad v\u0259 iPod [&hellip;]<\/p>\n","protected":false},"featured_media":1306,"comment_status":"open","ping_status":"closed","template":"","meta":{"_joinchat":[]},"product_cat":[51],"product_tag":[],"yoast_head":"<!-- This site is optimized with the Yoast SEO plugin v21.1 - https:\/\/yoast.com\/wordpress\/plugins\/seo\/ -->\n<title>ReSound Key KE261 - Otomed<\/title>\n<meta name=\"robots\" content=\"index, follow, max-snippet:-1, max-image-preview:large, max-video-preview:-1\" \/>\n<link rel=\"canonical\" href=\"https:\/\/otomed.az\/product\/resound-key-ke261\/\" \/>\n<meta property=\"og:locale\" content=\"ru_RU\" \/>\n<meta property=\"og:type\" content=\"article\" \/>\n<meta property=\"og:title\" content=\"ReSound Key KE261 - Otomed\" \/>\n<meta property=\"og:description\" content=\"Premium texnologiya il\u0259 giri\u015f s\u0259viyy\u0259li seqmentd\u0259 uzaqdan q\u0259buledici (RIE) standart texnologiyas\u0131 il\u0259 miniat\u00fcr r\u0259q\u0259msal qulaq arxas\u0131 e\u015fitm\u0259 cihaz\u0131. 312 batareya il\u0259 i\u015fl\u0259yir. \u0130st\u0259nil\u0259n g\u00fcc n\u00f6v\u00fc \u00fc\u00e7\u00fcn d\u0259yi\u015fdiril\u0259 bil\u0259n q\u0259buledici se\u00e7m\u0259k qabiliyy\u0259tin\u0259 malikdir. ReSound Key e\u015fitm\u0259 cihazlar\u0131 t\u0259bii e\u015fitm\u0259ni m\u00fcmk\u00fcn q\u0259d\u0259r yax\u0131ndan t\u0259qlid ed\u0259n \u00dczvi E\u015fitm\u0259 f\u0259ls\u0259f\u0259sin\u0259 \u0259saslan\u0131r. \u0130ntuitiv v\u0259 istifad\u0259si asan, iPhone, iPad v\u0259 iPod [&hellip;]\" \/>\n<meta property=\"og:url\" content=\"https:\/\/otomed.az\/product\/resound-key-ke261\/\" \/>\n<meta property=\"og:site_name\" content=\"Otomed\" \/>\n<meta property=\"article:modified_time\" content=\"2023-08-04T13:18:17+00:00\" \/>\n<meta property=\"og:image\" content=\"https:\/\/otomed.az\/wp-content\/uploads\/2023\/08\/vanzulouhx0ju0z9r74he2fbfwy8xnrn.jpg\" \/>\n\t<meta property=\"og:image:width\" content=\"800\" \/>\n\t<meta property=\"og:image:height\" content=\"600\" \/>\n\t<meta property=\"og:image:type\" content=\"image\/jpeg\" \/>\n<meta name=\"twitter:card\" content=\"summary_large_image\" \/>\n<meta name=\"twitter:label1\" content=\"\u041f\u0440\u0438\u043c\u0435\u0440\u043d\u043e\u0435 \u0432\u0440\u0435\u043c\u044f \u0434\u043b\u044f \u0447\u0442\u0435\u043d\u0438\u044f\" \/>\n\t<meta name=\"twitter:data1\" content=\"1 \u043c\u0438\u043d\u0443\u0442\u0430\" \/>\n<script type=\"application\/ld+json\" class=\"yoast-schema-graph\">{\"@context\":\"https:\/\/schema.org\",\"@graph\":[{\"@type\":\"WebPage\",\"@id\":\"https:\/\/otomed.az\/product\/resound-key-ke261\/\",\"url\":\"https:\/\/otomed.az\/product\/resound-key-ke261\/\",\"name\":\"ReSound Key KE261 - Otomed\",\"isPartOf\":{\"@id\":\"https:\/\/otomed.az\/#website\"},\"datePublished\":\"2023-08-04T13:18:16+00:00\",\"dateModified\":\"2023-08-04T13:18:17+00:00\",\"breadcrumb\":{\"@id\":\"https:\/\/otomed.az\/product\/resound-key-ke261\/#breadcrumb\"},\"inLanguage\":\"ru-RU\",\"potentialAction\":[{\"@type\":\"ReadAction\",\"target\":[\"https:\/\/otomed.az\/product\/resound-key-ke261\/\"]}]},{\"@type\":\"BreadcrumbList\",\"@id\":\"https:\/\/otomed.az\/product\/resound-key-ke261\/#breadcrumb\",\"itemListElement\":[{\"@type\":\"ListItem\",\"position\":1,\"name\":\"\u0413\u043b\u0430\u0432\u043d\u0430\u044f \u0441\u0442\u0440\u0430\u043d\u0438\u0446\u0430\",\"item\":\"https:\/\/otomed.az\/ru\/\"},{\"@type\":\"ListItem\",\"position\":2,\"name\":\"Products\",\"item\":\"https:\/\/otomed.az\/shop\/\"},{\"@type\":\"ListItem\",\"position\":3,\"name\":\"ReSound Key KE261\"}]},{\"@type\":\"WebSite\",\"@id\":\"https:\/\/otomed.az\/#website\",\"url\":\"https:\/\/otomed.az\/\",\"name\":\"Otomed\",\"description\":\"\",\"publisher\":{\"@id\":\"https:\/\/otomed.az\/#organization\"},\"potentialAction\":[{\"@type\":\"SearchAction\",\"target\":{\"@type\":\"EntryPoint\",\"urlTemplate\":\"https:\/\/otomed.az\/?s={search_term_string}\"},\"query-input\":\"required name=search_term_string\"}],\"inLanguage\":\"ru-RU\"},{\"@type\":\"Organization\",\"@id\":\"https:\/\/otomed.az\/#organization\",\"name\":\"Otomed\",\"url\":\"https:\/\/otomed.az\/\",\"logo\":{\"@type\":\"ImageObject\",\"inLanguage\":\"ru-RU\",\"@id\":\"https:\/\/otomed.az\/#\/schema\/logo\/image\/\",\"url\":\"https:\/\/otomed.az\/wp-content\/uploads\/2022\/12\/logo.png\",\"contentUrl\":\"https:\/\/otomed.az\/wp-content\/uploads\/2022\/12\/logo.png\",\"width\":1340,\"height\":300,\"caption\":\"Otomed\"},\"image\":{\"@id\":\"https:\/\/otomed.az\/#\/schema\/logo\/image\/\"}}]}<\/script>\n<!-- \/ Yoast SEO plugin. -->","yoast_head_json":{"title":"ReSound Key KE261 - Otomed","robots":{"index":"index","follow":"follow","max-snippet":"max-snippet:-1","max-image-preview":"max-image-preview:large","max-video-preview":"max-video-preview:-1"},"canonical":"https:\/\/otomed.az\/product\/resound-key-ke261\/","og_locale":"ru_RU","og_type":"article","og_title":"ReSound Key KE261 - Otomed","og_description":"Premium texnologiya il\u0259 giri\u015f s\u0259viyy\u0259li seqmentd\u0259 uzaqdan q\u0259buledici (RIE) standart texnologiyas\u0131 il\u0259 miniat\u00fcr r\u0259q\u0259msal qulaq arxas\u0131 e\u015fitm\u0259 cihaz\u0131. 312 batareya il\u0259 i\u015fl\u0259yir. \u0130st\u0259nil\u0259n g\u00fcc n\u00f6v\u00fc \u00fc\u00e7\u00fcn d\u0259yi\u015fdiril\u0259 bil\u0259n q\u0259buledici se\u00e7m\u0259k qabiliyy\u0259tin\u0259 malikdir. ReSound Key e\u015fitm\u0259 cihazlar\u0131 t\u0259bii e\u015fitm\u0259ni m\u00fcmk\u00fcn q\u0259d\u0259r yax\u0131ndan t\u0259qlid ed\u0259n \u00dczvi E\u015fitm\u0259 f\u0259ls\u0259f\u0259sin\u0259 \u0259saslan\u0131r. \u0130ntuitiv v\u0259 istifad\u0259si asan, iPhone, iPad v\u0259 iPod [&hellip;]","og_url":"https:\/\/otomed.az\/product\/resound-key-ke261\/","og_site_name":"Otomed","article_modified_time":"2023-08-04T13:18:17+00:00","og_image":[{"width":800,"height":600,"url":"https:\/\/otomed.az\/wp-content\/uploads\/2023\/08\/vanzulouhx0ju0z9r74he2fbfwy8xnrn.jpg","type":"image\/jpeg"}],"twitter_card":"summary_large_image","twitter_misc":{"\u041f\u0440\u0438\u043c\u0435\u0440\u043d\u043e\u0435 \u0432\u0440\u0435\u043c\u044f \u0434\u043b\u044f \u0447\u0442\u0435\u043d\u0438\u044f":"1 \u043c\u0438\u043d\u0443\u0442\u0430"},"schema":{"@context":"https:\/\/schema.org","@graph":[{"@type":"WebPage","@id":"https:\/\/otomed.az\/product\/resound-key-ke261\/","url":"https:\/\/otomed.az\/product\/resound-key-ke261\/","name":"ReSound Key KE261 - Otomed","isPartOf":{"@id":"https:\/\/otomed.az\/#website"},"datePublished":"2023-08-04T13:18:16+00:00","dateModified":"2023-08-04T13:18:17+00:00","breadcrumb":{"@id":"https:\/\/otomed.az\/product\/resound-key-ke261\/#breadcrumb"},"inLanguage":"ru-RU","potentialAction":[{"@type":"ReadAction","target":["https:\/\/otomed.az\/product\/resound-key-ke261\/"]}]},{"@type":"BreadcrumbList","@id":"https:\/\/otomed.az\/product\/resound-key-ke261\/#breadcrumb","itemListElement":[{"@type":"ListItem","position":1,"name":"\u0413\u043b\u0430\u0432\u043d\u0430\u044f \u0441\u0442\u0440\u0430\u043d\u0438\u0446\u0430","item":"https:\/\/otomed.az\/ru\/"},{"@type":"ListItem","position":2,"name":"Products","item":"https:\/\/otomed.az\/shop\/"},{"@type":"ListItem","position":3,"name":"ReSound Key KE261"}]},{"@type":"WebSite","@id":"https:\/\/otomed.az\/#website","url":"https:\/\/otomed.az\/","name":"Otomed","description":"","publisher":{"@id":"https:\/\/otomed.az\/#organization"},"potentialAction":[{"@type":"SearchAction","target":{"@type":"EntryPoint","urlTemplate":"https:\/\/otomed.az\/?s={search_term_string}"},"query-input":"required name=search_term_string"}],"inLanguage":"ru-RU"},{"@type":"Organization","@id":"https:\/\/otomed.az\/#organization","name":"Otomed","url":"https:\/\/otomed.az\/","logo":{"@type":"ImageObject","inLanguage":"ru-RU","@id":"https:\/\/otomed.az\/#\/schema\/logo\/image\/","url":"https:\/\/otomed.az\/wp-content\/uploads\/2022\/12\/logo.png","contentUrl":"https:\/\/otomed.az\/wp-content\/uploads\/2022\/12\/logo.png","width":1340,"height":300,"caption":"Otomed"},"image":{"@id":"https:\/\/otomed.az\/#\/schema\/logo\/image\/"}}]}},"_links":{"self":[{"href":"https:\/\/otomed.az\/ru\/wp-json\/wp\/v2\/product\/1302"}],"collection":[{"href":"https:\/\/otomed.az\/ru\/wp-json\/wp\/v2\/product"}],"about":[{"href":"https:\/\/otomed.az\/ru\/wp-json\/wp\/v2\/types\/product"}],"replies":[{"embeddable":true,"href":"https:\/\/otomed.az\/ru\/wp-json\/wp\/v2\/comments?post=1302"}],"wp:featuredmedia":[{"embeddable":true,"href":"https:\/\/otomed.az\/ru\/wp-json\/wp\/v2\/media\/1306"}],"wp:attachment":[{"href":"https:\/\/otomed.az\/ru\/wp-json\/wp\/v2\/media?parent=1302"}],"wp:term":[{"taxonomy":"product_cat","embeddable":true,"href":"https:\/\/otomed.az\/ru\/wp-json\/wp\/v2\/product_cat?post=1302"},{"taxonomy":"product_tag","embeddable":true,"href":"https:\/\/otomed.az\/ru\/wp-json\/wp\/v2\/product_tag?post=1302"}],"curies":[{"name":"wp","href":"https:\/\/api.w.org\/{rel}","templated":true}]}}