{"id":1314,"date":"2023-08-07T11:31:55","date_gmt":"2023-08-07T08:31:55","guid":{"rendered":"https:\/\/otomed.az\/?post_type=product&#038;p=1314"},"modified":"2023-08-07T11:31:56","modified_gmt":"2023-08-07T08:31:56","slug":"resound-key-367","status":"publish","type":"product","link":"https:\/\/otomed.az\/ru\/product\/resound-key-367\/","title":{"rendered":"ReSound Key 367"},"content":{"rendered":"<p>I-III d\u0259r\u0259c\u0259li e\u015fitm\u0259 itkisini kompensasiya etm\u0259k \u00fc\u00e7\u00fcn istifad\u0259 edil\u0259n, geni\u015fl\u0259ndirilmi\u015f funksionall\u0131q s\u0259viyy\u0259sin\u0259 malik orta g\u00fcc\u0259 malik r\u0259q\u0259msal mini qulaq arxas\u0131 e\u015fitm\u0259 cihaz\u0131.<\/p>\n<p>KEY 367\u00a0 miniat\u00fcr qulaq arxas\u0131 e\u015fitm\u0259 cihazlar\u0131 orta d\u0259r\u0259c\u0259d\u0259 aktiv h\u0259yat t\u0259rzi ke\u00e7ir\u0259n istifad\u0259\u00e7il\u0259r \u00fc\u00e7\u00fcn uy\u011fundur. Onlar\u0131n simsiz \u0259laq\u0259si, z\u0259rif dizayn\u0131 v\u0259 y\u00fcks\u0259k keyfiyy\u0259tli s\u0259si var.<\/p>\n<p>ReSound Key \u0259n son Bluetooth Low Energy simsiz texnologiyas\u0131ndan istifad\u0259 edir. Bu, uy\u011fun Apple v\u0259 Android smartfonlar\u0131ndan birba\u015fa audio ax\u0131n\u0131n\u0131 t\u0259min edir.<\/p>\n<p>\u0130ntuitiv v\u0259 istifad\u0259si asan, iPhone, iPad v\u0259 iPod v\u0259 uy\u011fun Android smartfonlar\u0131 \u00fc\u00e7\u00fcn n\u0259z\u0259rd\u0259 tutulmu\u015f ReSound Smart 3D e\u015fitm\u0259 f\u0259rdil\u0259\u015fdirm\u0259 proqram\u0131 yolda rahat t\u0259nziml\u0259m\u0259l\u0259ri t\u0259min edir. Bununla siz s\u0259s s\u0259viyy\u0259sini v\u0259 \u0259trafdak\u0131 s\u0259s-k\u00fcy\u00fc, m\u00fcxt\u0259lif s\u0259s proqramlar\u0131n\u0131, batareya s\u0259viyy\u0259sini idar\u0259 ed\u0259 bil\u0259rsiniz. T\u0259tbiq, istifad\u0259\u00e7i itirdiyi halda e\u015fitm\u0259 cihazlar\u0131n\u0131 tapma\u011fa, h\u0259m\u00e7inin m\u00fcalic\u0259vi s\u0259sl\u0259rl\u0259 qulaq t\u0131xanmas\u0131n\u0131 aradan qald\u0131rma\u011fa imkan verir.<\/p>\n<p>Simsiz aksesuarlar\u0131n ReSound \u00e7e\u015fidi il\u0259 uy\u011funluq \u00e7\u0259tin v\u0259ziyy\u0259tl\u0259rd\u0259 \u0259lav\u0259 e\u015fitm\u0259 qabiliyy\u0259tini t\u0259min edir v\u0259 istifad\u0259\u00e7i t\u0259cr\u00fcb\u0259sini art\u0131r\u0131r.<\/p>\n<p><strong>\u018fsas X\u00fcsusiyy\u0259tl\u0259r<\/strong><\/p>\n<p>Orta s\u0259s-k\u00fcyl\u00fc akustik v\u0259ziyy\u0259tl\u0259rd\u0259 istifad\u0259 \u00fc\u00e7\u00fcn n\u0259z\u0259rd\u0259 tutulmu\u015fdur;\u00a0 B\u00fct\u00fcn ReSound Unite simsiz aksesuarlar\u0131 v\u0259 ReSound Control proqram\u0131 il\u0259 uy\u011fun g\u0259lir<\/p>\n<p>Tinnitus Generatoru var; qulaqda q\u0259buledici e\u015fitm\u0259 cihazlar\u0131 v\u0259 qulaq arxas\u0131 miniat\u00fcr modell\u0259ri m\u00f6vcuddur.<\/p>\n<p>Qeyd d\u0259ft\u0259ri II, t\u0259hl\u00fck\u0259siz parametr, In Situ Audiometriya, Airlink 2 il\u0259 simsiz qura\u015fd\u0131rma, proqram ke\u00e7id d\u00fcym\u0259si, induksiya bobini, birba\u015fa Audio Giri\u015f (DAI).<\/p>\n","protected":false},"excerpt":{"rendered":"<p>I-III d\u0259r\u0259c\u0259li e\u015fitm\u0259 itkisini kompensasiya etm\u0259k \u00fc\u00e7\u00fcn istifad\u0259 edil\u0259n, geni\u015fl\u0259ndirilmi\u015f funksionall\u0131q s\u0259viyy\u0259sin\u0259 malik orta g\u00fcc\u0259 malik r\u0259q\u0259msal mini qulaq arxas\u0131 e\u015fitm\u0259 cihaz\u0131. KEY 367\u00a0 miniat\u00fcr qulaq arxas\u0131 e\u015fitm\u0259 cihazlar\u0131 orta d\u0259r\u0259c\u0259d\u0259 aktiv h\u0259yat t\u0259rzi ke\u00e7ir\u0259n istifad\u0259\u00e7il\u0259r \u00fc\u00e7\u00fcn uy\u011fundur. Onlar\u0131n simsiz \u0259laq\u0259si, z\u0259rif dizayn\u0131 v\u0259 y\u00fcks\u0259k keyfiyy\u0259tli s\u0259si var. ReSound Key \u0259n son Bluetooth Low Energy [&hellip;]<\/p>\n","protected":false},"featured_media":1315,"comment_status":"open","ping_status":"closed","template":"","meta":{"_joinchat":[]},"product_cat":[51],"product_tag":[],"yoast_head":"<!-- This site is optimized with the Yoast SEO plugin v21.1 - https:\/\/yoast.com\/wordpress\/plugins\/seo\/ -->\n<title>ReSound Key 367 - Otomed<\/title>\n<meta name=\"robots\" content=\"index, follow, max-snippet:-1, max-image-preview:large, max-video-preview:-1\" \/>\n<link rel=\"canonical\" href=\"https:\/\/otomed.az\/product\/resound-key-367\/\" \/>\n<meta property=\"og:locale\" content=\"ru_RU\" \/>\n<meta property=\"og:type\" content=\"article\" \/>\n<meta property=\"og:title\" content=\"ReSound Key 367 - Otomed\" \/>\n<meta property=\"og:description\" content=\"I-III d\u0259r\u0259c\u0259li e\u015fitm\u0259 itkisini kompensasiya etm\u0259k \u00fc\u00e7\u00fcn istifad\u0259 edil\u0259n, geni\u015fl\u0259ndirilmi\u015f funksionall\u0131q s\u0259viyy\u0259sin\u0259 malik orta g\u00fcc\u0259 malik r\u0259q\u0259msal mini qulaq arxas\u0131 e\u015fitm\u0259 cihaz\u0131. KEY 367\u00a0 miniat\u00fcr qulaq arxas\u0131 e\u015fitm\u0259 cihazlar\u0131 orta d\u0259r\u0259c\u0259d\u0259 aktiv h\u0259yat t\u0259rzi ke\u00e7ir\u0259n istifad\u0259\u00e7il\u0259r \u00fc\u00e7\u00fcn uy\u011fundur. Onlar\u0131n simsiz \u0259laq\u0259si, z\u0259rif dizayn\u0131 v\u0259 y\u00fcks\u0259k keyfiyy\u0259tli s\u0259si var. ReSound Key \u0259n son Bluetooth Low Energy [&hellip;]\" \/>\n<meta property=\"og:url\" content=\"https:\/\/otomed.az\/product\/resound-key-367\/\" \/>\n<meta property=\"og:site_name\" content=\"Otomed\" \/>\n<meta property=\"article:modified_time\" content=\"2023-08-07T08:31:56+00:00\" \/>\n<meta property=\"og:image\" content=\"https:\/\/otomed.az\/wp-content\/uploads\/2023\/08\/367.jpg\" \/>\n\t<meta property=\"og:image:width\" content=\"800\" \/>\n\t<meta property=\"og:image:height\" content=\"600\" \/>\n\t<meta property=\"og:image:type\" content=\"image\/jpeg\" \/>\n<meta name=\"twitter:card\" content=\"summary_large_image\" \/>\n<meta name=\"twitter:label1\" content=\"\u041f\u0440\u0438\u043c\u0435\u0440\u043d\u043e\u0435 \u0432\u0440\u0435\u043c\u044f \u0434\u043b\u044f \u0447\u0442\u0435\u043d\u0438\u044f\" \/>\n\t<meta name=\"twitter:data1\" content=\"2 \u043c\u0438\u043d\u0443\u0442\u044b\" \/>\n<script type=\"application\/ld+json\" class=\"yoast-schema-graph\">{\"@context\":\"https:\/\/schema.org\",\"@graph\":[{\"@type\":\"WebPage\",\"@id\":\"https:\/\/otomed.az\/product\/resound-key-367\/\",\"url\":\"https:\/\/otomed.az\/product\/resound-key-367\/\",\"name\":\"ReSound Key 367 - Otomed\",\"isPartOf\":{\"@id\":\"https:\/\/otomed.az\/#website\"},\"datePublished\":\"2023-08-07T08:31:55+00:00\",\"dateModified\":\"2023-08-07T08:31:56+00:00\",\"breadcrumb\":{\"@id\":\"https:\/\/otomed.az\/product\/resound-key-367\/#breadcrumb\"},\"inLanguage\":\"ru-RU\",\"potentialAction\":[{\"@type\":\"ReadAction\",\"target\":[\"https:\/\/otomed.az\/product\/resound-key-367\/\"]}]},{\"@type\":\"BreadcrumbList\",\"@id\":\"https:\/\/otomed.az\/product\/resound-key-367\/#breadcrumb\",\"itemListElement\":[{\"@type\":\"ListItem\",\"position\":1,\"name\":\"\u0413\u043b\u0430\u0432\u043d\u0430\u044f \u0441\u0442\u0440\u0430\u043d\u0438\u0446\u0430\",\"item\":\"https:\/\/otomed.az\/ru\/\"},{\"@type\":\"ListItem\",\"position\":2,\"name\":\"Products\",\"item\":\"https:\/\/otomed.az\/shop\/\"},{\"@type\":\"ListItem\",\"position\":3,\"name\":\"ReSound Key 367\"}]},{\"@type\":\"WebSite\",\"@id\":\"https:\/\/otomed.az\/#website\",\"url\":\"https:\/\/otomed.az\/\",\"name\":\"Otomed\",\"description\":\"\",\"publisher\":{\"@id\":\"https:\/\/otomed.az\/#organization\"},\"potentialAction\":[{\"@type\":\"SearchAction\",\"target\":{\"@type\":\"EntryPoint\",\"urlTemplate\":\"https:\/\/otomed.az\/?s={search_term_string}\"},\"query-input\":\"required name=search_term_string\"}],\"inLanguage\":\"ru-RU\"},{\"@type\":\"Organization\",\"@id\":\"https:\/\/otomed.az\/#organization\",\"name\":\"Otomed\",\"url\":\"https:\/\/otomed.az\/\",\"logo\":{\"@type\":\"ImageObject\",\"inLanguage\":\"ru-RU\",\"@id\":\"https:\/\/otomed.az\/#\/schema\/logo\/image\/\",\"url\":\"https:\/\/otomed.az\/wp-content\/uploads\/2022\/12\/logo.png\",\"contentUrl\":\"https:\/\/otomed.az\/wp-content\/uploads\/2022\/12\/logo.png\",\"width\":1340,\"height\":300,\"caption\":\"Otomed\"},\"image\":{\"@id\":\"https:\/\/otomed.az\/#\/schema\/logo\/image\/\"}}]}<\/script>\n<!-- \/ Yoast SEO plugin. -->","yoast_head_json":{"title":"ReSound Key 367 - Otomed","robots":{"index":"index","follow":"follow","max-snippet":"max-snippet:-1","max-image-preview":"max-image-preview:large","max-video-preview":"max-video-preview:-1"},"canonical":"https:\/\/otomed.az\/product\/resound-key-367\/","og_locale":"ru_RU","og_type":"article","og_title":"ReSound Key 367 - Otomed","og_description":"I-III d\u0259r\u0259c\u0259li e\u015fitm\u0259 itkisini kompensasiya etm\u0259k \u00fc\u00e7\u00fcn istifad\u0259 edil\u0259n, geni\u015fl\u0259ndirilmi\u015f funksionall\u0131q s\u0259viyy\u0259sin\u0259 malik orta g\u00fcc\u0259 malik r\u0259q\u0259msal mini qulaq arxas\u0131 e\u015fitm\u0259 cihaz\u0131. KEY 367\u00a0 miniat\u00fcr qulaq arxas\u0131 e\u015fitm\u0259 cihazlar\u0131 orta d\u0259r\u0259c\u0259d\u0259 aktiv h\u0259yat t\u0259rzi ke\u00e7ir\u0259n istifad\u0259\u00e7il\u0259r \u00fc\u00e7\u00fcn uy\u011fundur. Onlar\u0131n simsiz \u0259laq\u0259si, z\u0259rif dizayn\u0131 v\u0259 y\u00fcks\u0259k keyfiyy\u0259tli s\u0259si var. ReSound Key \u0259n son Bluetooth Low Energy [&hellip;]","og_url":"https:\/\/otomed.az\/product\/resound-key-367\/","og_site_name":"Otomed","article_modified_time":"2023-08-07T08:31:56+00:00","og_image":[{"width":800,"height":600,"url":"https:\/\/otomed.az\/wp-content\/uploads\/2023\/08\/367.jpg","type":"image\/jpeg"}],"twitter_card":"summary_large_image","twitter_misc":{"\u041f\u0440\u0438\u043c\u0435\u0440\u043d\u043e\u0435 \u0432\u0440\u0435\u043c\u044f \u0434\u043b\u044f \u0447\u0442\u0435\u043d\u0438\u044f":"2 \u043c\u0438\u043d\u0443\u0442\u044b"},"schema":{"@context":"https:\/\/schema.org","@graph":[{"@type":"WebPage","@id":"https:\/\/otomed.az\/product\/resound-key-367\/","url":"https:\/\/otomed.az\/product\/resound-key-367\/","name":"ReSound Key 367 - Otomed","isPartOf":{"@id":"https:\/\/otomed.az\/#website"},"datePublished":"2023-08-07T08:31:55+00:00","dateModified":"2023-08-07T08:31:56+00:00","breadcrumb":{"@id":"https:\/\/otomed.az\/product\/resound-key-367\/#breadcrumb"},"inLanguage":"ru-RU","potentialAction":[{"@type":"ReadAction","target":["https:\/\/otomed.az\/product\/resound-key-367\/"]}]},{"@type":"BreadcrumbList","@id":"https:\/\/otomed.az\/product\/resound-key-367\/#breadcrumb","itemListElement":[{"@type":"ListItem","position":1,"name":"\u0413\u043b\u0430\u0432\u043d\u0430\u044f \u0441\u0442\u0440\u0430\u043d\u0438\u0446\u0430","item":"https:\/\/otomed.az\/ru\/"},{"@type":"ListItem","position":2,"name":"Products","item":"https:\/\/otomed.az\/shop\/"},{"@type":"ListItem","position":3,"name":"ReSound Key 367"}]},{"@type":"WebSite","@id":"https:\/\/otomed.az\/#website","url":"https:\/\/otomed.az\/","name":"Otomed","description":"","publisher":{"@id":"https:\/\/otomed.az\/#organization"},"potentialAction":[{"@type":"SearchAction","target":{"@type":"EntryPoint","urlTemplate":"https:\/\/otomed.az\/?s={search_term_string}"},"query-input":"required name=search_term_string"}],"inLanguage":"ru-RU"},{"@type":"Organization","@id":"https:\/\/otomed.az\/#organization","name":"Otomed","url":"https:\/\/otomed.az\/","logo":{"@type":"ImageObject","inLanguage":"ru-RU","@id":"https:\/\/otomed.az\/#\/schema\/logo\/image\/","url":"https:\/\/otomed.az\/wp-content\/uploads\/2022\/12\/logo.png","contentUrl":"https:\/\/otomed.az\/wp-content\/uploads\/2022\/12\/logo.png","width":1340,"height":300,"caption":"Otomed"},"image":{"@id":"https:\/\/otomed.az\/#\/schema\/logo\/image\/"}}]}},"_links":{"self":[{"href":"https:\/\/otomed.az\/ru\/wp-json\/wp\/v2\/product\/1314"}],"collection":[{"href":"https:\/\/otomed.az\/ru\/wp-json\/wp\/v2\/product"}],"about":[{"href":"https:\/\/otomed.az\/ru\/wp-json\/wp\/v2\/types\/product"}],"replies":[{"embeddable":true,"href":"https:\/\/otomed.az\/ru\/wp-json\/wp\/v2\/comments?post=1314"}],"wp:featuredmedia":[{"embeddable":true,"href":"https:\/\/otomed.az\/ru\/wp-json\/wp\/v2\/media\/1315"}],"wp:attachment":[{"href":"https:\/\/otomed.az\/ru\/wp-json\/wp\/v2\/media?parent=1314"}],"wp:term":[{"taxonomy":"product_cat","embeddable":true,"href":"https:\/\/otomed.az\/ru\/wp-json\/wp\/v2\/product_cat?post=1314"},{"taxonomy":"product_tag","embeddable":true,"href":"https:\/\/otomed.az\/ru\/wp-json\/wp\/v2\/product_tag?post=1314"}],"curies":[{"name":"wp","href":"https:\/\/api.w.org\/{rel}","templated":true}]}}