{"id":1318,"date":"2023-08-07T12:41:02","date_gmt":"2023-08-07T09:41:02","guid":{"rendered":"https:\/\/otomed.az\/?post_type=product&#038;p=1318"},"modified":"2023-08-07T12:41:07","modified_gmt":"2023-08-07T09:41:07","slug":"resound-key-ke461-drwc","status":"publish","type":"product","link":"https:\/\/otomed.az\/ru\/product\/resound-key-ke461-drwc\/","title":{"rendered":"ReSound Key KE461-DRWC"},"content":{"rendered":"<p>Premium texnologiya il\u0259 giri\u015f s\u0259viyy\u0259li seqmentd\u0259 \u0259n y\u00fcks\u0259k s\u0259viyy\u0259li R\u0259q\u0259msal Doldurula bil\u0259n Qulaq Q\u0259buledici (RIE) E\u015fitm\u0259 Cihaz\u0131. Daxili litium-ion batareya il\u0259 t\u0259chiz edilmi\u015fdir. \u0130st\u0259nil\u0259n g\u00fcc n\u00f6v\u00fc \u00fc\u00e7\u00fcn d\u0259yi\u015fdiril\u0259 bil\u0259n q\u0259buledici se\u00e7m\u0259k qabiliyy\u0259tin\u0259 malikdir.<\/p>\n<p><strong>\u018fsas X\u00fcsusiyy\u0259tl\u0259r:<\/strong><\/p>\n<p>ReSound Key e\u015fitm\u0259 cihazlar\u0131 t\u0259bii e\u015fitm\u0259ni m\u00fcmk\u00fcn q\u0259d\u0259r yax\u0131ndan t\u0259qlid ed\u0259n \u00dczvi E\u015fitm\u0259 f\u0259ls\u0259f\u0259sin\u0259 \u0259saslan\u0131r.<\/p>\n<p>ReSound Key \u0259n son Bluetooth Low Energy simsiz texnologiyas\u0131ndan istifad\u0259 edir. Bu, uy\u011fun Apple v\u0259 Android smartfonlar\u0131ndan birba\u015fa audio ax\u0131n\u0131n\u0131 t\u0259min edir.<\/p>\n<p>\u0130ntuitiv v\u0259 istifad\u0259si asan, iPhone, iPad v\u0259 iPod v\u0259 uy\u011fun Android smartfonlar\u0131 \u00fc\u00e7\u00fcn n\u0259z\u0259rd\u0259 tutulmu\u015f ReSound Smart 3D e\u015fitm\u0259 f\u0259rdil\u0259\u015fdirm\u0259 proqram\u0131 yolda rahat t\u0259nziml\u0259m\u0259l\u0259ri t\u0259min edir. Bununla siz s\u0259s s\u0259viyy\u0259sini v\u0259 \u0259trafdak\u0131 s\u0259s-k\u00fcy\u00fc, m\u00fcxt\u0259lif s\u0259s proqramlar\u0131n\u0131, batareya s\u0259viyy\u0259sini idar\u0259 ed\u0259 bil\u0259rsiniz. T\u0259tbiq, istifad\u0259\u00e7i itirdiyi halda e\u015fitm\u0259 cihazlar\u0131n\u0131 tapma\u011fa, h\u0259m\u00e7inin m\u00fcalic\u0259vi s\u0259sl\u0259rl\u0259 qulaq t\u0131xanmas\u0131n\u0131 aradan qald\u0131rma\u011fa imkan verir.<\/p>\n<p>ReSound simsiz aksesuarlar\u0131n \u00e7e\u015fidi il\u0259 uy\u011funluq \u00e7\u0259tin v\u0259ziyy\u0259tl\u0259rd\u0259 \u0259lav\u0259 e\u015fitm\u0259 qabiliyy\u0259tini t\u0259min edir v\u0259 istifad\u0259\u00e7i t\u0259cr\u00fcb\u0259sini art\u0131r\u0131r.<\/p>\n<p>Yenid\u0259n doldurulan ReSound A\u00e7ar modell\u0259ri batareyan\u0131 doldurmadan 30 saata q\u0259d\u0259r istifad\u0259 edil\u0259 bil\u0259r. \u0130stifad\u0259\u00e7i ehtiyaclar\u0131na v\u0259 h\u0259yat t\u0259rzin\u0259 uy\u011fun olaraq iki d\u0259bli portativ \u015farj cihaz\u0131 aras\u0131ndan se\u00e7im ed\u0259 bil\u0259r (Desktop &#8212; evd\u0259 istifad\u0259 \u00fc\u00e7\u00fcn ideal v\u0259 ya Premium &#8212; s\u0259yah\u0259t \u00fc\u00e7\u00fcn ideal).<\/p>\n<p>Qeyd d\u0259ft\u0259ri II, Noahlink Wireless il\u0259 simsiz qura\u015fd\u0131rma, t\u0259krar doldurulan model &#8212; bir d\u0259f\u0259 doldurulma il\u0259 30 saata q\u0259d\u0259r, 50% ax\u0131nla 25 saat, batareya n\u00f6v\u00fc &#8212; daxili litium-ion batareya.<\/p>\n","protected":false},"excerpt":{"rendered":"<p>Premium texnologiya il\u0259 giri\u015f s\u0259viyy\u0259li seqmentd\u0259 \u0259n y\u00fcks\u0259k s\u0259viyy\u0259li R\u0259q\u0259msal Doldurula bil\u0259n Qulaq Q\u0259buledici (RIE) E\u015fitm\u0259 Cihaz\u0131. Daxili litium-ion batareya il\u0259 t\u0259chiz edilmi\u015fdir. \u0130st\u0259nil\u0259n g\u00fcc n\u00f6v\u00fc \u00fc\u00e7\u00fcn d\u0259yi\u015fdiril\u0259 bil\u0259n q\u0259buledici se\u00e7m\u0259k qabiliyy\u0259tin\u0259 malikdir. \u018fsas X\u00fcsusiyy\u0259tl\u0259r: ReSound Key e\u015fitm\u0259 cihazlar\u0131 t\u0259bii e\u015fitm\u0259ni m\u00fcmk\u00fcn q\u0259d\u0259r yax\u0131ndan t\u0259qlid ed\u0259n \u00dczvi E\u015fitm\u0259 f\u0259ls\u0259f\u0259sin\u0259 \u0259saslan\u0131r. ReSound Key \u0259n son Bluetooth [&hellip;]<\/p>\n","protected":false},"featured_media":1319,"comment_status":"open","ping_status":"closed","template":"","meta":{"_joinchat":[]},"product_cat":[51],"product_tag":[],"yoast_head":"<!-- This site is optimized with the Yoast SEO plugin v21.1 - https:\/\/yoast.com\/wordpress\/plugins\/seo\/ -->\n<title>ReSound Key KE461-DRWC - Otomed<\/title>\n<meta name=\"robots\" content=\"index, follow, max-snippet:-1, max-image-preview:large, max-video-preview:-1\" \/>\n<link rel=\"canonical\" href=\"https:\/\/otomed.az\/product\/resound-key-ke461-drwc\/\" \/>\n<meta property=\"og:locale\" content=\"ru_RU\" \/>\n<meta property=\"og:type\" content=\"article\" \/>\n<meta property=\"og:title\" content=\"ReSound Key KE461-DRWC - Otomed\" \/>\n<meta property=\"og:description\" content=\"Premium texnologiya il\u0259 giri\u015f s\u0259viyy\u0259li seqmentd\u0259 \u0259n y\u00fcks\u0259k s\u0259viyy\u0259li R\u0259q\u0259msal Doldurula bil\u0259n Qulaq Q\u0259buledici (RIE) E\u015fitm\u0259 Cihaz\u0131. Daxili litium-ion batareya il\u0259 t\u0259chiz edilmi\u015fdir. \u0130st\u0259nil\u0259n g\u00fcc n\u00f6v\u00fc \u00fc\u00e7\u00fcn d\u0259yi\u015fdiril\u0259 bil\u0259n q\u0259buledici se\u00e7m\u0259k qabiliyy\u0259tin\u0259 malikdir. \u018fsas X\u00fcsusiyy\u0259tl\u0259r: ReSound Key e\u015fitm\u0259 cihazlar\u0131 t\u0259bii e\u015fitm\u0259ni m\u00fcmk\u00fcn q\u0259d\u0259r yax\u0131ndan t\u0259qlid ed\u0259n \u00dczvi E\u015fitm\u0259 f\u0259ls\u0259f\u0259sin\u0259 \u0259saslan\u0131r. ReSound Key \u0259n son Bluetooth [&hellip;]\" \/>\n<meta property=\"og:url\" content=\"https:\/\/otomed.az\/product\/resound-key-ke461-drwc\/\" \/>\n<meta property=\"og:site_name\" content=\"Otomed\" \/>\n<meta property=\"article:modified_time\" content=\"2023-08-07T09:41:07+00:00\" \/>\n<meta property=\"og:image\" content=\"https:\/\/otomed.az\/wp-content\/uploads\/2023\/08\/461.jpg\" \/>\n\t<meta property=\"og:image:width\" content=\"800\" \/>\n\t<meta property=\"og:image:height\" content=\"600\" \/>\n\t<meta property=\"og:image:type\" content=\"image\/jpeg\" \/>\n<meta name=\"twitter:card\" content=\"summary_large_image\" \/>\n<meta name=\"twitter:label1\" content=\"\u041f\u0440\u0438\u043c\u0435\u0440\u043d\u043e\u0435 \u0432\u0440\u0435\u043c\u044f \u0434\u043b\u044f \u0447\u0442\u0435\u043d\u0438\u044f\" \/>\n\t<meta name=\"twitter:data1\" content=\"2 \u043c\u0438\u043d\u0443\u0442\u044b\" \/>\n<script type=\"application\/ld+json\" class=\"yoast-schema-graph\">{\"@context\":\"https:\/\/schema.org\",\"@graph\":[{\"@type\":\"WebPage\",\"@id\":\"https:\/\/otomed.az\/product\/resound-key-ke461-drwc\/\",\"url\":\"https:\/\/otomed.az\/product\/resound-key-ke461-drwc\/\",\"name\":\"ReSound Key KE461-DRWC - Otomed\",\"isPartOf\":{\"@id\":\"https:\/\/otomed.az\/#website\"},\"datePublished\":\"2023-08-07T09:41:02+00:00\",\"dateModified\":\"2023-08-07T09:41:07+00:00\",\"breadcrumb\":{\"@id\":\"https:\/\/otomed.az\/product\/resound-key-ke461-drwc\/#breadcrumb\"},\"inLanguage\":\"ru-RU\",\"potentialAction\":[{\"@type\":\"ReadAction\",\"target\":[\"https:\/\/otomed.az\/product\/resound-key-ke461-drwc\/\"]}]},{\"@type\":\"BreadcrumbList\",\"@id\":\"https:\/\/otomed.az\/product\/resound-key-ke461-drwc\/#breadcrumb\",\"itemListElement\":[{\"@type\":\"ListItem\",\"position\":1,\"name\":\"\u0413\u043b\u0430\u0432\u043d\u0430\u044f \u0441\u0442\u0440\u0430\u043d\u0438\u0446\u0430\",\"item\":\"https:\/\/otomed.az\/ru\/\"},{\"@type\":\"ListItem\",\"position\":2,\"name\":\"Products\",\"item\":\"https:\/\/otomed.az\/shop\/\"},{\"@type\":\"ListItem\",\"position\":3,\"name\":\"ReSound Key KE461-DRWC\"}]},{\"@type\":\"WebSite\",\"@id\":\"https:\/\/otomed.az\/#website\",\"url\":\"https:\/\/otomed.az\/\",\"name\":\"Otomed\",\"description\":\"\",\"publisher\":{\"@id\":\"https:\/\/otomed.az\/#organization\"},\"potentialAction\":[{\"@type\":\"SearchAction\",\"target\":{\"@type\":\"EntryPoint\",\"urlTemplate\":\"https:\/\/otomed.az\/?s={search_term_string}\"},\"query-input\":\"required name=search_term_string\"}],\"inLanguage\":\"ru-RU\"},{\"@type\":\"Organization\",\"@id\":\"https:\/\/otomed.az\/#organization\",\"name\":\"Otomed\",\"url\":\"https:\/\/otomed.az\/\",\"logo\":{\"@type\":\"ImageObject\",\"inLanguage\":\"ru-RU\",\"@id\":\"https:\/\/otomed.az\/#\/schema\/logo\/image\/\",\"url\":\"https:\/\/otomed.az\/wp-content\/uploads\/2022\/12\/logo.png\",\"contentUrl\":\"https:\/\/otomed.az\/wp-content\/uploads\/2022\/12\/logo.png\",\"width\":1340,\"height\":300,\"caption\":\"Otomed\"},\"image\":{\"@id\":\"https:\/\/otomed.az\/#\/schema\/logo\/image\/\"}}]}<\/script>\n<!-- \/ Yoast SEO plugin. -->","yoast_head_json":{"title":"ReSound Key KE461-DRWC - Otomed","robots":{"index":"index","follow":"follow","max-snippet":"max-snippet:-1","max-image-preview":"max-image-preview:large","max-video-preview":"max-video-preview:-1"},"canonical":"https:\/\/otomed.az\/product\/resound-key-ke461-drwc\/","og_locale":"ru_RU","og_type":"article","og_title":"ReSound Key KE461-DRWC - Otomed","og_description":"Premium texnologiya il\u0259 giri\u015f s\u0259viyy\u0259li seqmentd\u0259 \u0259n y\u00fcks\u0259k s\u0259viyy\u0259li R\u0259q\u0259msal Doldurula bil\u0259n Qulaq Q\u0259buledici (RIE) E\u015fitm\u0259 Cihaz\u0131. Daxili litium-ion batareya il\u0259 t\u0259chiz edilmi\u015fdir. \u0130st\u0259nil\u0259n g\u00fcc n\u00f6v\u00fc \u00fc\u00e7\u00fcn d\u0259yi\u015fdiril\u0259 bil\u0259n q\u0259buledici se\u00e7m\u0259k qabiliyy\u0259tin\u0259 malikdir. \u018fsas X\u00fcsusiyy\u0259tl\u0259r: ReSound Key e\u015fitm\u0259 cihazlar\u0131 t\u0259bii e\u015fitm\u0259ni m\u00fcmk\u00fcn q\u0259d\u0259r yax\u0131ndan t\u0259qlid ed\u0259n \u00dczvi E\u015fitm\u0259 f\u0259ls\u0259f\u0259sin\u0259 \u0259saslan\u0131r. ReSound Key \u0259n son Bluetooth [&hellip;]","og_url":"https:\/\/otomed.az\/product\/resound-key-ke461-drwc\/","og_site_name":"Otomed","article_modified_time":"2023-08-07T09:41:07+00:00","og_image":[{"width":800,"height":600,"url":"https:\/\/otomed.az\/wp-content\/uploads\/2023\/08\/461.jpg","type":"image\/jpeg"}],"twitter_card":"summary_large_image","twitter_misc":{"\u041f\u0440\u0438\u043c\u0435\u0440\u043d\u043e\u0435 \u0432\u0440\u0435\u043c\u044f \u0434\u043b\u044f \u0447\u0442\u0435\u043d\u0438\u044f":"2 \u043c\u0438\u043d\u0443\u0442\u044b"},"schema":{"@context":"https:\/\/schema.org","@graph":[{"@type":"WebPage","@id":"https:\/\/otomed.az\/product\/resound-key-ke461-drwc\/","url":"https:\/\/otomed.az\/product\/resound-key-ke461-drwc\/","name":"ReSound Key KE461-DRWC - Otomed","isPartOf":{"@id":"https:\/\/otomed.az\/#website"},"datePublished":"2023-08-07T09:41:02+00:00","dateModified":"2023-08-07T09:41:07+00:00","breadcrumb":{"@id":"https:\/\/otomed.az\/product\/resound-key-ke461-drwc\/#breadcrumb"},"inLanguage":"ru-RU","potentialAction":[{"@type":"ReadAction","target":["https:\/\/otomed.az\/product\/resound-key-ke461-drwc\/"]}]},{"@type":"BreadcrumbList","@id":"https:\/\/otomed.az\/product\/resound-key-ke461-drwc\/#breadcrumb","itemListElement":[{"@type":"ListItem","position":1,"name":"\u0413\u043b\u0430\u0432\u043d\u0430\u044f \u0441\u0442\u0440\u0430\u043d\u0438\u0446\u0430","item":"https:\/\/otomed.az\/ru\/"},{"@type":"ListItem","position":2,"name":"Products","item":"https:\/\/otomed.az\/shop\/"},{"@type":"ListItem","position":3,"name":"ReSound Key KE461-DRWC"}]},{"@type":"WebSite","@id":"https:\/\/otomed.az\/#website","url":"https:\/\/otomed.az\/","name":"Otomed","description":"","publisher":{"@id":"https:\/\/otomed.az\/#organization"},"potentialAction":[{"@type":"SearchAction","target":{"@type":"EntryPoint","urlTemplate":"https:\/\/otomed.az\/?s={search_term_string}"},"query-input":"required name=search_term_string"}],"inLanguage":"ru-RU"},{"@type":"Organization","@id":"https:\/\/otomed.az\/#organization","name":"Otomed","url":"https:\/\/otomed.az\/","logo":{"@type":"ImageObject","inLanguage":"ru-RU","@id":"https:\/\/otomed.az\/#\/schema\/logo\/image\/","url":"https:\/\/otomed.az\/wp-content\/uploads\/2022\/12\/logo.png","contentUrl":"https:\/\/otomed.az\/wp-content\/uploads\/2022\/12\/logo.png","width":1340,"height":300,"caption":"Otomed"},"image":{"@id":"https:\/\/otomed.az\/#\/schema\/logo\/image\/"}}]}},"_links":{"self":[{"href":"https:\/\/otomed.az\/ru\/wp-json\/wp\/v2\/product\/1318"}],"collection":[{"href":"https:\/\/otomed.az\/ru\/wp-json\/wp\/v2\/product"}],"about":[{"href":"https:\/\/otomed.az\/ru\/wp-json\/wp\/v2\/types\/product"}],"replies":[{"embeddable":true,"href":"https:\/\/otomed.az\/ru\/wp-json\/wp\/v2\/comments?post=1318"}],"wp:featuredmedia":[{"embeddable":true,"href":"https:\/\/otomed.az\/ru\/wp-json\/wp\/v2\/media\/1319"}],"wp:attachment":[{"href":"https:\/\/otomed.az\/ru\/wp-json\/wp\/v2\/media?parent=1318"}],"wp:term":[{"taxonomy":"product_cat","embeddable":true,"href":"https:\/\/otomed.az\/ru\/wp-json\/wp\/v2\/product_cat?post=1318"},{"taxonomy":"product_tag","embeddable":true,"href":"https:\/\/otomed.az\/ru\/wp-json\/wp\/v2\/product_tag?post=1318"}],"curies":[{"name":"wp","href":"https:\/\/api.w.org\/{rel}","templated":true}]}}