{"id":1339,"date":"2023-08-07T16:42:49","date_gmt":"2023-08-07T13:42:49","guid":{"rendered":"https:\/\/otomed.az\/?post_type=product&#038;p=1339"},"modified":"2023-08-08T09:49:54","modified_gmt":"2023-08-08T06:49:54","slug":"oticon-opn-3-mrite","status":"publish","type":"product","link":"https:\/\/otomed.az\/ru\/product\/oticon-opn-3-mrite\/","title":{"rendered":"Oticon OPN 3 MRITE"},"content":{"rendered":"<p>Oticon Opn Velox platformas\u0131na \u0259saslanan r\u0259q\u0259msal e\u015fitm\u0259 cihazlar\u0131 seriyas\u0131d\u0131r. Opn e\u015fitm\u0259 cihazlar\u0131 daha yax\u015f\u0131 nitqin ba\u015fa d\u00fc\u015f\u00fclm\u0259si, \u0259n son istiqam\u0259tl\u0259ndirm\u0259 texnologiyas\u0131, binaural v\u0259 2.4GHz-i birl\u0259\u015fdir\u0259n \u0259n m\u00fcasir simsiz texnologiya, birba\u015fa iPhone ba\u011flant\u0131s\u0131 v\u0259 internet ba\u011flant\u0131s\u0131 il\u0259 t\u0259chiz edilmi\u015fdir.<\/p>\n<p>Oticon Opn r\u0259q\u0259msal e\u015fitm\u0259 cihazlar\u0131 s\u0131ras\u0131na g\u00fccl\u00fc BTE e\u015fitm\u0259 aparatlar\u0131, miniRITE q\u0259buledici qulaqda olan e\u015fitm\u0259 cihazlar\u0131 v\u0259 qulaqdaxili modell\u0259r daxildir.<\/p>\n<p>Oticon Opn 1, Oticon Opn 2 v\u0259 Oticon Opn 3 m\u00fcxt\u0259lif funksional s\u0259viyy\u0259l\u0259rd\u0259 f\u0259rql\u0259nir.<\/p>\n<p>Qulaq daxilind\u0259 x\u00fcsusi s\u0259s q\u0259buledicisi (resiveri) olan miniat\u00fcr,funksionall\u0131 qulaqarxas\u0131 e\u015fitm\u0259 cihaz\u0131.<\/p>\n<p>Y\u00fcng\u00fcl v\u0259 a\u011f\u0131r e\u015fitm\u0259 d\u0259r\u0259c\u0259sini kompensasiya etm\u0259k \u00fc\u00e7\u00fcn istifad\u0259 olunur( resivird\u0259n as\u0131l\u0131 olaraq).<\/p>\n<p><strong>Open Sound Navigator\u00a0 <\/strong>texnologiyas\u0131 davaml\u0131 olaraq \u0259traf m\u00fchiti t\u0259hlil ed\u0259r\u0259k,dinamik olaraq s\u0259s m\u0259nb\u0259l\u0259rin\u0259 fokuslanaraq v\u0259 narahatedici s\u0259s-k\u00fcy\u00fc aradan qald\u0131raraq nitqin daha yax\u015f\u0131 ba\u015fa d\u00fc\u015f\u00fclm\u0259sini t\u0259min edir.<\/p>\n<p><strong>Brain Hearing \u00a0<\/strong>360 d\u0259r\u0259c\u0259 m\u0259kan qavray\u0131\u015f\u0131 texnoloqiyas\u0131 nitqin ba\u015fa d\u00fc\u015f\u00fclm\u0259sini yax\u015f\u0131la\u015fd\u0131r\u0131r v\u0259 h\u0259tta s\u0259s \u2013 k\u00fcyl\u00fc m\u00fchitl\u0259rd\u0259 bel\u0259 beyin g\u0259rginliyini azald\u0131r.S\u0259s m\u0259nb\u0259yinin yerind\u0259n as\u0131l\u0131 olmuyaraq a\u00e7\u0131q s\u0259s \u015f\u0259kli say\u0259sind\u0259 istifad\u0259\u00e7inin beyni intuitiv olaraq diqq\u0259ti bir s\u0259s m\u0259nb\u0259yind\u0259n dig\u0259rin\u0259 \u00e7evirir.<\/p>\n<p>Oticon Opn, istifad\u0259\u00e7iy\u0259 360 d\u0259r\u0259c\u0259 m\u0259kan \u015f\u00fcurunu t\u0259min ed\u0259n \u0259n son Oticon BrainHearing Texnologiyas\u0131na malik yeni tip e\u015fitm\u0259 cihaz\u0131d\u0131r. Bu, nitqi daha yax\u015f\u0131 ba\u015fa d\u00fc\u015fm\u0259y\u0259, a\u00e7\u0131q s\u0259s \u015f\u0259klinin qavran\u0131lmas\u0131na daha az s\u0259y s\u0259rf etm\u0259y\u0259 v\u0259 intuitiv olaraq diqq\u0259ti bir s\u0259s m\u0259nb\u0259yind\u0259n dig\u0259rin\u0259 ke\u00e7irm\u0259y\u0259 k\u00f6m\u0259k edir.<\/p>\n<p>Oticon Opn miniRITE rahatl\u0131q v\u0259 \u0259m\u0259liyyat asanl\u0131\u011f\u0131 \u00fc\u00e7\u00fcn a\u011f\u0131ll\u0131 ke\u00e7id d\u00fcym\u0259sin\u0259 malik yeni parlaq v\u0259 t\u0259mkinli korpus dizayn\u0131na malikdir.<\/p>\n","protected":false},"excerpt":{"rendered":"<p>Oticon Opn Velox platformas\u0131na \u0259saslanan r\u0259q\u0259msal e\u015fitm\u0259 cihazlar\u0131 seriyas\u0131d\u0131r. Opn e\u015fitm\u0259 cihazlar\u0131 daha yax\u015f\u0131 nitqin ba\u015fa d\u00fc\u015f\u00fclm\u0259si, \u0259n son istiqam\u0259tl\u0259ndirm\u0259 texnologiyas\u0131, binaural v\u0259 2.4GHz-i birl\u0259\u015fdir\u0259n \u0259n m\u00fcasir simsiz texnologiya, birba\u015fa iPhone ba\u011flant\u0131s\u0131 v\u0259 internet ba\u011flant\u0131s\u0131 il\u0259 t\u0259chiz edilmi\u015fdir. Oticon Opn r\u0259q\u0259msal e\u015fitm\u0259 cihazlar\u0131 s\u0131ras\u0131na g\u00fccl\u00fc BTE e\u015fitm\u0259 aparatlar\u0131, miniRITE q\u0259buledici qulaqda olan e\u015fitm\u0259 cihazlar\u0131 v\u0259 [&hellip;]<\/p>\n","protected":false},"featured_media":1340,"comment_status":"open","ping_status":"closed","template":"","meta":{"_joinchat":[]},"product_cat":[51],"product_tag":[],"yoast_head":"<!-- This site is optimized with the Yoast SEO plugin v21.1 - https:\/\/yoast.com\/wordpress\/plugins\/seo\/ -->\n<title>Oticon OPN 3 MRITE - Otomed<\/title>\n<meta name=\"robots\" content=\"index, follow, max-snippet:-1, max-image-preview:large, max-video-preview:-1\" \/>\n<link rel=\"canonical\" href=\"https:\/\/otomed.az\/product\/oticon-opn-3-mrite\/\" \/>\n<meta property=\"og:locale\" content=\"ru_RU\" \/>\n<meta property=\"og:type\" content=\"article\" \/>\n<meta property=\"og:title\" content=\"Oticon OPN 3 MRITE - Otomed\" \/>\n<meta property=\"og:description\" content=\"Oticon Opn Velox platformas\u0131na \u0259saslanan r\u0259q\u0259msal e\u015fitm\u0259 cihazlar\u0131 seriyas\u0131d\u0131r. Opn e\u015fitm\u0259 cihazlar\u0131 daha yax\u015f\u0131 nitqin ba\u015fa d\u00fc\u015f\u00fclm\u0259si, \u0259n son istiqam\u0259tl\u0259ndirm\u0259 texnologiyas\u0131, binaural v\u0259 2.4GHz-i birl\u0259\u015fdir\u0259n \u0259n m\u00fcasir simsiz texnologiya, birba\u015fa iPhone ba\u011flant\u0131s\u0131 v\u0259 internet ba\u011flant\u0131s\u0131 il\u0259 t\u0259chiz edilmi\u015fdir. Oticon Opn r\u0259q\u0259msal e\u015fitm\u0259 cihazlar\u0131 s\u0131ras\u0131na g\u00fccl\u00fc BTE e\u015fitm\u0259 aparatlar\u0131, miniRITE q\u0259buledici qulaqda olan e\u015fitm\u0259 cihazlar\u0131 v\u0259 [&hellip;]\" \/>\n<meta property=\"og:url\" content=\"https:\/\/otomed.az\/product\/oticon-opn-3-mrite\/\" \/>\n<meta property=\"og:site_name\" content=\"Otomed\" \/>\n<meta property=\"article:modified_time\" content=\"2023-08-08T06:49:54+00:00\" \/>\n<meta property=\"og:image\" content=\"https:\/\/otomed.az\/wp-content\/uploads\/2023\/08\/opn.jpg\" \/>\n\t<meta property=\"og:image:width\" content=\"400\" \/>\n\t<meta property=\"og:image:height\" content=\"400\" \/>\n\t<meta property=\"og:image:type\" content=\"image\/jpeg\" \/>\n<meta name=\"twitter:card\" content=\"summary_large_image\" \/>\n<meta name=\"twitter:label1\" content=\"\u041f\u0440\u0438\u043c\u0435\u0440\u043d\u043e\u0435 \u0432\u0440\u0435\u043c\u044f \u0434\u043b\u044f \u0447\u0442\u0435\u043d\u0438\u044f\" \/>\n\t<meta name=\"twitter:data1\" content=\"2 \u043c\u0438\u043d\u0443\u0442\u044b\" \/>\n<script type=\"application\/ld+json\" class=\"yoast-schema-graph\">{\"@context\":\"https:\/\/schema.org\",\"@graph\":[{\"@type\":\"WebPage\",\"@id\":\"https:\/\/otomed.az\/product\/oticon-opn-3-mrite\/\",\"url\":\"https:\/\/otomed.az\/product\/oticon-opn-3-mrite\/\",\"name\":\"Oticon OPN 3 MRITE - Otomed\",\"isPartOf\":{\"@id\":\"https:\/\/otomed.az\/#website\"},\"datePublished\":\"2023-08-07T13:42:49+00:00\",\"dateModified\":\"2023-08-08T06:49:54+00:00\",\"breadcrumb\":{\"@id\":\"https:\/\/otomed.az\/product\/oticon-opn-3-mrite\/#breadcrumb\"},\"inLanguage\":\"ru-RU\",\"potentialAction\":[{\"@type\":\"ReadAction\",\"target\":[\"https:\/\/otomed.az\/product\/oticon-opn-3-mrite\/\"]}]},{\"@type\":\"BreadcrumbList\",\"@id\":\"https:\/\/otomed.az\/product\/oticon-opn-3-mrite\/#breadcrumb\",\"itemListElement\":[{\"@type\":\"ListItem\",\"position\":1,\"name\":\"\u0413\u043b\u0430\u0432\u043d\u0430\u044f \u0441\u0442\u0440\u0430\u043d\u0438\u0446\u0430\",\"item\":\"https:\/\/otomed.az\/ru\/\"},{\"@type\":\"ListItem\",\"position\":2,\"name\":\"Products\",\"item\":\"https:\/\/otomed.az\/shop\/\"},{\"@type\":\"ListItem\",\"position\":3,\"name\":\"Oticon OPN 3 MRITE\"}]},{\"@type\":\"WebSite\",\"@id\":\"https:\/\/otomed.az\/#website\",\"url\":\"https:\/\/otomed.az\/\",\"name\":\"Otomed\",\"description\":\"\",\"publisher\":{\"@id\":\"https:\/\/otomed.az\/#organization\"},\"potentialAction\":[{\"@type\":\"SearchAction\",\"target\":{\"@type\":\"EntryPoint\",\"urlTemplate\":\"https:\/\/otomed.az\/?s={search_term_string}\"},\"query-input\":\"required name=search_term_string\"}],\"inLanguage\":\"ru-RU\"},{\"@type\":\"Organization\",\"@id\":\"https:\/\/otomed.az\/#organization\",\"name\":\"Otomed\",\"url\":\"https:\/\/otomed.az\/\",\"logo\":{\"@type\":\"ImageObject\",\"inLanguage\":\"ru-RU\",\"@id\":\"https:\/\/otomed.az\/#\/schema\/logo\/image\/\",\"url\":\"https:\/\/otomed.az\/wp-content\/uploads\/2022\/12\/logo.png\",\"contentUrl\":\"https:\/\/otomed.az\/wp-content\/uploads\/2022\/12\/logo.png\",\"width\":1340,\"height\":300,\"caption\":\"Otomed\"},\"image\":{\"@id\":\"https:\/\/otomed.az\/#\/schema\/logo\/image\/\"}}]}<\/script>\n<!-- \/ Yoast SEO plugin. -->","yoast_head_json":{"title":"Oticon OPN 3 MRITE - Otomed","robots":{"index":"index","follow":"follow","max-snippet":"max-snippet:-1","max-image-preview":"max-image-preview:large","max-video-preview":"max-video-preview:-1"},"canonical":"https:\/\/otomed.az\/product\/oticon-opn-3-mrite\/","og_locale":"ru_RU","og_type":"article","og_title":"Oticon OPN 3 MRITE - Otomed","og_description":"Oticon Opn Velox platformas\u0131na \u0259saslanan r\u0259q\u0259msal e\u015fitm\u0259 cihazlar\u0131 seriyas\u0131d\u0131r. Opn e\u015fitm\u0259 cihazlar\u0131 daha yax\u015f\u0131 nitqin ba\u015fa d\u00fc\u015f\u00fclm\u0259si, \u0259n son istiqam\u0259tl\u0259ndirm\u0259 texnologiyas\u0131, binaural v\u0259 2.4GHz-i birl\u0259\u015fdir\u0259n \u0259n m\u00fcasir simsiz texnologiya, birba\u015fa iPhone ba\u011flant\u0131s\u0131 v\u0259 internet ba\u011flant\u0131s\u0131 il\u0259 t\u0259chiz edilmi\u015fdir. Oticon Opn r\u0259q\u0259msal e\u015fitm\u0259 cihazlar\u0131 s\u0131ras\u0131na g\u00fccl\u00fc BTE e\u015fitm\u0259 aparatlar\u0131, miniRITE q\u0259buledici qulaqda olan e\u015fitm\u0259 cihazlar\u0131 v\u0259 [&hellip;]","og_url":"https:\/\/otomed.az\/product\/oticon-opn-3-mrite\/","og_site_name":"Otomed","article_modified_time":"2023-08-08T06:49:54+00:00","og_image":[{"width":400,"height":400,"url":"https:\/\/otomed.az\/wp-content\/uploads\/2023\/08\/opn.jpg","type":"image\/jpeg"}],"twitter_card":"summary_large_image","twitter_misc":{"\u041f\u0440\u0438\u043c\u0435\u0440\u043d\u043e\u0435 \u0432\u0440\u0435\u043c\u044f \u0434\u043b\u044f \u0447\u0442\u0435\u043d\u0438\u044f":"2 \u043c\u0438\u043d\u0443\u0442\u044b"},"schema":{"@context":"https:\/\/schema.org","@graph":[{"@type":"WebPage","@id":"https:\/\/otomed.az\/product\/oticon-opn-3-mrite\/","url":"https:\/\/otomed.az\/product\/oticon-opn-3-mrite\/","name":"Oticon OPN 3 MRITE - Otomed","isPartOf":{"@id":"https:\/\/otomed.az\/#website"},"datePublished":"2023-08-07T13:42:49+00:00","dateModified":"2023-08-08T06:49:54+00:00","breadcrumb":{"@id":"https:\/\/otomed.az\/product\/oticon-opn-3-mrite\/#breadcrumb"},"inLanguage":"ru-RU","potentialAction":[{"@type":"ReadAction","target":["https:\/\/otomed.az\/product\/oticon-opn-3-mrite\/"]}]},{"@type":"BreadcrumbList","@id":"https:\/\/otomed.az\/product\/oticon-opn-3-mrite\/#breadcrumb","itemListElement":[{"@type":"ListItem","position":1,"name":"\u0413\u043b\u0430\u0432\u043d\u0430\u044f \u0441\u0442\u0440\u0430\u043d\u0438\u0446\u0430","item":"https:\/\/otomed.az\/ru\/"},{"@type":"ListItem","position":2,"name":"Products","item":"https:\/\/otomed.az\/shop\/"},{"@type":"ListItem","position":3,"name":"Oticon OPN 3 MRITE"}]},{"@type":"WebSite","@id":"https:\/\/otomed.az\/#website","url":"https:\/\/otomed.az\/","name":"Otomed","description":"","publisher":{"@id":"https:\/\/otomed.az\/#organization"},"potentialAction":[{"@type":"SearchAction","target":{"@type":"EntryPoint","urlTemplate":"https:\/\/otomed.az\/?s={search_term_string}"},"query-input":"required name=search_term_string"}],"inLanguage":"ru-RU"},{"@type":"Organization","@id":"https:\/\/otomed.az\/#organization","name":"Otomed","url":"https:\/\/otomed.az\/","logo":{"@type":"ImageObject","inLanguage":"ru-RU","@id":"https:\/\/otomed.az\/#\/schema\/logo\/image\/","url":"https:\/\/otomed.az\/wp-content\/uploads\/2022\/12\/logo.png","contentUrl":"https:\/\/otomed.az\/wp-content\/uploads\/2022\/12\/logo.png","width":1340,"height":300,"caption":"Otomed"},"image":{"@id":"https:\/\/otomed.az\/#\/schema\/logo\/image\/"}}]}},"_links":{"self":[{"href":"https:\/\/otomed.az\/ru\/wp-json\/wp\/v2\/product\/1339"}],"collection":[{"href":"https:\/\/otomed.az\/ru\/wp-json\/wp\/v2\/product"}],"about":[{"href":"https:\/\/otomed.az\/ru\/wp-json\/wp\/v2\/types\/product"}],"replies":[{"embeddable":true,"href":"https:\/\/otomed.az\/ru\/wp-json\/wp\/v2\/comments?post=1339"}],"wp:featuredmedia":[{"embeddable":true,"href":"https:\/\/otomed.az\/ru\/wp-json\/wp\/v2\/media\/1340"}],"wp:attachment":[{"href":"https:\/\/otomed.az\/ru\/wp-json\/wp\/v2\/media?parent=1339"}],"wp:term":[{"taxonomy":"product_cat","embeddable":true,"href":"https:\/\/otomed.az\/ru\/wp-json\/wp\/v2\/product_cat?post=1339"},{"taxonomy":"product_tag","embeddable":true,"href":"https:\/\/otomed.az\/ru\/wp-json\/wp\/v2\/product_tag?post=1339"}],"curies":[{"name":"wp","href":"https:\/\/api.w.org\/{rel}","templated":true}]}}