{"id":1351,"date":"2023-08-08T12:49:03","date_gmt":"2023-08-08T09:49:03","guid":{"rendered":"https:\/\/otomed.az\/?post_type=product&#038;p=1351"},"modified":"2023-08-08T12:49:08","modified_gmt":"2023-08-08T09:49:08","slug":"resound-linx-quattro-re988-dwt","status":"publish","type":"product","link":"https:\/\/otomed.az\/ru\/product\/resound-linx-quattro-re988-dwt\/","title":{"rendered":"ReSound LiNX Quattro RE988-DWT"},"content":{"rendered":"<p>Maksimum funksionall\u0131qla g\u00fccl\u00fc premium r\u0259q\u0259msal BTE e\u015fitm\u0259 cihaz\u0131. T\u0259kmil \u00e7ip platformas\u0131nda qurulmu\u015f, iOS v\u0259 Android cihazlar\u0131ndan birba\u015fa audio ax\u0131n\u0131n\u0131 d\u0259st\u0259kl\u0259yir.<\/p>\n<p><strong>\u018fsas X\u00fcsusiyy\u0259tl\u0259r:<\/strong><\/p>\n<p><strong>Binaural Orientasiya III<\/strong><\/p>\n<p>\u0130ki e\u015fitm\u0259 cihaz\u0131 aras\u0131nda \u0259traf m\u00fchitl\u0259 ba\u011fl\u0131 m\u0259lumatlar\u0131n davaml\u0131 m\u00fcbadil\u0259si ist\u0259nil\u0259n v\u0259ziyy\u0259td\u0259 q\u0259buletm\u0259 sxeml\u0259rini v\u0259 mikrofon parametrl\u0259rini optimalla\u015fd\u0131rma\u011fa imkan verir.<\/p>\n<p>\u0130stifad\u0259\u00e7i \u0259trafda ba\u015f ver\u0259nl\u0259rl\u0259 \u0259laq\u0259ni k\u0259sm\u0259d\u0259n diqq\u0259tini onun \u00fc\u00e7\u00fcn vacib olan s\u0259sl\u0259r\u0259 c\u0259ml\u0259y\u0259 bil\u0259r.<\/p>\n<p><strong>M\u0259kan qavray\u0131\u015f\u0131<\/strong><\/p>\n<p>M\u0259kan e\u015fitm\u0259 \u00fc\u00e7\u00fcn beyni real akustik m\u0259lumatla t\u0259min etm\u0259k \u00fc\u00e7\u00fcn Pinna Rekonstruksiya v\u0259 Interaural Level Difference alqoritml\u0259rinin birl\u0259\u015fm\u0259si.<\/p>\n<p>\u0130stifad\u0259\u00e7i s\u0259sin istiqam\u0259tini t\u0259yin ed\u0259 bil\u0259r, bel\u0259likl\u0259, \u0259traf m\u00fchiti m\u00fcmk\u00fcn olan \u0259n y\u00fcks\u0259k s\u0259s keyfiyy\u0259ti il\u0259 daha t\u0259bii q\u0259bul edir.<\/p>\n<p><strong>Binaural Environment Optimizer II<\/strong><\/p>\n<p>S\u0259s m\u00fchitini t\u0259hlil etm\u0259k v\u0259 d\u0259qiq t\u0259snif etm\u0259k, h\u0259m\u00e7inin qazanc parametrl\u0259rini v\u0259 s\u0259s-k\u00fcy\u00fcn azald\u0131lmas\u0131n\u0131 avtomatik t\u0259nziml\u0259m\u0259k \u00fc\u00e7\u00fcn \u0259m\u0259kda\u015fl\u0131q.\u0130stifad\u0259\u00e7i bir dinl\u0259m\u0259 m\u00fchitind\u0259n dig\u0259rin\u0259 s\u00fcr\u0259tl\u0259 ke\u00e7\u0259rk\u0259n bel\u0259 optimal e\u015fidilm\u0259 v\u0259 rahatl\u0131qdan h\u0259zz ala bil\u0259r.<\/p>\n<p><strong>Noise Tracker II<\/strong><\/p>\n<p>Nitq siqnal\u0131na t\u0259sir etm\u0259d\u0259n arzuolunmaz s\u0259sl\u0259ri yat\u0131ran unikal spektral \u00e7\u0131xarma texnologiyas\u0131.\u0130stifad\u0259\u00e7i nitqin ba\u015fa d\u00fc\u015f\u00fclm\u0259sin\u0259 x\u0259l\u0259l g\u0259tirm\u0259d\u0259n s\u0259s-k\u00fcyl\u00fc \u015f\u0259raitd\u0259 artan rahatl\u0131q \u0259ld\u0259 edir.<\/p>\n<p><strong>\u0130mpuls s\u0259s-k\u00fcy\u00fcn qar\u015f\u0131s\u0131n\u0131n al\u0131nmas\u0131<\/strong><\/p>\n<p>Proqram t\u0259minat\u0131 il\u0259 t\u0259nziml\u0259n\u0259 bil\u0259n, dig\u0259r s\u0259s s\u0259viyy\u0259l\u0259ri \u00fc\u00e7\u00fcn n\u0259z\u0259rd\u0259 tutulmu\u015f qazanc s\u0259viyy\u0259sini qoruyark\u0259n, b\u0131\u00e7aq v\u0259 ya a\u00e7ar kimi g\u00f6zl\u0259nilm\u0259z y\u00fcks\u0259k s\u0259sl\u0259ri bo\u011fur.\u0130stifad\u0259\u00e7i q\u0259fil y\u00fcks\u0259k s\u0259sl\u0259r olan v\u0259ziyy\u0259tl\u0259rd\u0259 e\u015fitm\u0259 cihazlar\u0131 il\u0259 daha \u00e7ox rahatl\u0131q ya\u015fay\u0131r.<\/p>\n<p><strong>Musiqi rejimi il\u0259 DFS Ultra II<\/strong><\/p>\n<p>Y\u00fcks\u0259k d\u0259qiqlikli \u0259ks \u0259laq\u0259 yolunun t\u0259hlili DFS Ultra II-y\u0259 \u0259ks \u0259laq\u0259ni son d\u0259r\u0259c\u0259 d\u0259qiqlikl\u0259 basd\u0131rma\u011fa imkan verir. Musiqi rejimi s\u0259si daha uzun m\u00fcdd\u0259t \u0259rzind\u0259 t\u0259hlil edir, bel\u0259likl\u0259, sistem musiqi v\u0259 dig\u0259r tonal s\u0259sl\u0259rd\u0259n \u0259sl \u0259ks \u0259laq\u0259ni daha yax\u015f\u0131 ay\u0131rd ed\u0259 bilir.<\/p>\n<p>\u0130stifad\u0259\u00e7i daha \u00e7\u0259tin v\u0259ziyy\u0259tl\u0259rd\u0259 bel\u0259 \u0259lav\u0259 rahatl\u0131qdan, daha yax\u015f\u0131 e\u015fitm\u0259 qabiliyy\u0259tind\u0259n v\u0259 z\u0259ngin s\u0259sin b\u00fct\u00fcn inc\u0259 n\u00fcanslar\u0131ndan h\u0259zz ala bil\u0259r. Musiqi rejimi istifad\u0259\u00e7il\u0259r\u0259 musiqini t\u0259hrif etm\u0259d\u0259n dinl\u0259m\u0259k imkan\u0131 verir.<em>\u00a0<\/em><\/p>\n<p>Y\u00fcks\u0259k tezlikli s\u0259sl\u0259ri d\u0259yi\u015fdir\u0259n yegan\u0259 tezlik s\u0131x\u0131lma texnologiyas\u0131 giri\u015f v\u0259 \u00e7\u0131x\u0131\u015f tezlikl\u0259ri aras\u0131nda m\u00fct\u0259nasib nisb\u0259ti qoruyark\u0259n spektrin a\u015fa\u011f\u0131 sal\u0131nmas\u0131d\u0131r. 5 kHz v\u0259 daha yuxar\u0131 tezlikl\u0259ri k\u0259sm\u0259k \u00fc\u00e7\u00fcn istifad\u0259 edil\u0259n yeni &#171;\u00c7ox z\u0259if&#187; se\u00e7imi art\u0131q m\u00f6vcuddur.\u0130stifad\u0259\u00e7i y\u00fcks\u0259k tezlikl\u0259rd\u0259, x\u00fcsus\u0259n \u0259n\u0259n\u0259vi qazanc\u0131n &#171;\u00f6l\u00fc zona&#187; il\u0259 m\u0259hdudla\u015fd\u0131\u011f\u0131 nitq siqnallar\u0131nda t\u0259kmill\u0259\u015fdirilmi\u015f e\u015fitm\u0259 qabiliyy\u0259tini v\u0259 s\u0259s keyfiyy\u0259tini hiss ed\u0259 bil\u0259r. E\u015fitm\u0259 cihazlar\u0131n\u0131z\u0131 tapmaq \u00fc\u00e7\u00fcn proqram. Batareyan\u0131n doldurulma s\u0259viyy\u0259sinin yoxlan\u0131lmas\u0131. E\u015fitm\u0259 cihazlar\u0131n\u0131z\u0131n audioloq t\u0259r\u0259find\u0259n uzaqdan t\u0259nziml\u0259nm\u0259si. S\u0259s s\u0259viyy\u0259sin\u0259 v\u0259 fon s\u0259s-k\u00fcy\u00fcn\u0259, h\u0259m\u00e7inin nitq v\u0259 s\u0259s proqramlar\u0131na n\u0259zar\u0259t edilm\u0259si. Tinnitus simptomlar\u0131n\u0131 aradan qald\u0131rmaq \u00fc\u00e7\u00fcn Tinnitus S\u0259s Generatoruna n\u0259zar\u0259t.<\/p>\n","protected":false},"excerpt":{"rendered":"<p>Maksimum funksionall\u0131qla g\u00fccl\u00fc premium r\u0259q\u0259msal BTE e\u015fitm\u0259 cihaz\u0131. T\u0259kmil \u00e7ip platformas\u0131nda qurulmu\u015f, iOS v\u0259 Android cihazlar\u0131ndan birba\u015fa audio ax\u0131n\u0131n\u0131 d\u0259st\u0259kl\u0259yir. \u018fsas X\u00fcsusiyy\u0259tl\u0259r: Binaural Orientasiya III \u0130ki e\u015fitm\u0259 cihaz\u0131 aras\u0131nda \u0259traf m\u00fchitl\u0259 ba\u011fl\u0131 m\u0259lumatlar\u0131n davaml\u0131 m\u00fcbadil\u0259si ist\u0259nil\u0259n v\u0259ziyy\u0259td\u0259 q\u0259buletm\u0259 sxeml\u0259rini v\u0259 mikrofon parametrl\u0259rini optimalla\u015fd\u0131rma\u011fa imkan verir. \u0130stifad\u0259\u00e7i \u0259trafda ba\u015f ver\u0259nl\u0259rl\u0259 \u0259laq\u0259ni k\u0259sm\u0259d\u0259n diqq\u0259tini onun \u00fc\u00e7\u00fcn vacib [&hellip;]<\/p>\n","protected":false},"featured_media":1355,"comment_status":"open","ping_status":"closed","template":"","meta":{"_joinchat":[]},"product_cat":[51],"product_tag":[],"yoast_head":"<!-- This site is optimized with the Yoast SEO plugin v21.1 - https:\/\/yoast.com\/wordpress\/plugins\/seo\/ -->\n<title>ReSound LiNX Quattro RE988-DWT - Otomed<\/title>\n<meta name=\"robots\" content=\"index, follow, max-snippet:-1, max-image-preview:large, max-video-preview:-1\" \/>\n<link rel=\"canonical\" href=\"https:\/\/otomed.az\/product\/resound-linx-quattro-re988-dwt\/\" \/>\n<meta property=\"og:locale\" content=\"ru_RU\" \/>\n<meta property=\"og:type\" content=\"article\" \/>\n<meta property=\"og:title\" content=\"ReSound LiNX Quattro RE988-DWT - Otomed\" \/>\n<meta property=\"og:description\" content=\"Maksimum funksionall\u0131qla g\u00fccl\u00fc premium r\u0259q\u0259msal BTE e\u015fitm\u0259 cihaz\u0131. T\u0259kmil \u00e7ip platformas\u0131nda qurulmu\u015f, iOS v\u0259 Android cihazlar\u0131ndan birba\u015fa audio ax\u0131n\u0131n\u0131 d\u0259st\u0259kl\u0259yir. \u018fsas X\u00fcsusiyy\u0259tl\u0259r: Binaural Orientasiya III \u0130ki e\u015fitm\u0259 cihaz\u0131 aras\u0131nda \u0259traf m\u00fchitl\u0259 ba\u011fl\u0131 m\u0259lumatlar\u0131n davaml\u0131 m\u00fcbadil\u0259si ist\u0259nil\u0259n v\u0259ziyy\u0259td\u0259 q\u0259buletm\u0259 sxeml\u0259rini v\u0259 mikrofon parametrl\u0259rini optimalla\u015fd\u0131rma\u011fa imkan verir. \u0130stifad\u0259\u00e7i \u0259trafda ba\u015f ver\u0259nl\u0259rl\u0259 \u0259laq\u0259ni k\u0259sm\u0259d\u0259n diqq\u0259tini onun \u00fc\u00e7\u00fcn vacib [&hellip;]\" \/>\n<meta property=\"og:url\" content=\"https:\/\/otomed.az\/product\/resound-linx-quattro-re988-dwt\/\" \/>\n<meta property=\"og:site_name\" content=\"Otomed\" \/>\n<meta property=\"article:modified_time\" content=\"2023-08-08T09:49:08+00:00\" \/>\n<meta property=\"og:image\" content=\"https:\/\/otomed.az\/wp-content\/uploads\/2023\/08\/457.jpg\" \/>\n\t<meta property=\"og:image:width\" content=\"450\" \/>\n\t<meta property=\"og:image:height\" content=\"450\" \/>\n\t<meta property=\"og:image:type\" content=\"image\/jpeg\" \/>\n<meta name=\"twitter:card\" content=\"summary_large_image\" \/>\n<meta name=\"twitter:label1\" content=\"\u041f\u0440\u0438\u043c\u0435\u0440\u043d\u043e\u0435 \u0432\u0440\u0435\u043c\u044f \u0434\u043b\u044f \u0447\u0442\u0435\u043d\u0438\u044f\" \/>\n\t<meta name=\"twitter:data1\" content=\"3 \u043c\u0438\u043d\u0443\u0442\u044b\" \/>\n<script type=\"application\/ld+json\" class=\"yoast-schema-graph\">{\"@context\":\"https:\/\/schema.org\",\"@graph\":[{\"@type\":\"WebPage\",\"@id\":\"https:\/\/otomed.az\/product\/resound-linx-quattro-re988-dwt\/\",\"url\":\"https:\/\/otomed.az\/product\/resound-linx-quattro-re988-dwt\/\",\"name\":\"ReSound LiNX Quattro RE988-DWT - Otomed\",\"isPartOf\":{\"@id\":\"https:\/\/otomed.az\/#website\"},\"datePublished\":\"2023-08-08T09:49:03+00:00\",\"dateModified\":\"2023-08-08T09:49:08+00:00\",\"breadcrumb\":{\"@id\":\"https:\/\/otomed.az\/product\/resound-linx-quattro-re988-dwt\/#breadcrumb\"},\"inLanguage\":\"ru-RU\",\"potentialAction\":[{\"@type\":\"ReadAction\",\"target\":[\"https:\/\/otomed.az\/product\/resound-linx-quattro-re988-dwt\/\"]}]},{\"@type\":\"BreadcrumbList\",\"@id\":\"https:\/\/otomed.az\/product\/resound-linx-quattro-re988-dwt\/#breadcrumb\",\"itemListElement\":[{\"@type\":\"ListItem\",\"position\":1,\"name\":\"\u0413\u043b\u0430\u0432\u043d\u0430\u044f \u0441\u0442\u0440\u0430\u043d\u0438\u0446\u0430\",\"item\":\"https:\/\/otomed.az\/ru\/\"},{\"@type\":\"ListItem\",\"position\":2,\"name\":\"Products\",\"item\":\"https:\/\/otomed.az\/shop\/\"},{\"@type\":\"ListItem\",\"position\":3,\"name\":\"ReSound LiNX Quattro RE988-DWT\"}]},{\"@type\":\"WebSite\",\"@id\":\"https:\/\/otomed.az\/#website\",\"url\":\"https:\/\/otomed.az\/\",\"name\":\"Otomed\",\"description\":\"\",\"publisher\":{\"@id\":\"https:\/\/otomed.az\/#organization\"},\"potentialAction\":[{\"@type\":\"SearchAction\",\"target\":{\"@type\":\"EntryPoint\",\"urlTemplate\":\"https:\/\/otomed.az\/?s={search_term_string}\"},\"query-input\":\"required name=search_term_string\"}],\"inLanguage\":\"ru-RU\"},{\"@type\":\"Organization\",\"@id\":\"https:\/\/otomed.az\/#organization\",\"name\":\"Otomed\",\"url\":\"https:\/\/otomed.az\/\",\"logo\":{\"@type\":\"ImageObject\",\"inLanguage\":\"ru-RU\",\"@id\":\"https:\/\/otomed.az\/#\/schema\/logo\/image\/\",\"url\":\"https:\/\/otomed.az\/wp-content\/uploads\/2022\/12\/logo.png\",\"contentUrl\":\"https:\/\/otomed.az\/wp-content\/uploads\/2022\/12\/logo.png\",\"width\":1340,\"height\":300,\"caption\":\"Otomed\"},\"image\":{\"@id\":\"https:\/\/otomed.az\/#\/schema\/logo\/image\/\"}}]}<\/script>\n<!-- \/ Yoast SEO plugin. -->","yoast_head_json":{"title":"ReSound LiNX Quattro RE988-DWT - Otomed","robots":{"index":"index","follow":"follow","max-snippet":"max-snippet:-1","max-image-preview":"max-image-preview:large","max-video-preview":"max-video-preview:-1"},"canonical":"https:\/\/otomed.az\/product\/resound-linx-quattro-re988-dwt\/","og_locale":"ru_RU","og_type":"article","og_title":"ReSound LiNX Quattro RE988-DWT - Otomed","og_description":"Maksimum funksionall\u0131qla g\u00fccl\u00fc premium r\u0259q\u0259msal BTE e\u015fitm\u0259 cihaz\u0131. T\u0259kmil \u00e7ip platformas\u0131nda qurulmu\u015f, iOS v\u0259 Android cihazlar\u0131ndan birba\u015fa audio ax\u0131n\u0131n\u0131 d\u0259st\u0259kl\u0259yir. \u018fsas X\u00fcsusiyy\u0259tl\u0259r: Binaural Orientasiya III \u0130ki e\u015fitm\u0259 cihaz\u0131 aras\u0131nda \u0259traf m\u00fchitl\u0259 ba\u011fl\u0131 m\u0259lumatlar\u0131n davaml\u0131 m\u00fcbadil\u0259si ist\u0259nil\u0259n v\u0259ziyy\u0259td\u0259 q\u0259buletm\u0259 sxeml\u0259rini v\u0259 mikrofon parametrl\u0259rini optimalla\u015fd\u0131rma\u011fa imkan verir. \u0130stifad\u0259\u00e7i \u0259trafda ba\u015f ver\u0259nl\u0259rl\u0259 \u0259laq\u0259ni k\u0259sm\u0259d\u0259n diqq\u0259tini onun \u00fc\u00e7\u00fcn vacib [&hellip;]","og_url":"https:\/\/otomed.az\/product\/resound-linx-quattro-re988-dwt\/","og_site_name":"Otomed","article_modified_time":"2023-08-08T09:49:08+00:00","og_image":[{"width":450,"height":450,"url":"https:\/\/otomed.az\/wp-content\/uploads\/2023\/08\/457.jpg","type":"image\/jpeg"}],"twitter_card":"summary_large_image","twitter_misc":{"\u041f\u0440\u0438\u043c\u0435\u0440\u043d\u043e\u0435 \u0432\u0440\u0435\u043c\u044f \u0434\u043b\u044f \u0447\u0442\u0435\u043d\u0438\u044f":"3 \u043c\u0438\u043d\u0443\u0442\u044b"},"schema":{"@context":"https:\/\/schema.org","@graph":[{"@type":"WebPage","@id":"https:\/\/otomed.az\/product\/resound-linx-quattro-re988-dwt\/","url":"https:\/\/otomed.az\/product\/resound-linx-quattro-re988-dwt\/","name":"ReSound LiNX Quattro RE988-DWT - Otomed","isPartOf":{"@id":"https:\/\/otomed.az\/#website"},"datePublished":"2023-08-08T09:49:03+00:00","dateModified":"2023-08-08T09:49:08+00:00","breadcrumb":{"@id":"https:\/\/otomed.az\/product\/resound-linx-quattro-re988-dwt\/#breadcrumb"},"inLanguage":"ru-RU","potentialAction":[{"@type":"ReadAction","target":["https:\/\/otomed.az\/product\/resound-linx-quattro-re988-dwt\/"]}]},{"@type":"BreadcrumbList","@id":"https:\/\/otomed.az\/product\/resound-linx-quattro-re988-dwt\/#breadcrumb","itemListElement":[{"@type":"ListItem","position":1,"name":"\u0413\u043b\u0430\u0432\u043d\u0430\u044f \u0441\u0442\u0440\u0430\u043d\u0438\u0446\u0430","item":"https:\/\/otomed.az\/ru\/"},{"@type":"ListItem","position":2,"name":"Products","item":"https:\/\/otomed.az\/shop\/"},{"@type":"ListItem","position":3,"name":"ReSound LiNX Quattro RE988-DWT"}]},{"@type":"WebSite","@id":"https:\/\/otomed.az\/#website","url":"https:\/\/otomed.az\/","name":"Otomed","description":"","publisher":{"@id":"https:\/\/otomed.az\/#organization"},"potentialAction":[{"@type":"SearchAction","target":{"@type":"EntryPoint","urlTemplate":"https:\/\/otomed.az\/?s={search_term_string}"},"query-input":"required name=search_term_string"}],"inLanguage":"ru-RU"},{"@type":"Organization","@id":"https:\/\/otomed.az\/#organization","name":"Otomed","url":"https:\/\/otomed.az\/","logo":{"@type":"ImageObject","inLanguage":"ru-RU","@id":"https:\/\/otomed.az\/#\/schema\/logo\/image\/","url":"https:\/\/otomed.az\/wp-content\/uploads\/2022\/12\/logo.png","contentUrl":"https:\/\/otomed.az\/wp-content\/uploads\/2022\/12\/logo.png","width":1340,"height":300,"caption":"Otomed"},"image":{"@id":"https:\/\/otomed.az\/#\/schema\/logo\/image\/"}}]}},"_links":{"self":[{"href":"https:\/\/otomed.az\/ru\/wp-json\/wp\/v2\/product\/1351"}],"collection":[{"href":"https:\/\/otomed.az\/ru\/wp-json\/wp\/v2\/product"}],"about":[{"href":"https:\/\/otomed.az\/ru\/wp-json\/wp\/v2\/types\/product"}],"replies":[{"embeddable":true,"href":"https:\/\/otomed.az\/ru\/wp-json\/wp\/v2\/comments?post=1351"}],"wp:featuredmedia":[{"embeddable":true,"href":"https:\/\/otomed.az\/ru\/wp-json\/wp\/v2\/media\/1355"}],"wp:attachment":[{"href":"https:\/\/otomed.az\/ru\/wp-json\/wp\/v2\/media?parent=1351"}],"wp:term":[{"taxonomy":"product_cat","embeddable":true,"href":"https:\/\/otomed.az\/ru\/wp-json\/wp\/v2\/product_cat?post=1351"},{"taxonomy":"product_tag","embeddable":true,"href":"https:\/\/otomed.az\/ru\/wp-json\/wp\/v2\/product_tag?post=1351"}],"curies":[{"name":"wp","href":"https:\/\/api.w.org\/{rel}","templated":true}]}}