{"id":1358,"date":"2023-08-08T13:01:22","date_gmt":"2023-08-08T10:01:22","guid":{"rendered":"https:\/\/otomed.az\/?post_type=product&#038;p=1358"},"modified":"2023-08-08T13:01:23","modified_gmt":"2023-08-08T10:01:23","slug":"resound-key-q-masaustu-sarj-cihazi","status":"publish","type":"product","link":"https:\/\/otomed.az\/ru\/product\/resound-key-q-masaustu-sarj-cihazi\/","title":{"rendered":"ReSound Key\/Q masa\u00fcst\u00fc \u015farj cihaz\u0131"},"content":{"rendered":"<p>Yenid\u0259n doldurulan E\u015fitm\u0259 Aparatlar\u0131 \u00fc\u00e7\u00fcn ReSound A\u00e7ar Masa\u00fcst\u00fc \u015earj Cihaz\u0131 RT61-DRWC modell\u0259rini doldurmaq \u00fc\u00e7\u00fcn istifad\u0259 edil\u0259n konstruktor portativ qutusudur. O, istifad\u0259\u00e7iy\u0259 kompakt v\u0259 istifad\u0259si v\u0259 da\u015f\u0131nmas\u0131 asan olan tam doldurulan sisteml\u0259 t\u0259min edir.<\/p>\n<p><strong>\u018fsas X\u00fcsusiyy\u0259tl\u0259r:<\/strong><\/p>\n<p>Ki\u00e7ik \u00f6l\u00e7\u00fcs\u00fc v\u0259 y\u00fcng\u00fcl \u00e7\u0259kisi il\u0259 bu \u015farj cihaz\u0131 s\u0259yah\u0259t, s\u0259yah\u0259t, \u00e7arpay\u0131 masalar\u0131nda saxlama v\u0259 s.<\/p>\n<p>ReSound A\u00e7ar\u0131n\u0131z\u0131 c\u0259mi 3 saat \u0259rzind\u0259 tam doldurur.<\/p>\n<p>E\u015fitm\u0259 cihaz\u0131 b\u00f6lm\u0259l\u0259ri r\u0259ngl\u0259 qeyd olunur (sol mavi, sa\u011f q\u0131rm\u0131z\u0131).<\/p>\n<p>\u015earj n\u0259zar\u0259ti \u00fc\u00e7\u00fcn rahat g\u00f6st\u0259rici.<\/p>\n<p>\u015earj etm\u0259k \u00fc\u00e7\u00fcn siz laptopunuzdan\/PC-d\u0259n \u015farj cihaz\u0131n\u0131 g\u00fccl\u0259ndirm\u0259k \u00fc\u00e7\u00fcn daxil edilmi\u015f USB kabeld\u0259n istifad\u0259 ed\u0259 bil\u0259rsiniz.<\/p>\n<p>Qulluq: \u015earj cihaz\u0131n\u0131n xarici hiss\u0259sini quru, t\u0259miz par\u00e7a il\u0259 v\u0259 doldurma b\u00f6lm\u0259l\u0259rini pamb\u0131q \u00e7ubuqla t\u0259mizl\u0259yin.<\/p>\n<p><strong>Qeyd!<\/strong> Adapter yaln\u0131z GN ReSound Key e\u015fitm\u0259 cihazlar\u0131 \u00fc\u00e7\u00fcn uy\u011fundur.<\/p>\n<p>E\u015fitm\u0259 cihazlar\u0131 il\u0259 \u015farj cihaz\u0131 aras\u0131nda simsiz \u0259laq\u0259nin qurulmas\u0131 tezliyi 2,4 GHz v\u0259 333 kHz-dir;<\/p>\n<p>E\u015fitm\u0259 cihaz\u0131n\u0131n doldurulma m\u00fcdd\u0259ti: batareyan\u0131n ilkin v\u0259ziyy\u0259tind\u0259n as\u0131l\u0131 olaraq maksimum 3 saat.<\/p>\n","protected":false},"excerpt":{"rendered":"<p>Yenid\u0259n doldurulan E\u015fitm\u0259 Aparatlar\u0131 \u00fc\u00e7\u00fcn ReSound A\u00e7ar Masa\u00fcst\u00fc \u015earj Cihaz\u0131 RT61-DRWC modell\u0259rini doldurmaq \u00fc\u00e7\u00fcn istifad\u0259 edil\u0259n konstruktor portativ qutusudur. O, istifad\u0259\u00e7iy\u0259 kompakt v\u0259 istifad\u0259si v\u0259 da\u015f\u0131nmas\u0131 asan olan tam doldurulan sisteml\u0259 t\u0259min edir. \u018fsas X\u00fcsusiyy\u0259tl\u0259r: Ki\u00e7ik \u00f6l\u00e7\u00fcs\u00fc v\u0259 y\u00fcng\u00fcl \u00e7\u0259kisi il\u0259 bu \u015farj cihaz\u0131 s\u0259yah\u0259t, s\u0259yah\u0259t, \u00e7arpay\u0131 masalar\u0131nda saxlama v\u0259 s. ReSound A\u00e7ar\u0131n\u0131z\u0131 c\u0259mi 3 [&hellip;]<\/p>\n","protected":false},"featured_media":1359,"comment_status":"open","ping_status":"closed","template":"","meta":{"_joinchat":[]},"product_cat":[52],"product_tag":[],"yoast_head":"<!-- This site is optimized with the Yoast SEO plugin v21.1 - https:\/\/yoast.com\/wordpress\/plugins\/seo\/ -->\n<title>ReSound Key\/Q masa\u00fcst\u00fc \u015farj cihaz\u0131 - Otomed<\/title>\n<meta name=\"robots\" content=\"index, follow, max-snippet:-1, max-image-preview:large, max-video-preview:-1\" \/>\n<link rel=\"canonical\" href=\"https:\/\/otomed.az\/product\/resound-key-q-masaustu-sarj-cihazi\/\" \/>\n<meta property=\"og:locale\" content=\"ru_RU\" \/>\n<meta property=\"og:type\" content=\"article\" \/>\n<meta property=\"og:title\" content=\"ReSound Key\/Q masa\u00fcst\u00fc \u015farj cihaz\u0131 - Otomed\" \/>\n<meta property=\"og:description\" content=\"Yenid\u0259n doldurulan E\u015fitm\u0259 Aparatlar\u0131 \u00fc\u00e7\u00fcn ReSound A\u00e7ar Masa\u00fcst\u00fc \u015earj Cihaz\u0131 RT61-DRWC modell\u0259rini doldurmaq \u00fc\u00e7\u00fcn istifad\u0259 edil\u0259n konstruktor portativ qutusudur. O, istifad\u0259\u00e7iy\u0259 kompakt v\u0259 istifad\u0259si v\u0259 da\u015f\u0131nmas\u0131 asan olan tam doldurulan sisteml\u0259 t\u0259min edir. \u018fsas X\u00fcsusiyy\u0259tl\u0259r: Ki\u00e7ik \u00f6l\u00e7\u00fcs\u00fc v\u0259 y\u00fcng\u00fcl \u00e7\u0259kisi il\u0259 bu \u015farj cihaz\u0131 s\u0259yah\u0259t, s\u0259yah\u0259t, \u00e7arpay\u0131 masalar\u0131nda saxlama v\u0259 s. ReSound A\u00e7ar\u0131n\u0131z\u0131 c\u0259mi 3 [&hellip;]\" \/>\n<meta property=\"og:url\" content=\"https:\/\/otomed.az\/product\/resound-key-q-masaustu-sarj-cihazi\/\" \/>\n<meta property=\"og:site_name\" content=\"Otomed\" \/>\n<meta property=\"article:modified_time\" content=\"2023-08-08T10:01:23+00:00\" \/>\n<meta property=\"og:image\" content=\"https:\/\/otomed.az\/wp-content\/uploads\/2023\/08\/h47gjgl6evqv7f8h5h8b23ts3jqhi985.jpg\" \/>\n\t<meta property=\"og:image:width\" content=\"500\" \/>\n\t<meta property=\"og:image:height\" content=\"500\" \/>\n\t<meta property=\"og:image:type\" content=\"image\/jpeg\" \/>\n<meta name=\"twitter:card\" content=\"summary_large_image\" \/>\n<meta name=\"twitter:label1\" content=\"\u041f\u0440\u0438\u043c\u0435\u0440\u043d\u043e\u0435 \u0432\u0440\u0435\u043c\u044f \u0434\u043b\u044f \u0447\u0442\u0435\u043d\u0438\u044f\" \/>\n\t<meta name=\"twitter:data1\" content=\"1 \u043c\u0438\u043d\u0443\u0442\u0430\" \/>\n<script type=\"application\/ld+json\" class=\"yoast-schema-graph\">{\"@context\":\"https:\/\/schema.org\",\"@graph\":[{\"@type\":\"WebPage\",\"@id\":\"https:\/\/otomed.az\/product\/resound-key-q-masaustu-sarj-cihazi\/\",\"url\":\"https:\/\/otomed.az\/product\/resound-key-q-masaustu-sarj-cihazi\/\",\"name\":\"ReSound Key\/Q masa\u00fcst\u00fc \u015farj cihaz\u0131 - Otomed\",\"isPartOf\":{\"@id\":\"https:\/\/otomed.az\/#website\"},\"datePublished\":\"2023-08-08T10:01:22+00:00\",\"dateModified\":\"2023-08-08T10:01:23+00:00\",\"breadcrumb\":{\"@id\":\"https:\/\/otomed.az\/product\/resound-key-q-masaustu-sarj-cihazi\/#breadcrumb\"},\"inLanguage\":\"ru-RU\",\"potentialAction\":[{\"@type\":\"ReadAction\",\"target\":[\"https:\/\/otomed.az\/product\/resound-key-q-masaustu-sarj-cihazi\/\"]}]},{\"@type\":\"BreadcrumbList\",\"@id\":\"https:\/\/otomed.az\/product\/resound-key-q-masaustu-sarj-cihazi\/#breadcrumb\",\"itemListElement\":[{\"@type\":\"ListItem\",\"position\":1,\"name\":\"\u0413\u043b\u0430\u0432\u043d\u0430\u044f \u0441\u0442\u0440\u0430\u043d\u0438\u0446\u0430\",\"item\":\"https:\/\/otomed.az\/ru\/\"},{\"@type\":\"ListItem\",\"position\":2,\"name\":\"Products\",\"item\":\"https:\/\/otomed.az\/shop\/\"},{\"@type\":\"ListItem\",\"position\":3,\"name\":\"ReSound Key\/Q masa\u00fcst\u00fc \u015farj cihaz\u0131\"}]},{\"@type\":\"WebSite\",\"@id\":\"https:\/\/otomed.az\/#website\",\"url\":\"https:\/\/otomed.az\/\",\"name\":\"Otomed\",\"description\":\"\",\"publisher\":{\"@id\":\"https:\/\/otomed.az\/#organization\"},\"potentialAction\":[{\"@type\":\"SearchAction\",\"target\":{\"@type\":\"EntryPoint\",\"urlTemplate\":\"https:\/\/otomed.az\/?s={search_term_string}\"},\"query-input\":\"required name=search_term_string\"}],\"inLanguage\":\"ru-RU\"},{\"@type\":\"Organization\",\"@id\":\"https:\/\/otomed.az\/#organization\",\"name\":\"Otomed\",\"url\":\"https:\/\/otomed.az\/\",\"logo\":{\"@type\":\"ImageObject\",\"inLanguage\":\"ru-RU\",\"@id\":\"https:\/\/otomed.az\/#\/schema\/logo\/image\/\",\"url\":\"https:\/\/otomed.az\/wp-content\/uploads\/2022\/12\/logo.png\",\"contentUrl\":\"https:\/\/otomed.az\/wp-content\/uploads\/2022\/12\/logo.png\",\"width\":1340,\"height\":300,\"caption\":\"Otomed\"},\"image\":{\"@id\":\"https:\/\/otomed.az\/#\/schema\/logo\/image\/\"}}]}<\/script>\n<!-- \/ Yoast SEO plugin. -->","yoast_head_json":{"title":"ReSound Key\/Q masa\u00fcst\u00fc \u015farj cihaz\u0131 - Otomed","robots":{"index":"index","follow":"follow","max-snippet":"max-snippet:-1","max-image-preview":"max-image-preview:large","max-video-preview":"max-video-preview:-1"},"canonical":"https:\/\/otomed.az\/product\/resound-key-q-masaustu-sarj-cihazi\/","og_locale":"ru_RU","og_type":"article","og_title":"ReSound Key\/Q masa\u00fcst\u00fc \u015farj cihaz\u0131 - Otomed","og_description":"Yenid\u0259n doldurulan E\u015fitm\u0259 Aparatlar\u0131 \u00fc\u00e7\u00fcn ReSound A\u00e7ar Masa\u00fcst\u00fc \u015earj Cihaz\u0131 RT61-DRWC modell\u0259rini doldurmaq \u00fc\u00e7\u00fcn istifad\u0259 edil\u0259n konstruktor portativ qutusudur. O, istifad\u0259\u00e7iy\u0259 kompakt v\u0259 istifad\u0259si v\u0259 da\u015f\u0131nmas\u0131 asan olan tam doldurulan sisteml\u0259 t\u0259min edir. \u018fsas X\u00fcsusiyy\u0259tl\u0259r: Ki\u00e7ik \u00f6l\u00e7\u00fcs\u00fc v\u0259 y\u00fcng\u00fcl \u00e7\u0259kisi il\u0259 bu \u015farj cihaz\u0131 s\u0259yah\u0259t, s\u0259yah\u0259t, \u00e7arpay\u0131 masalar\u0131nda saxlama v\u0259 s. ReSound A\u00e7ar\u0131n\u0131z\u0131 c\u0259mi 3 [&hellip;]","og_url":"https:\/\/otomed.az\/product\/resound-key-q-masaustu-sarj-cihazi\/","og_site_name":"Otomed","article_modified_time":"2023-08-08T10:01:23+00:00","og_image":[{"width":500,"height":500,"url":"https:\/\/otomed.az\/wp-content\/uploads\/2023\/08\/h47gjgl6evqv7f8h5h8b23ts3jqhi985.jpg","type":"image\/jpeg"}],"twitter_card":"summary_large_image","twitter_misc":{"\u041f\u0440\u0438\u043c\u0435\u0440\u043d\u043e\u0435 \u0432\u0440\u0435\u043c\u044f \u0434\u043b\u044f \u0447\u0442\u0435\u043d\u0438\u044f":"1 \u043c\u0438\u043d\u0443\u0442\u0430"},"schema":{"@context":"https:\/\/schema.org","@graph":[{"@type":"WebPage","@id":"https:\/\/otomed.az\/product\/resound-key-q-masaustu-sarj-cihazi\/","url":"https:\/\/otomed.az\/product\/resound-key-q-masaustu-sarj-cihazi\/","name":"ReSound Key\/Q masa\u00fcst\u00fc \u015farj cihaz\u0131 - Otomed","isPartOf":{"@id":"https:\/\/otomed.az\/#website"},"datePublished":"2023-08-08T10:01:22+00:00","dateModified":"2023-08-08T10:01:23+00:00","breadcrumb":{"@id":"https:\/\/otomed.az\/product\/resound-key-q-masaustu-sarj-cihazi\/#breadcrumb"},"inLanguage":"ru-RU","potentialAction":[{"@type":"ReadAction","target":["https:\/\/otomed.az\/product\/resound-key-q-masaustu-sarj-cihazi\/"]}]},{"@type":"BreadcrumbList","@id":"https:\/\/otomed.az\/product\/resound-key-q-masaustu-sarj-cihazi\/#breadcrumb","itemListElement":[{"@type":"ListItem","position":1,"name":"\u0413\u043b\u0430\u0432\u043d\u0430\u044f \u0441\u0442\u0440\u0430\u043d\u0438\u0446\u0430","item":"https:\/\/otomed.az\/ru\/"},{"@type":"ListItem","position":2,"name":"Products","item":"https:\/\/otomed.az\/shop\/"},{"@type":"ListItem","position":3,"name":"ReSound Key\/Q masa\u00fcst\u00fc \u015farj cihaz\u0131"}]},{"@type":"WebSite","@id":"https:\/\/otomed.az\/#website","url":"https:\/\/otomed.az\/","name":"Otomed","description":"","publisher":{"@id":"https:\/\/otomed.az\/#organization"},"potentialAction":[{"@type":"SearchAction","target":{"@type":"EntryPoint","urlTemplate":"https:\/\/otomed.az\/?s={search_term_string}"},"query-input":"required name=search_term_string"}],"inLanguage":"ru-RU"},{"@type":"Organization","@id":"https:\/\/otomed.az\/#organization","name":"Otomed","url":"https:\/\/otomed.az\/","logo":{"@type":"ImageObject","inLanguage":"ru-RU","@id":"https:\/\/otomed.az\/#\/schema\/logo\/image\/","url":"https:\/\/otomed.az\/wp-content\/uploads\/2022\/12\/logo.png","contentUrl":"https:\/\/otomed.az\/wp-content\/uploads\/2022\/12\/logo.png","width":1340,"height":300,"caption":"Otomed"},"image":{"@id":"https:\/\/otomed.az\/#\/schema\/logo\/image\/"}}]}},"_links":{"self":[{"href":"https:\/\/otomed.az\/ru\/wp-json\/wp\/v2\/product\/1358"}],"collection":[{"href":"https:\/\/otomed.az\/ru\/wp-json\/wp\/v2\/product"}],"about":[{"href":"https:\/\/otomed.az\/ru\/wp-json\/wp\/v2\/types\/product"}],"replies":[{"embeddable":true,"href":"https:\/\/otomed.az\/ru\/wp-json\/wp\/v2\/comments?post=1358"}],"wp:featuredmedia":[{"embeddable":true,"href":"https:\/\/otomed.az\/ru\/wp-json\/wp\/v2\/media\/1359"}],"wp:attachment":[{"href":"https:\/\/otomed.az\/ru\/wp-json\/wp\/v2\/media?parent=1358"}],"wp:term":[{"taxonomy":"product_cat","embeddable":true,"href":"https:\/\/otomed.az\/ru\/wp-json\/wp\/v2\/product_cat?post=1358"},{"taxonomy":"product_tag","embeddable":true,"href":"https:\/\/otomed.az\/ru\/wp-json\/wp\/v2\/product_tag?post=1358"}],"curies":[{"name":"wp","href":"https:\/\/api.w.org\/{rel}","templated":true}]}}