{"id":1376,"date":"2023-08-08T15:33:22","date_gmt":"2023-08-08T12:33:22","guid":{"rendered":"https:\/\/otomed.az\/?post_type=product&#038;p=1376"},"modified":"2023-08-08T15:33:22","modified_gmt":"2023-08-08T12:33:22","slug":"resound-key-ke388","status":"publish","type":"product","link":"https:\/\/otomed.az\/ru\/product\/resound-key-ke388\/","title":{"rendered":"ReSound Key KE388"},"content":{"rendered":"<p>III-IV d\u0259r\u0259c\u0259 e\u015fitm\u0259 itkisini kompensasiya etm\u0259k \u00fc\u00e7\u00fcn istifad\u0259 edil\u0259n geni\u015f funksionall\u0131q s\u0259viyy\u0259sin\u0259 malik g\u00fccl\u00fc r\u0259q\u0259msal qulaq arxas\u0131 e\u015fitm\u0259 cihaz\u0131.<\/p>\n<p>G\u00fccl\u00fc e\u015fitm\u0259 cihazlar\u0131 Resound KEY388 \u00a0orta d\u0259r\u0259c\u0259d\u0259 aktiv h\u0259yat t\u0259rzi ke\u00e7ir\u0259n istifad\u0259\u00e7il\u0259r \u00fc\u00e7\u00fcn uy\u011fundur. Onlar\u0131n simsiz \u0259laq\u0259si, z\u0259rif dizayn\u0131 v\u0259 y\u00fcks\u0259k keyfiyy\u0259tli s\u0259si var.<\/p>\n<p>ReSound\u00a0 KEY 3 modell\u0259rinin \u0259sas x\u00fcsusiyy\u0259tl\u0259ri:<\/p>\n<ul>\n<li>Orta s\u0259s-k\u00fcyl\u00fc akustik v\u0259ziyy\u0259tl\u0259rd\u0259 istifad\u0259 \u00fc\u00e7\u00fcn n\u0259z\u0259rd\u0259 tutulmu\u015fdur;<\/li>\n<li>B\u00fct\u00fcn ReSound Unite simsiz aksesuarlar\u0131 v\u0259 ReSound Control proqram\u0131 il\u0259 uy\u011fun g\u0259lir.<\/li>\n<li>Tinnitus Generatoru var;<\/li>\n<li>Qulaqda q\u0259buledici e\u015fitm\u0259 cihazlar\u0131 v\u0259 qulaq arxas\u0131 miniat\u00fcr modell\u0259ri m\u00f6vcuddur.<strong>\u018fsas x\u00fcsusiyy\u0259tl\u0259r:<\/strong>\n<ul>\n<li>Siqnal emal kanallar\u0131 &#8212; 8.<\/li>\n<li>Adaptiv oriyentasiya.<\/li>\n<li>Yum\u015faq ke\u00e7id.<\/li>\n<li>Sabit istiqam\u0259t.<\/li>\n<li>Geni\u015fl\u0259nm\u0259.<\/li>\n<li>K\u00fcl\u0259kd\u0259n qorunma.<\/li>\n<li>Tamamil\u0259 f\u0259rdil\u0259\u015fdiril\u0259 bil\u0259n proqramlar &#8212; 4.<\/li>\n<li>A\u011f\u0131ll\u0131 ba\u015flan\u011f\u0131c.<\/li>\n<\/ul>\n<\/li>\n<\/ul>\n<p><strong>Uy\u011funluq<\/strong>:<\/p>\n<ul>\n<li style=\"list-style-type: none;\">\n<ul>\n<li>ReSound Unite TV yay\u0131mlay\u0131c\u0131s\u0131.<\/li>\n<li>ReSound Unite TV yay\u0131mlay\u0131c\u0131s\u0131 2.<\/li>\n<li>ReSound Unite pult.<\/li>\n<li>ReSound Unite pultu 2.<\/li>\n<li>ReSound Unite Telefon Klipi+.<\/li>\n<li>ReSound Unite mini mikrofonu.<\/li>\n<li>ReSound Control proqram\u0131 (Phone Clip + t\u0259l\u0259b edir).<\/li>\n<li>T\u0259nziml\u0259m\u0259 kanallar\u0131 &#8212; maks. 8.<\/li>\n<li>Qeyd d\u0259ft\u0259ri II.<\/li>\n<li>T\u0259hl\u00fck\u0259siz parametr.<\/li>\n<li>Proqram ke\u00e7id d\u00fcym\u0259si.<\/li>\n<li>S\u0259s s\u0259viyy\u0259sin\u0259 n\u0259zar\u0259t.<\/li>\n<li>\u0130nduksiya bobini.<\/li>\n<li>M\u00f6vcud r\u0259ngl\u0259r &#8212; 5.<\/li>\n<\/ul>\n<\/li>\n<\/ul>\n","protected":false},"excerpt":{"rendered":"<p>III-IV d\u0259r\u0259c\u0259 e\u015fitm\u0259 itkisini kompensasiya etm\u0259k \u00fc\u00e7\u00fcn istifad\u0259 edil\u0259n geni\u015f funksionall\u0131q s\u0259viyy\u0259sin\u0259 malik g\u00fccl\u00fc r\u0259q\u0259msal qulaq arxas\u0131 e\u015fitm\u0259 cihaz\u0131. G\u00fccl\u00fc e\u015fitm\u0259 cihazlar\u0131 Resound KEY388 \u00a0orta d\u0259r\u0259c\u0259d\u0259 aktiv h\u0259yat t\u0259rzi ke\u00e7ir\u0259n istifad\u0259\u00e7il\u0259r \u00fc\u00e7\u00fcn uy\u011fundur. Onlar\u0131n simsiz \u0259laq\u0259si, z\u0259rif dizayn\u0131 v\u0259 y\u00fcks\u0259k keyfiyy\u0259tli s\u0259si var. ReSound\u00a0 KEY 3 modell\u0259rinin \u0259sas x\u00fcsusiyy\u0259tl\u0259ri: Orta s\u0259s-k\u00fcyl\u00fc akustik v\u0259ziyy\u0259tl\u0259rd\u0259 istifad\u0259 \u00fc\u00e7\u00fcn [&hellip;]<\/p>\n","protected":false},"featured_media":1377,"comment_status":"open","ping_status":"closed","template":"","meta":{"_joinchat":[]},"product_cat":[51],"product_tag":[],"yoast_head":"<!-- This site is optimized with the Yoast SEO plugin v21.1 - https:\/\/yoast.com\/wordpress\/plugins\/seo\/ -->\n<title>ReSound Key KE388 - Otomed<\/title>\n<meta name=\"robots\" content=\"index, follow, max-snippet:-1, max-image-preview:large, max-video-preview:-1\" \/>\n<link rel=\"canonical\" href=\"https:\/\/otomed.az\/product\/resound-key-ke388\/\" \/>\n<meta property=\"og:locale\" content=\"ru_RU\" \/>\n<meta property=\"og:type\" content=\"article\" \/>\n<meta property=\"og:title\" content=\"ReSound Key KE388 - Otomed\" \/>\n<meta property=\"og:description\" content=\"III-IV d\u0259r\u0259c\u0259 e\u015fitm\u0259 itkisini kompensasiya etm\u0259k \u00fc\u00e7\u00fcn istifad\u0259 edil\u0259n geni\u015f funksionall\u0131q s\u0259viyy\u0259sin\u0259 malik g\u00fccl\u00fc r\u0259q\u0259msal qulaq arxas\u0131 e\u015fitm\u0259 cihaz\u0131. G\u00fccl\u00fc e\u015fitm\u0259 cihazlar\u0131 Resound KEY388 \u00a0orta d\u0259r\u0259c\u0259d\u0259 aktiv h\u0259yat t\u0259rzi ke\u00e7ir\u0259n istifad\u0259\u00e7il\u0259r \u00fc\u00e7\u00fcn uy\u011fundur. Onlar\u0131n simsiz \u0259laq\u0259si, z\u0259rif dizayn\u0131 v\u0259 y\u00fcks\u0259k keyfiyy\u0259tli s\u0259si var. ReSound\u00a0 KEY 3 modell\u0259rinin \u0259sas x\u00fcsusiyy\u0259tl\u0259ri: Orta s\u0259s-k\u00fcyl\u00fc akustik v\u0259ziyy\u0259tl\u0259rd\u0259 istifad\u0259 \u00fc\u00e7\u00fcn [&hellip;]\" \/>\n<meta property=\"og:url\" content=\"https:\/\/otomed.az\/product\/resound-key-ke388\/\" \/>\n<meta property=\"og:site_name\" content=\"Otomed\" \/>\n<meta property=\"og:image\" content=\"https:\/\/otomed.az\/wp-content\/uploads\/2023\/08\/388.jpg\" \/>\n\t<meta property=\"og:image:width\" content=\"800\" \/>\n\t<meta property=\"og:image:height\" content=\"600\" \/>\n\t<meta property=\"og:image:type\" content=\"image\/jpeg\" \/>\n<meta name=\"twitter:card\" content=\"summary_large_image\" \/>\n<meta name=\"twitter:label1\" content=\"\u041f\u0440\u0438\u043c\u0435\u0440\u043d\u043e\u0435 \u0432\u0440\u0435\u043c\u044f \u0434\u043b\u044f \u0447\u0442\u0435\u043d\u0438\u044f\" \/>\n\t<meta name=\"twitter:data1\" content=\"1 \u043c\u0438\u043d\u0443\u0442\u0430\" \/>\n<script type=\"application\/ld+json\" class=\"yoast-schema-graph\">{\"@context\":\"https:\/\/schema.org\",\"@graph\":[{\"@type\":\"WebPage\",\"@id\":\"https:\/\/otomed.az\/product\/resound-key-ke388\/\",\"url\":\"https:\/\/otomed.az\/product\/resound-key-ke388\/\",\"name\":\"ReSound Key KE388 - Otomed\",\"isPartOf\":{\"@id\":\"https:\/\/otomed.az\/#website\"},\"datePublished\":\"2023-08-08T12:33:22+00:00\",\"dateModified\":\"2023-08-08T12:33:22+00:00\",\"breadcrumb\":{\"@id\":\"https:\/\/otomed.az\/product\/resound-key-ke388\/#breadcrumb\"},\"inLanguage\":\"ru-RU\",\"potentialAction\":[{\"@type\":\"ReadAction\",\"target\":[\"https:\/\/otomed.az\/product\/resound-key-ke388\/\"]}]},{\"@type\":\"BreadcrumbList\",\"@id\":\"https:\/\/otomed.az\/product\/resound-key-ke388\/#breadcrumb\",\"itemListElement\":[{\"@type\":\"ListItem\",\"position\":1,\"name\":\"\u0413\u043b\u0430\u0432\u043d\u0430\u044f \u0441\u0442\u0440\u0430\u043d\u0438\u0446\u0430\",\"item\":\"https:\/\/otomed.az\/ru\/\"},{\"@type\":\"ListItem\",\"position\":2,\"name\":\"Products\",\"item\":\"https:\/\/otomed.az\/shop\/\"},{\"@type\":\"ListItem\",\"position\":3,\"name\":\"ReSound Key KE388\"}]},{\"@type\":\"WebSite\",\"@id\":\"https:\/\/otomed.az\/#website\",\"url\":\"https:\/\/otomed.az\/\",\"name\":\"Otomed\",\"description\":\"\",\"publisher\":{\"@id\":\"https:\/\/otomed.az\/#organization\"},\"potentialAction\":[{\"@type\":\"SearchAction\",\"target\":{\"@type\":\"EntryPoint\",\"urlTemplate\":\"https:\/\/otomed.az\/?s={search_term_string}\"},\"query-input\":\"required name=search_term_string\"}],\"inLanguage\":\"ru-RU\"},{\"@type\":\"Organization\",\"@id\":\"https:\/\/otomed.az\/#organization\",\"name\":\"Otomed\",\"url\":\"https:\/\/otomed.az\/\",\"logo\":{\"@type\":\"ImageObject\",\"inLanguage\":\"ru-RU\",\"@id\":\"https:\/\/otomed.az\/#\/schema\/logo\/image\/\",\"url\":\"https:\/\/otomed.az\/wp-content\/uploads\/2022\/12\/logo.png\",\"contentUrl\":\"https:\/\/otomed.az\/wp-content\/uploads\/2022\/12\/logo.png\",\"width\":1340,\"height\":300,\"caption\":\"Otomed\"},\"image\":{\"@id\":\"https:\/\/otomed.az\/#\/schema\/logo\/image\/\"}}]}<\/script>\n<!-- \/ Yoast SEO plugin. -->","yoast_head_json":{"title":"ReSound Key KE388 - Otomed","robots":{"index":"index","follow":"follow","max-snippet":"max-snippet:-1","max-image-preview":"max-image-preview:large","max-video-preview":"max-video-preview:-1"},"canonical":"https:\/\/otomed.az\/product\/resound-key-ke388\/","og_locale":"ru_RU","og_type":"article","og_title":"ReSound Key KE388 - Otomed","og_description":"III-IV d\u0259r\u0259c\u0259 e\u015fitm\u0259 itkisini kompensasiya etm\u0259k \u00fc\u00e7\u00fcn istifad\u0259 edil\u0259n geni\u015f funksionall\u0131q s\u0259viyy\u0259sin\u0259 malik g\u00fccl\u00fc r\u0259q\u0259msal qulaq arxas\u0131 e\u015fitm\u0259 cihaz\u0131. G\u00fccl\u00fc e\u015fitm\u0259 cihazlar\u0131 Resound KEY388 \u00a0orta d\u0259r\u0259c\u0259d\u0259 aktiv h\u0259yat t\u0259rzi ke\u00e7ir\u0259n istifad\u0259\u00e7il\u0259r \u00fc\u00e7\u00fcn uy\u011fundur. Onlar\u0131n simsiz \u0259laq\u0259si, z\u0259rif dizayn\u0131 v\u0259 y\u00fcks\u0259k keyfiyy\u0259tli s\u0259si var. ReSound\u00a0 KEY 3 modell\u0259rinin \u0259sas x\u00fcsusiyy\u0259tl\u0259ri: Orta s\u0259s-k\u00fcyl\u00fc akustik v\u0259ziyy\u0259tl\u0259rd\u0259 istifad\u0259 \u00fc\u00e7\u00fcn [&hellip;]","og_url":"https:\/\/otomed.az\/product\/resound-key-ke388\/","og_site_name":"Otomed","og_image":[{"width":800,"height":600,"url":"https:\/\/otomed.az\/wp-content\/uploads\/2023\/08\/388.jpg","type":"image\/jpeg"}],"twitter_card":"summary_large_image","twitter_misc":{"\u041f\u0440\u0438\u043c\u0435\u0440\u043d\u043e\u0435 \u0432\u0440\u0435\u043c\u044f \u0434\u043b\u044f \u0447\u0442\u0435\u043d\u0438\u044f":"1 \u043c\u0438\u043d\u0443\u0442\u0430"},"schema":{"@context":"https:\/\/schema.org","@graph":[{"@type":"WebPage","@id":"https:\/\/otomed.az\/product\/resound-key-ke388\/","url":"https:\/\/otomed.az\/product\/resound-key-ke388\/","name":"ReSound Key KE388 - Otomed","isPartOf":{"@id":"https:\/\/otomed.az\/#website"},"datePublished":"2023-08-08T12:33:22+00:00","dateModified":"2023-08-08T12:33:22+00:00","breadcrumb":{"@id":"https:\/\/otomed.az\/product\/resound-key-ke388\/#breadcrumb"},"inLanguage":"ru-RU","potentialAction":[{"@type":"ReadAction","target":["https:\/\/otomed.az\/product\/resound-key-ke388\/"]}]},{"@type":"BreadcrumbList","@id":"https:\/\/otomed.az\/product\/resound-key-ke388\/#breadcrumb","itemListElement":[{"@type":"ListItem","position":1,"name":"\u0413\u043b\u0430\u0432\u043d\u0430\u044f \u0441\u0442\u0440\u0430\u043d\u0438\u0446\u0430","item":"https:\/\/otomed.az\/ru\/"},{"@type":"ListItem","position":2,"name":"Products","item":"https:\/\/otomed.az\/shop\/"},{"@type":"ListItem","position":3,"name":"ReSound Key KE388"}]},{"@type":"WebSite","@id":"https:\/\/otomed.az\/#website","url":"https:\/\/otomed.az\/","name":"Otomed","description":"","publisher":{"@id":"https:\/\/otomed.az\/#organization"},"potentialAction":[{"@type":"SearchAction","target":{"@type":"EntryPoint","urlTemplate":"https:\/\/otomed.az\/?s={search_term_string}"},"query-input":"required name=search_term_string"}],"inLanguage":"ru-RU"},{"@type":"Organization","@id":"https:\/\/otomed.az\/#organization","name":"Otomed","url":"https:\/\/otomed.az\/","logo":{"@type":"ImageObject","inLanguage":"ru-RU","@id":"https:\/\/otomed.az\/#\/schema\/logo\/image\/","url":"https:\/\/otomed.az\/wp-content\/uploads\/2022\/12\/logo.png","contentUrl":"https:\/\/otomed.az\/wp-content\/uploads\/2022\/12\/logo.png","width":1340,"height":300,"caption":"Otomed"},"image":{"@id":"https:\/\/otomed.az\/#\/schema\/logo\/image\/"}}]}},"_links":{"self":[{"href":"https:\/\/otomed.az\/ru\/wp-json\/wp\/v2\/product\/1376"}],"collection":[{"href":"https:\/\/otomed.az\/ru\/wp-json\/wp\/v2\/product"}],"about":[{"href":"https:\/\/otomed.az\/ru\/wp-json\/wp\/v2\/types\/product"}],"replies":[{"embeddable":true,"href":"https:\/\/otomed.az\/ru\/wp-json\/wp\/v2\/comments?post=1376"}],"wp:featuredmedia":[{"embeddable":true,"href":"https:\/\/otomed.az\/ru\/wp-json\/wp\/v2\/media\/1377"}],"wp:attachment":[{"href":"https:\/\/otomed.az\/ru\/wp-json\/wp\/v2\/media?parent=1376"}],"wp:term":[{"taxonomy":"product_cat","embeddable":true,"href":"https:\/\/otomed.az\/ru\/wp-json\/wp\/v2\/product_cat?post=1376"},{"taxonomy":"product_tag","embeddable":true,"href":"https:\/\/otomed.az\/ru\/wp-json\/wp\/v2\/product_tag?post=1376"}],"curies":[{"name":"wp","href":"https:\/\/api.w.org\/{rel}","templated":true}]}}