{"id":1380,"date":"2023-08-08T16:05:17","date_gmt":"2023-08-08T13:05:17","guid":{"rendered":"https:\/\/otomed.az\/?post_type=product&#038;p=1380"},"modified":"2023-08-08T16:06:19","modified_gmt":"2023-08-08T13:06:19","slug":"resound-key-%d0%ba%d0%b5461-drw","status":"publish","type":"product","link":"https:\/\/otomed.az\/ru\/product\/resound-key-%d0%ba%d0%b5461-drw\/","title":{"rendered":"ReSound Key \u041a\u0415461-DRW"},"content":{"rendered":"<p>Premium texnologiya il\u0259 giri\u015f s\u0259viyy\u0259li seqmentd\u0259 \u0259n y\u00fcks\u0259k s\u0259viyy\u0259li R\u0259q\u0259msal Qulaq Arxas\u0131nda (RIE) E\u015fitm\u0259 Cihaz\u0131. 312 batareya il\u0259 i\u015fl\u0259yir. \u0130st\u0259nil\u0259n g\u00fcc n\u00f6v\u00fc \u00fc\u00e7\u00fcn d\u0259yi\u015fdiril\u0259 bil\u0259n q\u0259buledici se\u00e7m\u0259k qabiliyy\u0259tin\u0259 malikdir.<\/p>\n<p><strong>\u018fsas X\u00fcsusiyy\u0259tl\u0259r:<\/strong><\/p>\n<p>ReSound Key e\u015fitm\u0259 cihazlar\u0131 t\u0259bii e\u015fitm\u0259ni m\u00fcmk\u00fcn q\u0259d\u0259r yax\u0131ndan t\u0259qlid ed\u0259n \u00dczvi E\u015fitm\u0259 f\u0259ls\u0259f\u0259sin\u0259 \u0259saslan\u0131r.<\/p>\n<p>ReSound Key \u0259n son Bluetooth Low Energy simsiz texnologiyas\u0131ndan istifad\u0259 edir. Bu, uy\u011fun Apple v\u0259 Android smartfonlar\u0131ndan birba\u015fa audio ax\u0131n\u0131n\u0131 t\u0259min edir.<\/p>\n<p>\u0130ntuitiv v\u0259 istifad\u0259si asan, iPhone, iPad v\u0259 iPod v\u0259 uy\u011fun Android smartfonlar\u0131 \u00fc\u00e7\u00fcn n\u0259z\u0259rd\u0259 tutulmu\u015f ReSound Smart 3D e\u015fitm\u0259 f\u0259rdil\u0259\u015fdirm\u0259 proqram\u0131 yolda rahat t\u0259nziml\u0259m\u0259l\u0259ri t\u0259min edir. Bununla siz s\u0259s s\u0259viyy\u0259sini v\u0259 \u0259trafdak\u0131 s\u0259s-k\u00fcy\u00fc, m\u00fcxt\u0259lif s\u0259s proqramlar\u0131n\u0131, batareya s\u0259viyy\u0259sini idar\u0259 ed\u0259 bil\u0259rsiniz. T\u0259tbiq, istifad\u0259\u00e7i itirdiyi halda e\u015fitm\u0259 cihazlar\u0131n\u0131 tapma\u011fa, h\u0259m\u00e7inin m\u00fcalic\u0259vi s\u0259sl\u0259rl\u0259 qulaq t\u0131xanmas\u0131n\u0131 aradan qald\u0131rma\u011fa imkan verir.<\/p>\n<p>ReSound simsiz aksesuarlar\u0131n \u00e7e\u015fidi il\u0259 uy\u011funluq \u00e7\u0259tin v\u0259ziyy\u0259tl\u0259rd\u0259 \u0259lav\u0259 e\u015fitm\u0259 qabiliyy\u0259tini t\u0259min edir v\u0259 istifad\u0259\u00e7i t\u0259cr\u00fcb\u0259sini art\u0131r\u0131r.<\/p>\n<p><strong>\u018fsas x\u00fcsusiyy\u0259tl\u0259r:<\/strong><\/p>\n<ul>\n<li>T\u0259bii istiqam\u0259t II.<\/li>\n<li>Sinxronla\u015fd\u0131r\u0131lm\u0131\u015f yum\u015faq ke\u00e7id.<\/li>\n<li>M\u00fchit t\u0259snifat\u0131.<\/li>\n<li>Musiqi rejimi.<\/li>\n<li>K\u00fcl\u0259k M\u00fchafiz\u0259si.<\/li>\n<li>Sinxronla\u015fd\u0131r\u0131lm\u0131\u015f Adaptasiya Meneceri.<\/li>\n<li>A\u015fa\u011f\u0131 tezlikli g\u00fccl\u0259ndirm\u0259 (yaln\u0131z UP q\u0259buledicisi il\u0259).<\/li>\n<li>Sinxronla\u015fd\u0131r\u0131lm\u0131\u015f proqram d\u00fcym\u0259si (s\u0259s s\u0259viyy\u0259sin\u0259 n\u0259zar\u0259t funksiyas\u0131 daxildir).<\/li>\n<li>A\u011f\u0131ll\u0131 ba\u015flan\u011f\u0131c<\/li>\n<li>Rahat telefon.<\/li>\n<li>ReSound simsiz aksesuarlar\u0131n \u00e7e\u015fidi il\u0259 uy\u011fun g\u0259lir.<\/li>\n<li>Uzaqdan t\u0259nziml\u0259m\u0259.<\/li>\n<li>Onlayn ReSound D\u0259st\u0259yi.<\/li>\n<li>Uzaqdan proqram t\u0259minat\u0131 yenil\u0259m\u0259si.<\/li>\n<li>Tamamil\u0259 f\u0259rdil\u0259\u015fdiril\u0259 bil\u0259n proqramlar &#8212; 4.<\/li>\n<li>Qeyd d\u0259ft\u0259ri II.<\/li>\n<li>\u0130nduksiya bobini (se\u00e7im).<\/li>\n<li>Kompakt \u00f6l\u00e7\u00fc.<\/li>\n<\/ul>\n","protected":false},"excerpt":{"rendered":"<p>Premium texnologiya il\u0259 giri\u015f s\u0259viyy\u0259li seqmentd\u0259 \u0259n y\u00fcks\u0259k s\u0259viyy\u0259li R\u0259q\u0259msal Qulaq Arxas\u0131nda (RIE) E\u015fitm\u0259 Cihaz\u0131. 312 batareya il\u0259 i\u015fl\u0259yir. \u0130st\u0259nil\u0259n g\u00fcc n\u00f6v\u00fc \u00fc\u00e7\u00fcn d\u0259yi\u015fdiril\u0259 bil\u0259n q\u0259buledici se\u00e7m\u0259k qabiliyy\u0259tin\u0259 malikdir. \u018fsas X\u00fcsusiyy\u0259tl\u0259r: ReSound Key e\u015fitm\u0259 cihazlar\u0131 t\u0259bii e\u015fitm\u0259ni m\u00fcmk\u00fcn q\u0259d\u0259r yax\u0131ndan t\u0259qlid ed\u0259n \u00dczvi E\u015fitm\u0259 f\u0259ls\u0259f\u0259sin\u0259 \u0259saslan\u0131r. ReSound Key \u0259n son Bluetooth Low Energy simsiz texnologiyas\u0131ndan [&hellip;]<\/p>\n","protected":false},"featured_media":1381,"comment_status":"open","ping_status":"closed","template":"","meta":{"_joinchat":[]},"product_cat":[51],"product_tag":[],"yoast_head":"<!-- This site is optimized with the Yoast SEO plugin v21.1 - https:\/\/yoast.com\/wordpress\/plugins\/seo\/ -->\n<title>ReSound Key \u041a\u0415461-DRW - Otomed<\/title>\n<meta name=\"robots\" content=\"index, follow, max-snippet:-1, max-image-preview:large, max-video-preview:-1\" \/>\n<link rel=\"canonical\" href=\"https:\/\/otomed.az\/product\/resound-key-\u043a\u0435461-drw\/\" \/>\n<meta property=\"og:locale\" content=\"ru_RU\" \/>\n<meta property=\"og:type\" content=\"article\" \/>\n<meta property=\"og:title\" content=\"ReSound Key \u041a\u0415461-DRW - Otomed\" \/>\n<meta property=\"og:description\" content=\"Premium texnologiya il\u0259 giri\u015f s\u0259viyy\u0259li seqmentd\u0259 \u0259n y\u00fcks\u0259k s\u0259viyy\u0259li R\u0259q\u0259msal Qulaq Arxas\u0131nda (RIE) E\u015fitm\u0259 Cihaz\u0131. 312 batareya il\u0259 i\u015fl\u0259yir. \u0130st\u0259nil\u0259n g\u00fcc n\u00f6v\u00fc \u00fc\u00e7\u00fcn d\u0259yi\u015fdiril\u0259 bil\u0259n q\u0259buledici se\u00e7m\u0259k qabiliyy\u0259tin\u0259 malikdir. \u018fsas X\u00fcsusiyy\u0259tl\u0259r: ReSound Key e\u015fitm\u0259 cihazlar\u0131 t\u0259bii e\u015fitm\u0259ni m\u00fcmk\u00fcn q\u0259d\u0259r yax\u0131ndan t\u0259qlid ed\u0259n \u00dczvi E\u015fitm\u0259 f\u0259ls\u0259f\u0259sin\u0259 \u0259saslan\u0131r. ReSound Key \u0259n son Bluetooth Low Energy simsiz texnologiyas\u0131ndan [&hellip;]\" \/>\n<meta property=\"og:url\" content=\"https:\/\/otomed.az\/product\/resound-key-\u043a\u0435461-drw\/\" \/>\n<meta property=\"og:site_name\" content=\"Otomed\" \/>\n<meta property=\"article:modified_time\" content=\"2023-08-08T13:06:19+00:00\" \/>\n<meta property=\"og:image\" content=\"https:\/\/otomed.az\/wp-content\/uploads\/2023\/08\/71bfz3rm0ttukl80pbjrobz5f64zc58z.jpg\" \/>\n\t<meta property=\"og:image:width\" content=\"800\" \/>\n\t<meta property=\"og:image:height\" content=\"600\" \/>\n\t<meta property=\"og:image:type\" content=\"image\/jpeg\" \/>\n<meta name=\"twitter:card\" content=\"summary_large_image\" \/>\n<meta name=\"twitter:label1\" content=\"\u041f\u0440\u0438\u043c\u0435\u0440\u043d\u043e\u0435 \u0432\u0440\u0435\u043c\u044f \u0434\u043b\u044f \u0447\u0442\u0435\u043d\u0438\u044f\" \/>\n\t<meta name=\"twitter:data1\" content=\"2 \u043c\u0438\u043d\u0443\u0442\u044b\" \/>\n<script type=\"application\/ld+json\" class=\"yoast-schema-graph\">{\"@context\":\"https:\/\/schema.org\",\"@graph\":[{\"@type\":\"WebPage\",\"@id\":\"https:\/\/otomed.az\/product\/resound-key-%d0%ba%d0%b5461-drw\/\",\"url\":\"https:\/\/otomed.az\/product\/resound-key-%d0%ba%d0%b5461-drw\/\",\"name\":\"ReSound Key \u041a\u0415461-DRW - Otomed\",\"isPartOf\":{\"@id\":\"https:\/\/otomed.az\/#website\"},\"datePublished\":\"2023-08-08T13:05:17+00:00\",\"dateModified\":\"2023-08-08T13:06:19+00:00\",\"breadcrumb\":{\"@id\":\"https:\/\/otomed.az\/product\/resound-key-%d0%ba%d0%b5461-drw\/#breadcrumb\"},\"inLanguage\":\"ru-RU\",\"potentialAction\":[{\"@type\":\"ReadAction\",\"target\":[\"https:\/\/otomed.az\/product\/resound-key-%d0%ba%d0%b5461-drw\/\"]}]},{\"@type\":\"BreadcrumbList\",\"@id\":\"https:\/\/otomed.az\/product\/resound-key-%d0%ba%d0%b5461-drw\/#breadcrumb\",\"itemListElement\":[{\"@type\":\"ListItem\",\"position\":1,\"name\":\"\u0413\u043b\u0430\u0432\u043d\u0430\u044f \u0441\u0442\u0440\u0430\u043d\u0438\u0446\u0430\",\"item\":\"https:\/\/otomed.az\/ru\/\"},{\"@type\":\"ListItem\",\"position\":2,\"name\":\"Products\",\"item\":\"https:\/\/otomed.az\/shop\/\"},{\"@type\":\"ListItem\",\"position\":3,\"name\":\"ReSound Key \u041a\u0415461-DRW\"}]},{\"@type\":\"WebSite\",\"@id\":\"https:\/\/otomed.az\/#website\",\"url\":\"https:\/\/otomed.az\/\",\"name\":\"Otomed\",\"description\":\"\",\"publisher\":{\"@id\":\"https:\/\/otomed.az\/#organization\"},\"potentialAction\":[{\"@type\":\"SearchAction\",\"target\":{\"@type\":\"EntryPoint\",\"urlTemplate\":\"https:\/\/otomed.az\/?s={search_term_string}\"},\"query-input\":\"required name=search_term_string\"}],\"inLanguage\":\"ru-RU\"},{\"@type\":\"Organization\",\"@id\":\"https:\/\/otomed.az\/#organization\",\"name\":\"Otomed\",\"url\":\"https:\/\/otomed.az\/\",\"logo\":{\"@type\":\"ImageObject\",\"inLanguage\":\"ru-RU\",\"@id\":\"https:\/\/otomed.az\/#\/schema\/logo\/image\/\",\"url\":\"https:\/\/otomed.az\/wp-content\/uploads\/2022\/12\/logo.png\",\"contentUrl\":\"https:\/\/otomed.az\/wp-content\/uploads\/2022\/12\/logo.png\",\"width\":1340,\"height\":300,\"caption\":\"Otomed\"},\"image\":{\"@id\":\"https:\/\/otomed.az\/#\/schema\/logo\/image\/\"}}]}<\/script>\n<!-- \/ Yoast SEO plugin. -->","yoast_head_json":{"title":"ReSound Key \u041a\u0415461-DRW - Otomed","robots":{"index":"index","follow":"follow","max-snippet":"max-snippet:-1","max-image-preview":"max-image-preview:large","max-video-preview":"max-video-preview:-1"},"canonical":"https:\/\/otomed.az\/product\/resound-key-\u043a\u0435461-drw\/","og_locale":"ru_RU","og_type":"article","og_title":"ReSound Key \u041a\u0415461-DRW - Otomed","og_description":"Premium texnologiya il\u0259 giri\u015f s\u0259viyy\u0259li seqmentd\u0259 \u0259n y\u00fcks\u0259k s\u0259viyy\u0259li R\u0259q\u0259msal Qulaq Arxas\u0131nda (RIE) E\u015fitm\u0259 Cihaz\u0131. 312 batareya il\u0259 i\u015fl\u0259yir. \u0130st\u0259nil\u0259n g\u00fcc n\u00f6v\u00fc \u00fc\u00e7\u00fcn d\u0259yi\u015fdiril\u0259 bil\u0259n q\u0259buledici se\u00e7m\u0259k qabiliyy\u0259tin\u0259 malikdir. \u018fsas X\u00fcsusiyy\u0259tl\u0259r: ReSound Key e\u015fitm\u0259 cihazlar\u0131 t\u0259bii e\u015fitm\u0259ni m\u00fcmk\u00fcn q\u0259d\u0259r yax\u0131ndan t\u0259qlid ed\u0259n \u00dczvi E\u015fitm\u0259 f\u0259ls\u0259f\u0259sin\u0259 \u0259saslan\u0131r. ReSound Key \u0259n son Bluetooth Low Energy simsiz texnologiyas\u0131ndan [&hellip;]","og_url":"https:\/\/otomed.az\/product\/resound-key-\u043a\u0435461-drw\/","og_site_name":"Otomed","article_modified_time":"2023-08-08T13:06:19+00:00","og_image":[{"width":800,"height":600,"url":"https:\/\/otomed.az\/wp-content\/uploads\/2023\/08\/71bfz3rm0ttukl80pbjrobz5f64zc58z.jpg","type":"image\/jpeg"}],"twitter_card":"summary_large_image","twitter_misc":{"\u041f\u0440\u0438\u043c\u0435\u0440\u043d\u043e\u0435 \u0432\u0440\u0435\u043c\u044f \u0434\u043b\u044f \u0447\u0442\u0435\u043d\u0438\u044f":"2 \u043c\u0438\u043d\u0443\u0442\u044b"},"schema":{"@context":"https:\/\/schema.org","@graph":[{"@type":"WebPage","@id":"https:\/\/otomed.az\/product\/resound-key-%d0%ba%d0%b5461-drw\/","url":"https:\/\/otomed.az\/product\/resound-key-%d0%ba%d0%b5461-drw\/","name":"ReSound Key \u041a\u0415461-DRW - Otomed","isPartOf":{"@id":"https:\/\/otomed.az\/#website"},"datePublished":"2023-08-08T13:05:17+00:00","dateModified":"2023-08-08T13:06:19+00:00","breadcrumb":{"@id":"https:\/\/otomed.az\/product\/resound-key-%d0%ba%d0%b5461-drw\/#breadcrumb"},"inLanguage":"ru-RU","potentialAction":[{"@type":"ReadAction","target":["https:\/\/otomed.az\/product\/resound-key-%d0%ba%d0%b5461-drw\/"]}]},{"@type":"BreadcrumbList","@id":"https:\/\/otomed.az\/product\/resound-key-%d0%ba%d0%b5461-drw\/#breadcrumb","itemListElement":[{"@type":"ListItem","position":1,"name":"\u0413\u043b\u0430\u0432\u043d\u0430\u044f \u0441\u0442\u0440\u0430\u043d\u0438\u0446\u0430","item":"https:\/\/otomed.az\/ru\/"},{"@type":"ListItem","position":2,"name":"Products","item":"https:\/\/otomed.az\/shop\/"},{"@type":"ListItem","position":3,"name":"ReSound Key \u041a\u0415461-DRW"}]},{"@type":"WebSite","@id":"https:\/\/otomed.az\/#website","url":"https:\/\/otomed.az\/","name":"Otomed","description":"","publisher":{"@id":"https:\/\/otomed.az\/#organization"},"potentialAction":[{"@type":"SearchAction","target":{"@type":"EntryPoint","urlTemplate":"https:\/\/otomed.az\/?s={search_term_string}"},"query-input":"required name=search_term_string"}],"inLanguage":"ru-RU"},{"@type":"Organization","@id":"https:\/\/otomed.az\/#organization","name":"Otomed","url":"https:\/\/otomed.az\/","logo":{"@type":"ImageObject","inLanguage":"ru-RU","@id":"https:\/\/otomed.az\/#\/schema\/logo\/image\/","url":"https:\/\/otomed.az\/wp-content\/uploads\/2022\/12\/logo.png","contentUrl":"https:\/\/otomed.az\/wp-content\/uploads\/2022\/12\/logo.png","width":1340,"height":300,"caption":"Otomed"},"image":{"@id":"https:\/\/otomed.az\/#\/schema\/logo\/image\/"}}]}},"_links":{"self":[{"href":"https:\/\/otomed.az\/ru\/wp-json\/wp\/v2\/product\/1380"}],"collection":[{"href":"https:\/\/otomed.az\/ru\/wp-json\/wp\/v2\/product"}],"about":[{"href":"https:\/\/otomed.az\/ru\/wp-json\/wp\/v2\/types\/product"}],"replies":[{"embeddable":true,"href":"https:\/\/otomed.az\/ru\/wp-json\/wp\/v2\/comments?post=1380"}],"wp:featuredmedia":[{"embeddable":true,"href":"https:\/\/otomed.az\/ru\/wp-json\/wp\/v2\/media\/1381"}],"wp:attachment":[{"href":"https:\/\/otomed.az\/ru\/wp-json\/wp\/v2\/media?parent=1380"}],"wp:term":[{"taxonomy":"product_cat","embeddable":true,"href":"https:\/\/otomed.az\/ru\/wp-json\/wp\/v2\/product_cat?post=1380"},{"taxonomy":"product_tag","embeddable":true,"href":"https:\/\/otomed.az\/ru\/wp-json\/wp\/v2\/product_tag?post=1380"}],"curies":[{"name":"wp","href":"https:\/\/api.w.org\/{rel}","templated":true}]}}