{"id":1388,"date":"2023-08-08T16:36:54","date_gmt":"2023-08-08T13:36:54","guid":{"rendered":"https:\/\/otomed.az\/?post_type=product&#038;p=1388"},"modified":"2023-08-08T16:36:54","modified_gmt":"2023-08-08T13:36:54","slug":"resound-linx2-ls762-drw","status":"publish","type":"product","link":"https:\/\/otomed.az\/ru\/product\/resound-linx2-ls762-drw\/","title":{"rendered":"ReSound LiNX2 (LS762-DRW)"},"content":{"rendered":"<p>ReSound LiNX2 d\u00fcnyan\u0131n ilk Made for iPhone e\u015fitm\u0259 cihaz\u0131 olan ReSound LiNX\u2122-d\u0259n inki\u015faf ed\u0259n ikinci n\u0259sil a\u011f\u0131ll\u0131 e\u015fitm\u0259 cihazlar\u0131d\u0131r. ReSound LiNX2 e\u015fitm\u0259 itkisind\u0259n v\u0259 ya h\u0259yat t\u0259rzind\u0259n as\u0131l\u0131 olmayaraq b\u00fct\u00fcn x\u0259st\u0259l\u0259riniz \u00fc\u00e7\u00fcn a\u011f\u0131ll\u0131 e\u015fitm\u0259 imkan\u0131n\u0131 yaradan t\u0259kmill\u0259\u015fdirm\u0259l\u0259r t\u0259klif ed\u0259r\u0259k ReSound LiNX-in 2,4 GHz simsiz texnologiyas\u0131n\u0131 n\u00f6vb\u0259ti s\u0259viyy\u0259y\u0259 qald\u0131r\u0131r. ReSound LiNX2 d\u00fcnyan\u0131n ilk tam a\u011f\u0131ll\u0131 e\u015fitm\u0259 cihazlar\u0131 ail\u0259sidir. ReSound LiNX2 e\u015fitm\u0259 cihaz\u0131 modell\u0259rinin tam ail\u0259si kimi m\u00f6vcud oldu\u011fundan, v\u0259ziyy\u0259td\u0259n as\u0131l\u0131 olmayaraq x\u0259st\u0259l\u0259rinizi \u0259n yax\u015f\u0131 e\u015fitm\u0259 h\u0259lli il\u0259 t\u0259chiz etdiyiniz\u0259 \u0259min ola bil\u0259rsiniz. Eyni \u015f\u0259kild\u0259, x\u0259st\u0259l\u0259riniz rahat, lakin davaml\u0131 dizaynda y\u00fcks\u0259k s\u0259s keyfiyy\u0259ti v\u0259 a\u011f\u0131ll\u0131 simsiz \u0259laq\u0259y\u0259 g\u0259ldikd\u0259 \u0259n yax\u015f\u0131s\u0131n\u0131 ya\u015fad\u0131qlar\u0131n\u0131 bilm\u0259kd\u0259n m\u0259mnun olacaqlar. X\u0259st\u0259l\u0259riniz art\u0131q e\u015fitm\u0259 cihazlar\u0131na uy\u011funla\u015fma\u011fa m\u0259cbur deyil. Bunun \u0259v\u0259zin\u0259 ReSound LiNX2 onlar\u0131n h\u0259yat t\u0259rzin\u0259 uy\u011funla\u015facaq. ReSound LiNX2 a\u011f\u0131ll\u0131 e\u015fitm\u0259 sah\u0259sind\u0259 yeni meyard\u0131r. ReSound LiNX2 audiologiyas\u0131n\u0131n, dizayn\u0131n\u0131n, simsiz qo\u015fulmas\u0131n\u0131n v\u0259 t\u0259tbiql\u0259rinin b\u00fct\u00fcn aspektl\u0259rind\u0259 x\u0259st\u0259l\u0259riniz\u0259 v\u0259 onlar\u0131n h\u0259yat t\u0259rzl\u0259rin\u0259 uy\u011funla\u015facaq q\u0259d\u0259r a\u011f\u0131ll\u0131 texnologiyalardan istifad\u0259 edir.<\/p>\n<p>ReSound LiNX2-d\u0259 m\u00f6vcud olan \u0259n yeni x\u00fcsusiyy\u0259tl\u0259r x\u0259st\u0259l\u0259riniz\u0259 fayda ver\u0259c\u0259k:<\/p>\n<ul>\n<li><strong>Binaural Directionality\u2122<\/strong> &#8212; X\u0259st\u0259l\u0259riniz m\u00fcr\u0259kk\u0259b dinl\u0259m\u0259 m\u00fchitl\u0259rind\u0259 bel\u0259 h\u0259r s\u00f6z\u00fcn ard\u0131nca asanl\u0131qla s\u00f6hb\u0259t ed\u0259 bil\u0259rl\u0259r. \u018ftraf m\u00fchitin t\u0259kmill\u0259\u015fdirilmi\u015f a\u015fkarlanmas\u0131 il\u0259 x\u0259st\u0259l\u0259riniz h\u0259tta s\u0259s-k\u00fcyl\u00fc v\u0259ziyy\u0259tl\u0259rd\u0259 bel\u0259 \u0259traflar\u0131nda ba\u015f ver\u0259nl\u0259ri hiss ed\u0259r\u0259k \u0259n \u00e7ox maraqland\u0131qlar\u0131 s\u0259sl\u0259r\u0259 daha yax\u015f\u0131 diqq\u0259t yetir\u0259 bil\u0259c\u0259kl\u0259r.<\/li>\n<li><strong>Spatial Sense\u2122-<\/strong>Pasientl\u0259riniz arxadan v\u0259 ya yan\u0131ndan g\u0259l\u0259n s\u0259sl\u0259ri t\u0259r\u0259dd\u00fcd etm\u0259d\u0259n m\u00fc\u0259yy\u0259n ed\u0259 bil\u0259c\u0259kl\u0259r v\u0259 \u0259trafdak\u0131lar\u0131n daha t\u0259bii hissini t\u0259min ed\u0259c\u0259kl\u0259r. S\u0259sl\u0259rin haradan g\u0259ldiyini a\u015fkar etm\u0259k \u00fc\u00e7\u00fcn x\u0259st\u0259l\u0259rinizin t\u0259bii qabiliyy\u0259tini d\u0259st\u0259kl\u0259y\u0259n bu x\u00fcsusiyy\u0259t, m\u00fcmk\u00fcn olan \u0259n y\u00fcks\u0259k s\u0259s keyfiyy\u0259tini t\u0259min ed\u0259n ba\u015f v\u0259 xarici qulaq blokunun v\u0259 m\u00fcxt\u0259lif bucaqlardan qulaq na\u011faras\u0131na g\u0259l\u0259n kanal s\u0259sl\u0259rinin t\u0259qlidini h\u0259yata ke\u00e7irir.<\/li>\n<li>iPhone\u00ae \u00fc\u00e7\u00fcn haz\u0131rlanm\u0131\u015fd\u0131r<\/li>\n<\/ul>\n<p>X\u0259st\u0259l\u0259riniz z\u0259ng ed\u0259 v\u0259 ya iPhone, iPad v\u0259 ya iPod touch-dan sevimli musiqil\u0259rini, audiokitablar\u0131n\u0131 v\u0259 ya podkastlar\u0131n\u0131 vasit\u0259\u00e7i cihazdan istifad\u0259 etm\u0259d\u0259n yay\u0131mlaya bil\u0259r.<\/p>\n<ul>\n<li><strong>Tinnitus Sound Generator<\/strong>: Tinnitusdan \u0259ziyy\u0259t \u00e7\u0259k\u0259n x\u0259st\u0259l\u0259r \u0259vv\u0259lc\u0259d\u0259n qura\u015fd\u0131r\u0131lm\u0131\u015f sakitl\u0259\u015fdirici fon s\u0259sl\u0259rinin geni\u015f spektrind\u0259n rahatl\u0131q tapacaqlar v\u0259 yeni s\u0259sl\u0259r y\u00fckl\u0259m\u0259kl\u0259 terapiyalar\u0131n\u0131 daha da f\u0259rdil\u0259\u015fdirm\u0259k imkan\u0131 tapacaqlar.<\/li>\n<li><strong>SureFit<\/strong> nazik borular, q\u0259buledicil\u0259r v\u0259 q\u00fcbb\u0259l\u0259r: \u018fla s\u0259s keyfiyy\u0259ti v\u0259 rahatl\u0131q indi x\u0259st\u0259l\u0259riniz \u00fc\u00e7\u00fcn \u0259l-\u0259l\u0259 verir.<\/li>\n<li>Yeni v\u0259 qabaqc\u0131l dizaynlar: Davaml\u0131 v\u0259 istifad\u0259si sad\u0259 olan ReSound LiNX2 indi m\u00f6vcud ReSound LiNX modell\u0259rin\u0259 t\u0259kmill\u0259\u015fdirm\u0259l\u0259r v\u0259 b\u00fct\u00fcn x\u0259st\u0259l\u0259rinizin ehtiyaclar\u0131n\u0131 \u00f6d\u0259m\u0259k \u00fc\u00e7\u00fcn yeni modell\u0259r t\u0259klif edir.<\/li>\n<\/ul>\n<p>\u018fn t\u0259bii e\u015fitm\u0259 t\u0259cr\u00fcb\u0259si axtar\u0131\u015f\u0131m\u0131zda n\u00f6vb\u0259ti add\u0131m olan ReSound\u2122 t\u0259r\u0259find\u0259n Surround Sound proqram\u0131n\u0131n \u0259n son versiyas\u0131n\u0131 x\u0259st\u0259l\u0259riniz\u0259 ya\u015fama\u011fa icaz\u0259 verin.<\/p>\n<ul>\n<li>S\u0259sl\u0259rin haradan g\u0259ldiyini ayd\u0131n hiss edin &#8212; yeni Spatial Sense il\u0259<\/li>\n<li>S\u0259s-k\u00fcyd\u0259 nitqi asanl\u0131qla anlay\u0131n yeni Binaural \u0130stiqam\u0259t II- il\u0259<\/li>\n<li>T\u0259cr\u00fcb\u0259li e\u015fitm\u0259 cihaz\u0131 istifad\u0259\u00e7il\u0259ri t\u0259r\u0259find\u0259n y\u00fcks\u0259k reytinq qazanan s\u0259s keyfiyy\u0259tind\u0259n h\u0259zz al\u0131n<\/li>\n<\/ul>\n<p>\u00c7ox t\u0259mkinli v\u0259 rahat olan m\u00fcasir, davaml\u0131 dizaynlardan ibar\u0259t geni\u015f ail\u0259d\u0259n se\u00e7in, x\u0259st\u0259l\u0259riniz v\u0259 onlar\u0131n \u0259traf\u0131ndak\u0131lar e\u015fitm\u0259 cihazlar\u0131 taxd\u0131qlar\u0131n\u0131 unudacaqlar.<\/p>\n<p>Pasientl\u0259riniz stereo s\u0259si birba\u015fa iPhone, iPad v\u0259 ya iPod touch-dan yay\u0131mlaya bil\u0259r. Onlar h\u0259m\u00e7inin filml\u0259rd\u0259n, musiqil\u0259rd\u0259n h\u0259zz ala, telefon v\u0259 ya video z\u0259ngl\u0259r ed\u0259 v\u0259 h\u0259tta tan\u0131mad\u0131\u011f\u0131 \u015f\u0259h\u0259r \u0259traf\u0131nda ayd\u0131n istiqam\u0259tl\u0259r ala bil\u0259rl\u0259r.<\/p>\n<ul>\n<li>Stereo s\u0259si birba\u015fa ReSound LiNX2 e\u015fitm\u0259 cihazlar\u0131na \u00f6t\u00fcrm\u0259k \u00fc\u00e7\u00fcn iPhone, iPad v\u0259 ya iPod touch-dan istifad\u0259 edin<\/li>\n<li>ReSound Unite\u2122 PhoneClip+ il\u0259 ist\u0259nil\u0259n Bluetooth funksiyal\u0131 telefondan stereo s\u0259s yay\u0131mlay\u0131n<\/li>\n<li>ReSound Unite TV Streamer 2-d\u0259n istifad\u0259 ed\u0259r\u0259k TV-y\u0259 stereo rejimd\u0259 bax\u0131n<\/li>\n<\/ul>\n","protected":false},"excerpt":{"rendered":"<p>ReSound LiNX2 d\u00fcnyan\u0131n ilk Made for iPhone e\u015fitm\u0259 cihaz\u0131 olan ReSound LiNX\u2122-d\u0259n inki\u015faf ed\u0259n ikinci n\u0259sil a\u011f\u0131ll\u0131 e\u015fitm\u0259 cihazlar\u0131d\u0131r. ReSound LiNX2 e\u015fitm\u0259 itkisind\u0259n v\u0259 ya h\u0259yat t\u0259rzind\u0259n as\u0131l\u0131 olmayaraq b\u00fct\u00fcn x\u0259st\u0259l\u0259riniz \u00fc\u00e7\u00fcn a\u011f\u0131ll\u0131 e\u015fitm\u0259 imkan\u0131n\u0131 yaradan t\u0259kmill\u0259\u015fdirm\u0259l\u0259r t\u0259klif ed\u0259r\u0259k ReSound LiNX-in 2,4 GHz simsiz texnologiyas\u0131n\u0131 n\u00f6vb\u0259ti s\u0259viyy\u0259y\u0259 qald\u0131r\u0131r. ReSound LiNX2 d\u00fcnyan\u0131n ilk tam a\u011f\u0131ll\u0131 e\u015fitm\u0259 [&hellip;]<\/p>\n","protected":false},"featured_media":1389,"comment_status":"open","ping_status":"closed","template":"","meta":{"_joinchat":[]},"product_cat":[51],"product_tag":[],"yoast_head":"<!-- This site is optimized with the Yoast SEO plugin v21.1 - https:\/\/yoast.com\/wordpress\/plugins\/seo\/ -->\n<title>ReSound LiNX2 (LS762-DRW) - Otomed<\/title>\n<meta name=\"robots\" content=\"index, follow, max-snippet:-1, max-image-preview:large, max-video-preview:-1\" \/>\n<link rel=\"canonical\" href=\"https:\/\/otomed.az\/product\/resound-linx2-ls762-drw\/\" \/>\n<meta property=\"og:locale\" content=\"ru_RU\" \/>\n<meta property=\"og:type\" content=\"article\" \/>\n<meta property=\"og:title\" content=\"ReSound LiNX2 (LS762-DRW) - Otomed\" \/>\n<meta property=\"og:description\" content=\"ReSound LiNX2 d\u00fcnyan\u0131n ilk Made for iPhone e\u015fitm\u0259 cihaz\u0131 olan ReSound LiNX\u2122-d\u0259n inki\u015faf ed\u0259n ikinci n\u0259sil a\u011f\u0131ll\u0131 e\u015fitm\u0259 cihazlar\u0131d\u0131r. ReSound LiNX2 e\u015fitm\u0259 itkisind\u0259n v\u0259 ya h\u0259yat t\u0259rzind\u0259n as\u0131l\u0131 olmayaraq b\u00fct\u00fcn x\u0259st\u0259l\u0259riniz \u00fc\u00e7\u00fcn a\u011f\u0131ll\u0131 e\u015fitm\u0259 imkan\u0131n\u0131 yaradan t\u0259kmill\u0259\u015fdirm\u0259l\u0259r t\u0259klif ed\u0259r\u0259k ReSound LiNX-in 2,4 GHz simsiz texnologiyas\u0131n\u0131 n\u00f6vb\u0259ti s\u0259viyy\u0259y\u0259 qald\u0131r\u0131r. ReSound LiNX2 d\u00fcnyan\u0131n ilk tam a\u011f\u0131ll\u0131 e\u015fitm\u0259 [&hellip;]\" \/>\n<meta property=\"og:url\" content=\"https:\/\/otomed.az\/product\/resound-linx2-ls762-drw\/\" \/>\n<meta property=\"og:site_name\" content=\"Otomed\" \/>\n<meta property=\"og:image\" content=\"https:\/\/otomed.az\/wp-content\/uploads\/2023\/08\/lix.jpg\" \/>\n\t<meta property=\"og:image:width\" content=\"2422\" \/>\n\t<meta property=\"og:image:height\" content=\"2000\" \/>\n\t<meta property=\"og:image:type\" content=\"image\/jpeg\" \/>\n<meta name=\"twitter:card\" content=\"summary_large_image\" \/>\n<meta name=\"twitter:label1\" content=\"\u041f\u0440\u0438\u043c\u0435\u0440\u043d\u043e\u0435 \u0432\u0440\u0435\u043c\u044f \u0434\u043b\u044f \u0447\u0442\u0435\u043d\u0438\u044f\" \/>\n\t<meta name=\"twitter:data1\" content=\"4 \u043c\u0438\u043d\u0443\u0442\u044b\" \/>\n<script type=\"application\/ld+json\" class=\"yoast-schema-graph\">{\"@context\":\"https:\/\/schema.org\",\"@graph\":[{\"@type\":\"WebPage\",\"@id\":\"https:\/\/otomed.az\/product\/resound-linx2-ls762-drw\/\",\"url\":\"https:\/\/otomed.az\/product\/resound-linx2-ls762-drw\/\",\"name\":\"ReSound LiNX2 (LS762-DRW) - Otomed\",\"isPartOf\":{\"@id\":\"https:\/\/otomed.az\/#website\"},\"datePublished\":\"2023-08-08T13:36:54+00:00\",\"dateModified\":\"2023-08-08T13:36:54+00:00\",\"breadcrumb\":{\"@id\":\"https:\/\/otomed.az\/product\/resound-linx2-ls762-drw\/#breadcrumb\"},\"inLanguage\":\"ru-RU\",\"potentialAction\":[{\"@type\":\"ReadAction\",\"target\":[\"https:\/\/otomed.az\/product\/resound-linx2-ls762-drw\/\"]}]},{\"@type\":\"BreadcrumbList\",\"@id\":\"https:\/\/otomed.az\/product\/resound-linx2-ls762-drw\/#breadcrumb\",\"itemListElement\":[{\"@type\":\"ListItem\",\"position\":1,\"name\":\"\u0413\u043b\u0430\u0432\u043d\u0430\u044f \u0441\u0442\u0440\u0430\u043d\u0438\u0446\u0430\",\"item\":\"https:\/\/otomed.az\/ru\/\"},{\"@type\":\"ListItem\",\"position\":2,\"name\":\"Products\",\"item\":\"https:\/\/otomed.az\/shop\/\"},{\"@type\":\"ListItem\",\"position\":3,\"name\":\"ReSound LiNX2 (LS762-DRW)\"}]},{\"@type\":\"WebSite\",\"@id\":\"https:\/\/otomed.az\/#website\",\"url\":\"https:\/\/otomed.az\/\",\"name\":\"Otomed\",\"description\":\"\",\"publisher\":{\"@id\":\"https:\/\/otomed.az\/#organization\"},\"potentialAction\":[{\"@type\":\"SearchAction\",\"target\":{\"@type\":\"EntryPoint\",\"urlTemplate\":\"https:\/\/otomed.az\/?s={search_term_string}\"},\"query-input\":\"required name=search_term_string\"}],\"inLanguage\":\"ru-RU\"},{\"@type\":\"Organization\",\"@id\":\"https:\/\/otomed.az\/#organization\",\"name\":\"Otomed\",\"url\":\"https:\/\/otomed.az\/\",\"logo\":{\"@type\":\"ImageObject\",\"inLanguage\":\"ru-RU\",\"@id\":\"https:\/\/otomed.az\/#\/schema\/logo\/image\/\",\"url\":\"https:\/\/otomed.az\/wp-content\/uploads\/2022\/12\/logo.png\",\"contentUrl\":\"https:\/\/otomed.az\/wp-content\/uploads\/2022\/12\/logo.png\",\"width\":1340,\"height\":300,\"caption\":\"Otomed\"},\"image\":{\"@id\":\"https:\/\/otomed.az\/#\/schema\/logo\/image\/\"}}]}<\/script>\n<!-- \/ Yoast SEO plugin. -->","yoast_head_json":{"title":"ReSound LiNX2 (LS762-DRW) - Otomed","robots":{"index":"index","follow":"follow","max-snippet":"max-snippet:-1","max-image-preview":"max-image-preview:large","max-video-preview":"max-video-preview:-1"},"canonical":"https:\/\/otomed.az\/product\/resound-linx2-ls762-drw\/","og_locale":"ru_RU","og_type":"article","og_title":"ReSound LiNX2 (LS762-DRW) - Otomed","og_description":"ReSound LiNX2 d\u00fcnyan\u0131n ilk Made for iPhone e\u015fitm\u0259 cihaz\u0131 olan ReSound LiNX\u2122-d\u0259n inki\u015faf ed\u0259n ikinci n\u0259sil a\u011f\u0131ll\u0131 e\u015fitm\u0259 cihazlar\u0131d\u0131r. ReSound LiNX2 e\u015fitm\u0259 itkisind\u0259n v\u0259 ya h\u0259yat t\u0259rzind\u0259n as\u0131l\u0131 olmayaraq b\u00fct\u00fcn x\u0259st\u0259l\u0259riniz \u00fc\u00e7\u00fcn a\u011f\u0131ll\u0131 e\u015fitm\u0259 imkan\u0131n\u0131 yaradan t\u0259kmill\u0259\u015fdirm\u0259l\u0259r t\u0259klif ed\u0259r\u0259k ReSound LiNX-in 2,4 GHz simsiz texnologiyas\u0131n\u0131 n\u00f6vb\u0259ti s\u0259viyy\u0259y\u0259 qald\u0131r\u0131r. ReSound LiNX2 d\u00fcnyan\u0131n ilk tam a\u011f\u0131ll\u0131 e\u015fitm\u0259 [&hellip;]","og_url":"https:\/\/otomed.az\/product\/resound-linx2-ls762-drw\/","og_site_name":"Otomed","og_image":[{"width":2422,"height":2000,"url":"https:\/\/otomed.az\/wp-content\/uploads\/2023\/08\/lix.jpg","type":"image\/jpeg"}],"twitter_card":"summary_large_image","twitter_misc":{"\u041f\u0440\u0438\u043c\u0435\u0440\u043d\u043e\u0435 \u0432\u0440\u0435\u043c\u044f \u0434\u043b\u044f \u0447\u0442\u0435\u043d\u0438\u044f":"4 \u043c\u0438\u043d\u0443\u0442\u044b"},"schema":{"@context":"https:\/\/schema.org","@graph":[{"@type":"WebPage","@id":"https:\/\/otomed.az\/product\/resound-linx2-ls762-drw\/","url":"https:\/\/otomed.az\/product\/resound-linx2-ls762-drw\/","name":"ReSound LiNX2 (LS762-DRW) - Otomed","isPartOf":{"@id":"https:\/\/otomed.az\/#website"},"datePublished":"2023-08-08T13:36:54+00:00","dateModified":"2023-08-08T13:36:54+00:00","breadcrumb":{"@id":"https:\/\/otomed.az\/product\/resound-linx2-ls762-drw\/#breadcrumb"},"inLanguage":"ru-RU","potentialAction":[{"@type":"ReadAction","target":["https:\/\/otomed.az\/product\/resound-linx2-ls762-drw\/"]}]},{"@type":"BreadcrumbList","@id":"https:\/\/otomed.az\/product\/resound-linx2-ls762-drw\/#breadcrumb","itemListElement":[{"@type":"ListItem","position":1,"name":"\u0413\u043b\u0430\u0432\u043d\u0430\u044f \u0441\u0442\u0440\u0430\u043d\u0438\u0446\u0430","item":"https:\/\/otomed.az\/ru\/"},{"@type":"ListItem","position":2,"name":"Products","item":"https:\/\/otomed.az\/shop\/"},{"@type":"ListItem","position":3,"name":"ReSound LiNX2 (LS762-DRW)"}]},{"@type":"WebSite","@id":"https:\/\/otomed.az\/#website","url":"https:\/\/otomed.az\/","name":"Otomed","description":"","publisher":{"@id":"https:\/\/otomed.az\/#organization"},"potentialAction":[{"@type":"SearchAction","target":{"@type":"EntryPoint","urlTemplate":"https:\/\/otomed.az\/?s={search_term_string}"},"query-input":"required name=search_term_string"}],"inLanguage":"ru-RU"},{"@type":"Organization","@id":"https:\/\/otomed.az\/#organization","name":"Otomed","url":"https:\/\/otomed.az\/","logo":{"@type":"ImageObject","inLanguage":"ru-RU","@id":"https:\/\/otomed.az\/#\/schema\/logo\/image\/","url":"https:\/\/otomed.az\/wp-content\/uploads\/2022\/12\/logo.png","contentUrl":"https:\/\/otomed.az\/wp-content\/uploads\/2022\/12\/logo.png","width":1340,"height":300,"caption":"Otomed"},"image":{"@id":"https:\/\/otomed.az\/#\/schema\/logo\/image\/"}}]}},"_links":{"self":[{"href":"https:\/\/otomed.az\/ru\/wp-json\/wp\/v2\/product\/1388"}],"collection":[{"href":"https:\/\/otomed.az\/ru\/wp-json\/wp\/v2\/product"}],"about":[{"href":"https:\/\/otomed.az\/ru\/wp-json\/wp\/v2\/types\/product"}],"replies":[{"embeddable":true,"href":"https:\/\/otomed.az\/ru\/wp-json\/wp\/v2\/comments?post=1388"}],"wp:featuredmedia":[{"embeddable":true,"href":"https:\/\/otomed.az\/ru\/wp-json\/wp\/v2\/media\/1389"}],"wp:attachment":[{"href":"https:\/\/otomed.az\/ru\/wp-json\/wp\/v2\/media?parent=1388"}],"wp:term":[{"taxonomy":"product_cat","embeddable":true,"href":"https:\/\/otomed.az\/ru\/wp-json\/wp\/v2\/product_cat?post=1388"},{"taxonomy":"product_tag","embeddable":true,"href":"https:\/\/otomed.az\/ru\/wp-json\/wp\/v2\/product_tag?post=1388"}],"curies":[{"name":"wp","href":"https:\/\/api.w.org\/{rel}","templated":true}]}}