{"id":1396,"date":"2023-08-08T16:53:29","date_gmt":"2023-08-08T13:53:29","guid":{"rendered":"https:\/\/otomed.az\/?post_type=product&#038;p=1396"},"modified":"2023-08-08T16:53:30","modified_gmt":"2023-08-08T13:53:30","slug":"resound-key-ke377-dw","status":"publish","type":"product","link":"https:\/\/otomed.az\/ru\/product\/resound-key-ke377-dw\/","title":{"rendered":"ReSound Key KE377-DW"},"content":{"rendered":"<p>Aksesuarlara simsiz qo\u015fulma imkan\u0131 il\u0259 birba\u015fa audio \u00f6t\u00fcr\u00fclm\u0259si il\u0259 daxili Bluetooth\u00a0 il\u0259 standart qulaq arxas\u0131 modeli.<\/p>\n<p><strong>\u018fsas x\u00fcsusiyy\u0259tl\u0259r:<\/strong><\/p>\n<p><strong>M\u0259kan qavray\u0131\u015f\u0131<\/strong><\/p>\n<p>M\u0259kan e\u015fitm\u0259 \u00fc\u00e7\u00fcn beyni real akustik m\u0259lumatla t\u0259min etm\u0259k \u00fc\u00e7\u00fcn Pinna Rekonstruksiya v\u0259 Interaural Level Difference alqoritml\u0259rinin birl\u0259\u015fm\u0259si.<\/p>\n<p>\u0130stifad\u0259\u00e7i s\u0259sin istiqam\u0259tini t\u0259yin ed\u0259 bil\u0259r, bel\u0259likl\u0259, \u0259traf m\u00fchiti m\u00fcmk\u00fcn olan \u0259n y\u00fcks\u0259k s\u0259s keyfiyy\u0259ti il\u0259 daha t\u0259bii q\u0259bul edir.<\/p>\n<p><strong>Binaural Orientasiya III<\/strong><\/p>\n<p>\u0130ki e\u015fitm\u0259 cihaz\u0131 aras\u0131nda \u0259traf m\u00fchitl\u0259 ba\u011fl\u0131 m\u0259lumatlar\u0131n davaml\u0131 m\u00fcbadil\u0259si ist\u0259nil\u0259n v\u0259ziyy\u0259td\u0259 q\u0259buletm\u0259 sxeml\u0259rini v\u0259 mikrofon parametrl\u0259rini optimalla\u015fd\u0131rma\u011fa imkan verir.<\/p>\n<p>\u0130stifad\u0259\u00e7i \u0259trafda ba\u015f ver\u0259nl\u0259rl\u0259 \u0259laq\u0259ni k\u0259sm\u0259d\u0259n diqq\u0259tini onun \u00fc\u00e7\u00fcn vacib olan s\u0259sl\u0259r\u0259 c\u0259ml\u0259y\u0259 bil\u0259r.<\/p>\n","protected":false},"excerpt":{"rendered":"<p>Aksesuarlara simsiz qo\u015fulma imkan\u0131 il\u0259 birba\u015fa audio \u00f6t\u00fcr\u00fclm\u0259si il\u0259 daxili Bluetooth\u00a0 il\u0259 standart qulaq arxas\u0131 modeli. \u018fsas x\u00fcsusiyy\u0259tl\u0259r: M\u0259kan qavray\u0131\u015f\u0131 M\u0259kan e\u015fitm\u0259 \u00fc\u00e7\u00fcn beyni real akustik m\u0259lumatla t\u0259min etm\u0259k \u00fc\u00e7\u00fcn Pinna Rekonstruksiya v\u0259 Interaural Level Difference alqoritml\u0259rinin birl\u0259\u015fm\u0259si. \u0130stifad\u0259\u00e7i s\u0259sin istiqam\u0259tini t\u0259yin ed\u0259 bil\u0259r, bel\u0259likl\u0259, \u0259traf m\u00fchiti m\u00fcmk\u00fcn olan \u0259n y\u00fcks\u0259k s\u0259s keyfiyy\u0259ti il\u0259 daha [&hellip;]<\/p>\n","protected":false},"featured_media":1397,"comment_status":"open","ping_status":"closed","template":"","meta":{"_joinchat":[]},"product_cat":[51],"product_tag":[],"yoast_head":"<!-- This site is optimized with the Yoast SEO plugin v21.1 - https:\/\/yoast.com\/wordpress\/plugins\/seo\/ -->\n<title>ReSound Key KE377-DW - Otomed<\/title>\n<meta name=\"robots\" content=\"index, follow, max-snippet:-1, max-image-preview:large, max-video-preview:-1\" \/>\n<link rel=\"canonical\" href=\"https:\/\/otomed.az\/product\/resound-key-ke377-dw\/\" \/>\n<meta property=\"og:locale\" content=\"ru_RU\" \/>\n<meta property=\"og:type\" content=\"article\" \/>\n<meta property=\"og:title\" content=\"ReSound Key KE377-DW - Otomed\" \/>\n<meta property=\"og:description\" content=\"Aksesuarlara simsiz qo\u015fulma imkan\u0131 il\u0259 birba\u015fa audio \u00f6t\u00fcr\u00fclm\u0259si il\u0259 daxili Bluetooth\u00a0 il\u0259 standart qulaq arxas\u0131 modeli. \u018fsas x\u00fcsusiyy\u0259tl\u0259r: M\u0259kan qavray\u0131\u015f\u0131 M\u0259kan e\u015fitm\u0259 \u00fc\u00e7\u00fcn beyni real akustik m\u0259lumatla t\u0259min etm\u0259k \u00fc\u00e7\u00fcn Pinna Rekonstruksiya v\u0259 Interaural Level Difference alqoritml\u0259rinin birl\u0259\u015fm\u0259si. \u0130stifad\u0259\u00e7i s\u0259sin istiqam\u0259tini t\u0259yin ed\u0259 bil\u0259r, bel\u0259likl\u0259, \u0259traf m\u00fchiti m\u00fcmk\u00fcn olan \u0259n y\u00fcks\u0259k s\u0259s keyfiyy\u0259ti il\u0259 daha [&hellip;]\" \/>\n<meta property=\"og:url\" content=\"https:\/\/otomed.az\/product\/resound-key-ke377-dw\/\" \/>\n<meta property=\"og:site_name\" content=\"Otomed\" \/>\n<meta property=\"article:modified_time\" content=\"2023-08-08T13:53:30+00:00\" \/>\n<meta property=\"og:image\" content=\"https:\/\/otomed.az\/wp-content\/uploads\/2023\/08\/fff.jpg\" \/>\n\t<meta property=\"og:image:width\" content=\"800\" \/>\n\t<meta property=\"og:image:height\" content=\"800\" \/>\n\t<meta property=\"og:image:type\" content=\"image\/jpeg\" \/>\n<meta name=\"twitter:card\" content=\"summary_large_image\" \/>\n<meta name=\"twitter:label1\" content=\"\u041f\u0440\u0438\u043c\u0435\u0440\u043d\u043e\u0435 \u0432\u0440\u0435\u043c\u044f \u0434\u043b\u044f \u0447\u0442\u0435\u043d\u0438\u044f\" \/>\n\t<meta name=\"twitter:data1\" content=\"1 \u043c\u0438\u043d\u0443\u0442\u0430\" \/>\n<script type=\"application\/ld+json\" class=\"yoast-schema-graph\">{\"@context\":\"https:\/\/schema.org\",\"@graph\":[{\"@type\":\"WebPage\",\"@id\":\"https:\/\/otomed.az\/product\/resound-key-ke377-dw\/\",\"url\":\"https:\/\/otomed.az\/product\/resound-key-ke377-dw\/\",\"name\":\"ReSound Key KE377-DW - Otomed\",\"isPartOf\":{\"@id\":\"https:\/\/otomed.az\/#website\"},\"datePublished\":\"2023-08-08T13:53:29+00:00\",\"dateModified\":\"2023-08-08T13:53:30+00:00\",\"breadcrumb\":{\"@id\":\"https:\/\/otomed.az\/product\/resound-key-ke377-dw\/#breadcrumb\"},\"inLanguage\":\"ru-RU\",\"potentialAction\":[{\"@type\":\"ReadAction\",\"target\":[\"https:\/\/otomed.az\/product\/resound-key-ke377-dw\/\"]}]},{\"@type\":\"BreadcrumbList\",\"@id\":\"https:\/\/otomed.az\/product\/resound-key-ke377-dw\/#breadcrumb\",\"itemListElement\":[{\"@type\":\"ListItem\",\"position\":1,\"name\":\"\u0413\u043b\u0430\u0432\u043d\u0430\u044f \u0441\u0442\u0440\u0430\u043d\u0438\u0446\u0430\",\"item\":\"https:\/\/otomed.az\/ru\/\"},{\"@type\":\"ListItem\",\"position\":2,\"name\":\"Products\",\"item\":\"https:\/\/otomed.az\/shop\/\"},{\"@type\":\"ListItem\",\"position\":3,\"name\":\"ReSound Key KE377-DW\"}]},{\"@type\":\"WebSite\",\"@id\":\"https:\/\/otomed.az\/#website\",\"url\":\"https:\/\/otomed.az\/\",\"name\":\"Otomed\",\"description\":\"\",\"publisher\":{\"@id\":\"https:\/\/otomed.az\/#organization\"},\"potentialAction\":[{\"@type\":\"SearchAction\",\"target\":{\"@type\":\"EntryPoint\",\"urlTemplate\":\"https:\/\/otomed.az\/?s={search_term_string}\"},\"query-input\":\"required name=search_term_string\"}],\"inLanguage\":\"ru-RU\"},{\"@type\":\"Organization\",\"@id\":\"https:\/\/otomed.az\/#organization\",\"name\":\"Otomed\",\"url\":\"https:\/\/otomed.az\/\",\"logo\":{\"@type\":\"ImageObject\",\"inLanguage\":\"ru-RU\",\"@id\":\"https:\/\/otomed.az\/#\/schema\/logo\/image\/\",\"url\":\"https:\/\/otomed.az\/wp-content\/uploads\/2022\/12\/logo.png\",\"contentUrl\":\"https:\/\/otomed.az\/wp-content\/uploads\/2022\/12\/logo.png\",\"width\":1340,\"height\":300,\"caption\":\"Otomed\"},\"image\":{\"@id\":\"https:\/\/otomed.az\/#\/schema\/logo\/image\/\"}}]}<\/script>\n<!-- \/ Yoast SEO plugin. -->","yoast_head_json":{"title":"ReSound Key KE377-DW - Otomed","robots":{"index":"index","follow":"follow","max-snippet":"max-snippet:-1","max-image-preview":"max-image-preview:large","max-video-preview":"max-video-preview:-1"},"canonical":"https:\/\/otomed.az\/product\/resound-key-ke377-dw\/","og_locale":"ru_RU","og_type":"article","og_title":"ReSound Key KE377-DW - Otomed","og_description":"Aksesuarlara simsiz qo\u015fulma imkan\u0131 il\u0259 birba\u015fa audio \u00f6t\u00fcr\u00fclm\u0259si il\u0259 daxili Bluetooth\u00a0 il\u0259 standart qulaq arxas\u0131 modeli. \u018fsas x\u00fcsusiyy\u0259tl\u0259r: M\u0259kan qavray\u0131\u015f\u0131 M\u0259kan e\u015fitm\u0259 \u00fc\u00e7\u00fcn beyni real akustik m\u0259lumatla t\u0259min etm\u0259k \u00fc\u00e7\u00fcn Pinna Rekonstruksiya v\u0259 Interaural Level Difference alqoritml\u0259rinin birl\u0259\u015fm\u0259si. \u0130stifad\u0259\u00e7i s\u0259sin istiqam\u0259tini t\u0259yin ed\u0259 bil\u0259r, bel\u0259likl\u0259, \u0259traf m\u00fchiti m\u00fcmk\u00fcn olan \u0259n y\u00fcks\u0259k s\u0259s keyfiyy\u0259ti il\u0259 daha [&hellip;]","og_url":"https:\/\/otomed.az\/product\/resound-key-ke377-dw\/","og_site_name":"Otomed","article_modified_time":"2023-08-08T13:53:30+00:00","og_image":[{"width":800,"height":800,"url":"https:\/\/otomed.az\/wp-content\/uploads\/2023\/08\/fff.jpg","type":"image\/jpeg"}],"twitter_card":"summary_large_image","twitter_misc":{"\u041f\u0440\u0438\u043c\u0435\u0440\u043d\u043e\u0435 \u0432\u0440\u0435\u043c\u044f \u0434\u043b\u044f \u0447\u0442\u0435\u043d\u0438\u044f":"1 \u043c\u0438\u043d\u0443\u0442\u0430"},"schema":{"@context":"https:\/\/schema.org","@graph":[{"@type":"WebPage","@id":"https:\/\/otomed.az\/product\/resound-key-ke377-dw\/","url":"https:\/\/otomed.az\/product\/resound-key-ke377-dw\/","name":"ReSound Key KE377-DW - Otomed","isPartOf":{"@id":"https:\/\/otomed.az\/#website"},"datePublished":"2023-08-08T13:53:29+00:00","dateModified":"2023-08-08T13:53:30+00:00","breadcrumb":{"@id":"https:\/\/otomed.az\/product\/resound-key-ke377-dw\/#breadcrumb"},"inLanguage":"ru-RU","potentialAction":[{"@type":"ReadAction","target":["https:\/\/otomed.az\/product\/resound-key-ke377-dw\/"]}]},{"@type":"BreadcrumbList","@id":"https:\/\/otomed.az\/product\/resound-key-ke377-dw\/#breadcrumb","itemListElement":[{"@type":"ListItem","position":1,"name":"\u0413\u043b\u0430\u0432\u043d\u0430\u044f \u0441\u0442\u0440\u0430\u043d\u0438\u0446\u0430","item":"https:\/\/otomed.az\/ru\/"},{"@type":"ListItem","position":2,"name":"Products","item":"https:\/\/otomed.az\/shop\/"},{"@type":"ListItem","position":3,"name":"ReSound Key KE377-DW"}]},{"@type":"WebSite","@id":"https:\/\/otomed.az\/#website","url":"https:\/\/otomed.az\/","name":"Otomed","description":"","publisher":{"@id":"https:\/\/otomed.az\/#organization"},"potentialAction":[{"@type":"SearchAction","target":{"@type":"EntryPoint","urlTemplate":"https:\/\/otomed.az\/?s={search_term_string}"},"query-input":"required name=search_term_string"}],"inLanguage":"ru-RU"},{"@type":"Organization","@id":"https:\/\/otomed.az\/#organization","name":"Otomed","url":"https:\/\/otomed.az\/","logo":{"@type":"ImageObject","inLanguage":"ru-RU","@id":"https:\/\/otomed.az\/#\/schema\/logo\/image\/","url":"https:\/\/otomed.az\/wp-content\/uploads\/2022\/12\/logo.png","contentUrl":"https:\/\/otomed.az\/wp-content\/uploads\/2022\/12\/logo.png","width":1340,"height":300,"caption":"Otomed"},"image":{"@id":"https:\/\/otomed.az\/#\/schema\/logo\/image\/"}}]}},"_links":{"self":[{"href":"https:\/\/otomed.az\/ru\/wp-json\/wp\/v2\/product\/1396"}],"collection":[{"href":"https:\/\/otomed.az\/ru\/wp-json\/wp\/v2\/product"}],"about":[{"href":"https:\/\/otomed.az\/ru\/wp-json\/wp\/v2\/types\/product"}],"replies":[{"embeddable":true,"href":"https:\/\/otomed.az\/ru\/wp-json\/wp\/v2\/comments?post=1396"}],"wp:featuredmedia":[{"embeddable":true,"href":"https:\/\/otomed.az\/ru\/wp-json\/wp\/v2\/media\/1397"}],"wp:attachment":[{"href":"https:\/\/otomed.az\/ru\/wp-json\/wp\/v2\/media?parent=1396"}],"wp:term":[{"taxonomy":"product_cat","embeddable":true,"href":"https:\/\/otomed.az\/ru\/wp-json\/wp\/v2\/product_cat?post=1396"},{"taxonomy":"product_tag","embeddable":true,"href":"https:\/\/otomed.az\/ru\/wp-json\/wp\/v2\/product_tag?post=1396"}],"curies":[{"name":"wp","href":"https:\/\/api.w.org\/{rel}","templated":true}]}}